{"id":2968,"date":"2020-08-14T15:37:20","date_gmt":"2020-08-14T12:37:20","guid":{"rendered":"https:\/\/www.turkishtranslationoffice.com\/tr\/edebi-tercume-copy\/"},"modified":"2022-02-08T11:19:37","modified_gmt":"2022-02-08T08:19:37","slug":"perakende-tercume","status":"publish","type":"page","link":"https:\/\/www.turkishtranslationoffice.com\/tr\/perakende-tercume\/","title":{"rendered":"Perakende"},"content":{"rendered":"<p>[vc_row equal_height=&#8221;yes&#8221; content_placement=&#8221;top&#8221; bg_type=&#8221;image&#8221; parallax_style=&#8221;vcpb-default&#8221; bg_image_new=&#8221;id^4210|url^https:\/\/www.turkishtranslationoffice.com\/tr\/wp-content\/uploads\/2020\/09\/perakende.jpg|caption^null|alt^null|title^perakende|description^null&#8221; bg_image_repeat=&#8221;no-repeat&#8221; bg_override=&#8221;ex-full&#8221; type=&#8221;vc_default&#8221; margin_top=&#8221;5&#8243; margin_bottom=&#8221;10&#8243; css=&#8221;.vc_custom_1629984046940{padding-top: 2% !important;padding-bottom: 2% !important;}&#8221;][vc_column width=&#8221;1\/2&#8243;]<div id=\"ultimate-heading-389169fe08e63a45e\" class=\"uvc-heading ult-adjust-bottom-margin ultimate-heading-389169fe08e63a45e uvc-6145 \" data-hspacer=\"no_spacer\"  data-halign=\"left\" style=\"text-align:left\"><div class=\"uvc-heading-spacer no_spacer\" style=\"top\"><\/div><div class=\"uvc-main-heading ult-responsive\"  data-ultimate-target='.uvc-heading.ultimate-heading-389169fe08e63a45e h1'  data-responsive-json-new='{\"font-size\":\"desktop:28px;\",\"line-height\":\"desktop:34px;\"}' ><h1 style=\"font-weight:bold;color:#ffffff;margin-bottom:25px;\">Perakende Terc\u00fcmesi<\/h1><\/div><\/div>[vc_column_text]<\/p>\n<p style=\"text-align: left;\"><span style=\"font-weight: 400; font-size: 18px; color: #ffffff;\">Pazarlama sekt\u00f6r\u00fcn\u00fcn t\u00fcketiciyle bulu\u015fan y\u00fcz\u00fc perakende alan\u0131nda profesyonel terc\u00fcme hizmetlerimizden yararlanmak i\u00e7in \u00fccretsiz teklifinizi beklemeden al\u0131n! <\/span><\/p>\n<p>[\/vc_column_text][vc_row_inner equal_height=&#8221;yes&#8221; content_placement=&#8221;top&#8221;][vc_column_inner css=&#8221;.vc_custom_1644308369814{padding-top: 20px !important;padding-bottom: 32px !important;}&#8221;]<style type=\"text\/css\" data-type=\"the7_shortcodes-inline-css\">#default-btn-2ae05947b052585edfce0a39603a76a0.ico-right-side > i {\n  margin-right: 0px;\n  margin-left: 8px;\n}\n#default-btn-2ae05947b052585edfce0a39603a76a0 > i {\n  margin-right: 8px;\n}\n#default-btn-2ae05947b052585edfce0a39603a76a0 * {\n  vertical-align: middle;\n}\n<\/style><a href=\"\/tr\/teklif-alin\/\" class=\"default-btn-shortcode dt-btn dt-btn-l link-hover-off button-tto-grey btn-inline-left  vc_custom_1600271654869\" id=\"default-btn-2ae05947b052585edfce0a39603a76a0\" style=\"width:225px;\"><span>\u00dccretsiz Teklif Al\u0131n<\/span><\/a><style type=\"text\/css\" data-type=\"the7_shortcodes-inline-css\">#default-btn-576be3df7aedc582a29a259cd4875c07.ico-right-side > i {\n  margin-right: 0px;\n  margin-left: 8px;\n}\n#default-btn-576be3df7aedc582a29a259cd4875c07 > i {\n  margin-right: 8px;\n}\n#default-btn-576be3df7aedc582a29a259cd4875c07 * {\n  vertical-align: middle;\n}\n<\/style><a href=\"\/tr\/iletisim\/\" class=\"default-btn-shortcode dt-btn dt-btn-l link-hover-off button-tto-red btn-inline-left  vc_custom_1600271662630\" id=\"default-btn-576be3df7aedc582a29a259cd4875c07\" style=\"width:225px;\"><span>Bize Ula\u015f\u0131n<\/span><\/a>[\/vc_column_inner][\/vc_row_inner][\/vc_column][vc_column width=&#8221;1\/2&#8243;][\/vc_column][\/vc_row][vc_row equal_height=&#8221;yes&#8221; content_placement=&#8221;top&#8221; bg_type=&#8221;image&#8221; parallax_style=&#8221;vcpb-default&#8221; bg_image_new=&#8221;id^2302|url^https:\/\/www.turkishtranslationoffice.com\/tr\/wp-content\/uploads\/2020\/08\/arka-plan-siyah-beyaz.png|caption^null|alt^null|title^arka-plan-siyah-beyaz|description^null&#8221; bg_image_repeat=&#8221;no-repeat&#8221; bg_override=&#8221;ex-full&#8221; type=&#8221;vc_default&#8221; margin_top=&#8221;5&#8243; margin_bottom=&#8221;10&#8243; css=&#8221;.vc_custom_1599123180997{padding-top: 30px !important;padding-bottom: 50px !important;}&#8221;][vc_column css=&#8221;.vc_custom_1491746299333{padding-bottom: 0px !important;}&#8221;][vc_row_inner equal_height=&#8221;yes&#8221; content_placement=&#8221;top&#8221;][vc_column_inner width=&#8221;1\/2&#8243;]<style type=\"text\/css\" data-type=\"the7_shortcodes-inline-css\">.shortcode-single-image-wrap.shortcode-single-image-2ba1483bff1d79d50fa278f26c154657.enable-bg-rollover .rollover i,\n.shortcode-single-image-wrap.shortcode-single-image-2ba1483bff1d79d50fa278f26c154657.enable-bg-rollover .rollover-video i {\n  background: ;\n  background: -webkit-linear-gradient();\n  background: linear-gradient();\n}\n.shortcode-single-image-wrap.shortcode-single-image-2ba1483bff1d79d50fa278f26c154657 .rollover-icon {\n  font-size: 32px;\n  color: #ffffff;\n  min-width: 44px;\n  min-height: 44px;\n  line-height: 44px;\n  border-radius: 100px;\n  border-style: solid;\n  border-width: 0px;\n}\n.dt-icon-bg-on.shortcode-single-image-wrap.shortcode-single-image-2ba1483bff1d79d50fa278f26c154657 .rollover-icon {\n  background: rgba(255,255,255,0.3);\n  box-shadow: none;\n}\n<\/style><div class=\"shortcode-single-image-wrap shortcode-single-image-2ba1483bff1d79d50fa278f26c154657 alignnone  enable-bg-rollover dt-icon-bg-off\" style=\"margin-top:0px; margin-bottom:0px; margin-left:0px; margin-right:0px; width:1000px;\"><div class=\"shortcode-single-image\"><div class=\"fancy-media-wrap  layzr-bg\" style=\"border-radius:10px;\"><img loading=\"lazy\" decoding=\"async\" class=\"preload-me lazy-load\" src=\"data:image\/svg+xml,%3Csvg%20xmlns%3D&#39;http%3A%2F%2Fwww.w3.org%2F2000%2Fsvg&#39;%20viewBox%3D&#39;0%200%201000%20700&#39;%2F%3E\" data-src=\"https:\/\/www.turkishtranslationoffice.com\/tr\/wp-content\/uploads\/sites\/1\/2020\/09\/perakende-tercumesi-nedir-1000x700.jpg\" data-srcset=\"https:\/\/www.turkishtranslationoffice.com\/tr\/wp-content\/uploads\/sites\/1\/2020\/09\/perakende-tercumesi-nedir-1000x700.jpg 1000w, https:\/\/www.turkishtranslationoffice.com\/tr\/wp-content\/uploads\/sites\/1\/2020\/09\/perakende-tercumesi-nedir-1524x1067.jpg 1524w\" width=\"1000\" height=\"700\"  data-dt-location=\"https:\/\/www.turkishtranslationoffice.com\/tr\/perakende-tercume\/perakende-tercumesi-nedir\/\" style=\"border-radius:10px;\" alt=\"pazarlama ve sat\u0131\u015f\u0131n son ad\u0131mlar\u0131\" \/><\/div><\/div><\/div>[\/vc_column_inner][vc_column_inner width=&#8221;1\/2&#8243; css=&#8221;.vc_custom_1596550089277{padding-top: 20px !important;}&#8221;]<div id=\"ultimate-heading-579869fe08e63b097\" class=\"uvc-heading ult-adjust-bottom-margin ultimate-heading-579869fe08e63b097 uvc-2364 \" data-hspacer=\"no_spacer\"  data-halign=\"left\" style=\"text-align:left\"><div class=\"uvc-heading-spacer no_spacer\" style=\"top\"><\/div><div class=\"uvc-main-heading ult-responsive\"  data-ultimate-target='.uvc-heading.ultimate-heading-579869fe08e63b097 h2'  data-responsive-json-new='{\"font-size\":\"desktop:24px;\",\"line-height\":\"desktop:34px;\"}' ><h2 style=\"font-weight:bold;margin-bottom:25px;\">Perakende terc\u00fcmesi nedir?<\/h2><\/div><\/div>[vc_column_text]<span style=\"font-weight: 400;\">Perakende, pazarlama ve sat\u0131\u015f\u0131n son ad\u0131mlar\u0131ndan biridir. \u00d6zellikle \u00e7ok uluslu markalar, farkl\u0131 \u00fclkelerde \u015fubeleri bulunan ma\u011fazalar i\u00e7in perakende terc\u00fcmesi mutlaka gereklidir.<\/span><\/p>\n<p><span style=\"font-weight: 400;\">\u0130ster fiziksel ister online olsun, perakendecilikte ma\u011faza sat\u0131n alma karar\u0131n\u0131n verildi\u011fi ve sat\u0131\u015f\u0131n ger\u00e7ekle\u015fti\u011fi ortam oldu\u011fu i\u00e7in burada t\u00fcketicinin ilgisini sat\u0131\u015fa y\u00f6nlendirecek bir ileti\u015fim dil tercih edilir.<\/span><\/p>\n<p><span style=\"font-weight: 400;\">\u00c7ok uluslu markalar\u0131n ma\u011fazalar\u0131nda kulland\u0131klar\u0131 her t\u00fcrl\u00fc i\u00e7erikte bunu g\u00f6z \u00f6n\u00fcnde bulundurmas\u0131 gerekir. Ma\u011fazac\u0131l\u0131\u011f\u0131n dinamik do\u011fas\u0131na uygun, markan\u0131n kimli\u011fini yans\u0131tan ve t\u00fcketiciye rehberlik eden perakende \u00e7evirisinde hedef ve kaynak dile hakimiyetin yan\u0131 s\u0131ra metinler aras\u0131nda tutarl\u0131l\u0131k olduk\u00e7a \u00f6nemlidir.<\/span>[\/vc_column_text][\/vc_column_inner][\/vc_row_inner][\/vc_column][\/vc_row][vc_row bg_type=&#8221;image&#8221; bg_override=&#8221;full&#8221; css=&#8221;.vc_custom_1596535087001{background-image: url(https:\/\/www.turkishtranslationoffice.com\/tr\/wp-content\/uploads\/2020\/08\/uyari.jpg?id=2304) !important;}&#8221;][vc_column]<div class=\"smile_icon_list_wrap ult_info_list_container ult-adjust-bottom-margin   vc_custom_1596535225225\"><ul class=\"smile_icon_list top circle with_bg\"><li class=\"icon_list_item\" style=\" font-size:96px;\"><div class=\"icon_list_icon\" data-animation=\"\" data-animation-delay=\"03\" style=\"font-size:32px;border-width:1px;border-style:none;background:#ffffff;color:#d44133;border-color:#333333;\"><i class=\"fas fa-language\" ><\/i><\/div><div class=\"icon_description\" id=\"Info-list-wrap-2933\" style=\"font-size:32px;\"><h3 class=\"ult-responsive info-list-heading\"  data-ultimate-target='#Info-list-wrap-2933 h3'  data-responsive-json-new='{\"font-size\":\"desktop:16px;\",\"line-height\":\"desktop:24px;\"}'  style=\"font-weight:bold;color:#ffffff;\">T\u00fcm Dillerde \u00c7eviri<\/h3><div class=\"icon_description_text ult-responsive\"  data-ultimate-target='#Info-list-wrap-2933 .icon_description_text'  data-responsive-json-new='{\"font-size\":\"desktop:13px;\",\"line-height\":\"desktop:18px;\"}'  style=\"color:#ffffff;\"><\/div><\/div><div class=\"icon_list_connector\" data-animation=\"fadeInLeft\" data-animation-delay=\"03\" style=\"border: none !important;\"><\/div><\/li><li class=\"icon_list_item\" style=\" font-size:96px;\"><div class=\"icon_list_icon\" data-animation=\"\" data-animation-delay=\"03\" style=\"font-size:32px;border-width:1px;border-style:none;background:#ffffff;color:#d44133;border-color:#333333;\"><i class=\"fas fa-tachometer-alt\" ><\/i><\/div><div class=\"icon_description\" id=\"Info-list-wrap-2417\" style=\"font-size:32px;\"><h3 class=\"ult-responsive info-list-heading\"  data-ultimate-target='#Info-list-wrap-2417 h3'  data-responsive-json-new='{\"font-size\":\"desktop:16px;\",\"line-height\":\"desktop:24px;\"}'  style=\"font-weight:bold;color:#ffffff;\">H\u0131zl\u0131 ve Kaliteli<\/h3><div class=\"icon_description_text ult-responsive\"  data-ultimate-target='#Info-list-wrap-2417 .icon_description_text'  data-responsive-json-new='{\"font-size\":\"desktop:13px;\",\"line-height\":\"desktop:18px;\"}'  style=\"color:#ffffff;\"><\/div><\/div><div class=\"icon_list_connector\" data-animation=\"fadeInLeft\" data-animation-delay=\"03\" style=\"border: none !important;\"><\/div><\/li><li class=\"icon_list_item\" style=\" font-size:96px;\"><div class=\"icon_list_icon\" data-animation=\"\" data-animation-delay=\"03\" style=\"font-size:32px;border-width:1px;border-style:none;background:#ffffff;color:#d44133;border-color:#333333;\"><i class=\"fas fa-thumbs-up\" ><\/i><\/div><div class=\"icon_description\" id=\"Info-list-wrap-4638\" style=\"font-size:32px;\"><h3 class=\"ult-responsive info-list-heading\"  data-ultimate-target='#Info-list-wrap-4638 h3'  data-responsive-json-new='{\"font-size\":\"desktop:16px;\",\"line-height\":\"desktop:24px;\"}'  style=\"font-weight:bold;color:#ffffff;\">Kolay Proje Y\u00f6netimi<\/h3><div class=\"icon_description_text ult-responsive\"  data-ultimate-target='#Info-list-wrap-4638 .icon_description_text'  data-responsive-json-new='{\"font-size\":\"desktop:13px;\",\"line-height\":\"desktop:18px;\"}'  style=\"color:#ffffff;\"><\/div><\/div><div class=\"icon_list_connector\" data-animation=\"fadeInLeft\" data-animation-delay=\"03\" style=\"border: none !important;\"><\/div><\/li><\/ul><\/div>[\/vc_column][\/vc_row][vc_row equal_height=&#8221;yes&#8221; content_placement=&#8221;top&#8221; bg_type=&#8221;image&#8221; parallax_style=&#8221;vcpb-hz-jquery&#8221; bg_image_new=&#8221;id^1611|url^https:\/\/www.turkishtranslationoffice.com\/tr\/wp-content\/uploads\/2016\/02\/bg-mem.png|caption^null|alt^null|title^bg-mem|description^null&#8221; bg_override=&#8221;ex-full&#8221; type=&#8221;vc_default&#8221; margin_top=&#8221;5&#8243; margin_bottom=&#8221;10&#8243; css=&#8221;.vc_custom_1597154003570{padding-top: 50px !important;padding-bottom: 30px !important;background-color: #1c66a0 !important;}&#8221;][vc_column]<div id=\"ultimate-heading-632769fe08e63b25b\" class=\"uvc-heading ult-adjust-bottom-margin ultimate-heading-632769fe08e63b25b uvc-4168 \" data-hspacer=\"no_spacer\"  data-halign=\"center\" style=\"text-align:center\"><div class=\"uvc-heading-spacer no_spacer\" style=\"top\"><\/div><div class=\"uvc-main-heading ult-responsive\"  data-ultimate-target='.uvc-heading.ultimate-heading-632769fe08e63b25b h3'  data-responsive-json-new='{\"font-size\":\"desktop:24px;\",\"line-height\":\"desktop:34px;\"}' ><h3 style=\"font-weight:bold;color:#ffffff;margin-bottom:25px;\">Perakende \u00e7evirisinde TTO\u2019yu tercih etmeniz i\u00e7in ge\u00e7erli sebepler<\/h3><\/div><\/div>[vc_separator color=&#8221;custom&#8221; border_width=&#8221;2&#8243; el_width=&#8221;10&#8243; accent_color=&#8221;#ffffff&#8221;][vc_row_inner equal_height=&#8221;yes&#8221; content_placement=&#8221;top&#8221; gap=&#8221;35&#8243;][vc_column_inner width=&#8221;1\/4&#8243;]<div class=\"smile_icon_list_wrap ult_info_list_container ult-adjust-bottom-margin  \"><ul class=\"smile_icon_list top circle with_bg\"><li class=\"icon_list_item\" style=\" font-size:84px;\"><div class=\"icon_list_icon\" data-animation=\"\" data-animation-delay=\"03\" style=\"font-size:28px;border-width:1px;border-style:dashed;background:#ffffff;color:#d44133;border-color:#333333;\"><i class=\"fas fa-check\" ><\/i><\/div><div class=\"icon_description\" id=\"Info-list-wrap-6591\" style=\"font-size:28px;\"><div class=\"icon_description_text ult-responsive\"  data-ultimate-target='#Info-list-wrap-6591 .icon_description_text'  data-responsive-json-new='{\"font-size\":\"desktop:13px;\",\"line-height\":\"desktop:18px;\"}'  style=\"\"><p><span style=\"font-weight: 400; color: #ffffff;\">Bulut tabanl\u0131 proje y\u00f6netim sistemimiz sayesinde t\u00fcm dillerdeki projelerinizi ayn\u0131 panel \u00fczerinden 7\/24 online olarak y\u00f6netebilirsiniz. <\/span><\/p>\n<\/div><\/div><div class=\"icon_list_connector\" data-animation=\"fadeInLeft\" data-animation-delay=\"03\" style=\"border: none !important;\"><\/div><\/li><\/ul><\/div>[\/vc_column_inner][vc_column_inner width=&#8221;1\/4&#8243;]<div class=\"smile_icon_list_wrap ult_info_list_container ult-adjust-bottom-margin  \"><ul class=\"smile_icon_list top circle with_bg\"><li class=\"icon_list_item\" style=\" font-size:84px;\"><div class=\"icon_list_icon\" data-animation=\"\" data-animation-delay=\"03\" style=\"font-size:28px;border-width:1px;border-style:dashed;background:#ffffff;color:#d44133;border-color:#333333;\"><i class=\"fas fa-check\" ><\/i><\/div><div class=\"icon_description\" id=\"Info-list-wrap-7114\" style=\"font-size:28px;\"><div class=\"icon_description_text ult-responsive\"  data-ultimate-target='#Info-list-wrap-7114 .icon_description_text'  data-responsive-json-new='{\"font-size\":\"desktop:13px;\",\"line-height\":\"desktop:18px;\"}'  style=\"\"><p><span style=\"font-weight: 400; color: #ffffff;\">Sahip oldu\u011fumuz terc\u00fcman a\u011f\u0131nda t\u00fcm dillerde 2500\u2019\u00fcn \u00fczerinde dil uzman\u0131 bulunuyor, projeniz i\u00e7in en uygun \u00e7evirmen ve edit\u00f6rler ile \u00e7al\u0131\u015f\u0131yoruz. <\/span><\/p>\n<\/div><\/div><div class=\"icon_list_connector\" data-animation=\"fadeInLeft\" data-animation-delay=\"03\" style=\"border: none !important;\"><\/div><\/li><\/ul><\/div>[\/vc_column_inner][vc_column_inner width=&#8221;1\/4&#8243;]<div class=\"smile_icon_list_wrap ult_info_list_container ult-adjust-bottom-margin  \"><ul class=\"smile_icon_list top circle with_bg\"><li class=\"icon_list_item\" style=\" font-size:84px;\"><div class=\"icon_list_icon\" data-animation=\"\" data-animation-delay=\"03\" style=\"font-size:28px;border-width:1px;border-style:dashed;background:#ffffff;color:#d44133;border-color:#333333;\"><i class=\"fas fa-check\" ><\/i><\/div><div class=\"icon_description\" id=\"Info-list-wrap-2780\" style=\"font-size:28px;\"><div class=\"icon_description_text ult-responsive\"  data-ultimate-target='#Info-list-wrap-2780 .icon_description_text'  data-responsive-json-new='{\"font-size\":\"desktop:13px;\",\"line-height\":\"desktop:18px;\"}'  style=\"\"><p><span style=\"font-weight: 400; color: #ffffff;\">Kulland\u0131\u011f\u0131m\u0131z bilgisayar destekli \u00e7eviri programlar\u0131 sayesinde \u00e7evirilerimizi en y\u00fcksek tutarl\u0131l\u0131kta ve h\u0131zl\u0131 \u015fekilde teslim ediyoruz. <\/span><\/p>\n<\/div><\/div><div class=\"icon_list_connector\" data-animation=\"fadeInLeft\" data-animation-delay=\"03\" style=\"border: none !important;\"><\/div><\/li><\/ul><\/div>[\/vc_column_inner][vc_column_inner width=&#8221;1\/4&#8243;]<div class=\"smile_icon_list_wrap ult_info_list_container ult-adjust-bottom-margin  \"><ul class=\"smile_icon_list top circle with_bg\"><li class=\"icon_list_item\" style=\" font-size:84px;\"><div class=\"icon_list_icon\" data-animation=\"\" data-animation-delay=\"03\" style=\"font-size:28px;border-width:1px;border-style:dashed;background:#ffffff;color:#d44133;border-color:#333333;\"><i class=\"fas fa-check\" ><\/i><\/div><div class=\"icon_description\" id=\"Info-list-wrap-2284\" style=\"font-size:28px;\"><div class=\"icon_description_text ult-responsive\"  data-ultimate-target='#Info-list-wrap-2284 .icon_description_text'  data-responsive-json-new='{\"font-size\":\"desktop:13px;\",\"line-height\":\"desktop:18px;\"}'  style=\"\"><p><span style=\"font-weight: 400; color: #ffffff;\">Tamamlanan \u00e7evirilerdeki hatalar\u0131 ortadan kald\u0131rmak, metnin kalitesini %40\u2019a varan oranda y\u00fckseltmek i\u00e7in 2 ve 4 a\u015famal\u0131 kalite kontrol s\u00fcre\u00e7lerini uyguluyoruz.<\/span><\/p>\n<\/div><\/div><div class=\"icon_list_connector\" data-animation=\"fadeInLeft\" data-animation-delay=\"03\" style=\"border: none !important;\"><\/div><\/li><\/ul><\/div>[\/vc_column_inner][\/vc_row_inner][vc_row_inner equal_height=&#8221;yes&#8221; content_placement=&#8221;top&#8221; gap=&#8221;35&#8243; css=&#8221;.vc_custom_1596802603557{padding-top: -20px !important;}&#8221;][vc_column_inner width=&#8221;1\/4&#8243;]<div class=\"smile_icon_list_wrap ult_info_list_container ult-adjust-bottom-margin  \"><ul class=\"smile_icon_list top circle with_bg\"><li class=\"icon_list_item\" style=\" font-size:84px;\"><div class=\"icon_list_icon\" data-animation=\"\" data-animation-delay=\"03\" style=\"font-size:28px;border-width:1px;border-style:dashed;background:#ffffff;color:#d44133;border-color:#333333;\"><i class=\"fas fa-check\" ><\/i><\/div><div class=\"icon_description\" id=\"Info-list-wrap-4046\" style=\"font-size:28px;\"><div class=\"icon_description_text ult-responsive\"  data-ultimate-target='#Info-list-wrap-4046 .icon_description_text'  data-responsive-json-new='{\"font-size\":\"desktop:13px;\",\"line-height\":\"desktop:18px;\"}'  style=\"\"><p><span style=\"font-weight: 400; color: #ffffff;\">M\u00fc\u015fterilerimiz aras\u0131nda farkl\u0131 sekt\u00f6rlerden Decathlon, Mudo, Massimo Dutti, Inditex, Hayat Kimya ve Migros gibi alan\u0131nda lider markalar var. <\/span><\/p>\n<\/div><\/div><div class=\"icon_list_connector\" data-animation=\"fadeInLeft\" data-animation-delay=\"03\" style=\"border: none !important;\"><\/div><\/li><\/ul><\/div>[\/vc_column_inner][vc_column_inner width=&#8221;1\/4&#8243;]<div class=\"smile_icon_list_wrap ult_info_list_container ult-adjust-bottom-margin  \"><ul class=\"smile_icon_list top circle with_bg\"><li class=\"icon_list_item\" style=\" font-size:84px;\"><div class=\"icon_list_icon\" data-animation=\"\" data-animation-delay=\"03\" style=\"font-size:28px;border-width:1px;border-style:dashed;background:#ffffff;color:#d44133;border-color:#333333;\"><i class=\"fas fa-check\" ><\/i><\/div><div class=\"icon_description\" id=\"Info-list-wrap-7967\" style=\"font-size:28px;\"><div class=\"icon_description_text ult-responsive\"  data-ultimate-target='#Info-list-wrap-7967 .icon_description_text'  data-responsive-json-new='{\"font-size\":\"desktop:13px;\",\"line-height\":\"desktop:18px;\"}'  style=\"\"><p><span style=\"font-weight: 400; color: #ffffff;\">TTO\u2019da b\u00fct\u00e7enize ve ihtiyac\u0131n\u0131za uygun terc\u00fcme paketlerini se\u00e7ebilir, \u00e7evirinizin kalitesini kendiniz belirleyebilirsiniz. <\/span><\/p>\n<\/div><\/div><div class=\"icon_list_connector\" data-animation=\"fadeInLeft\" data-animation-delay=\"03\" style=\"border: none !important;\"><\/div><\/li><\/ul><\/div>[\/vc_column_inner][vc_column_inner width=&#8221;1\/4&#8243;]<div class=\"smile_icon_list_wrap ult_info_list_container ult-adjust-bottom-margin  \"><ul class=\"smile_icon_list top circle with_bg\"><li class=\"icon_list_item\" style=\" font-size:84px;\"><div class=\"icon_list_icon\" data-animation=\"\" data-animation-delay=\"03\" style=\"font-size:28px;border-width:1px;border-style:dashed;background:#ffffff;color:#d44133;border-color:#333333;\"><i class=\"fas fa-check\" ><\/i><\/div><div class=\"icon_description\" id=\"Info-list-wrap-1753\" style=\"font-size:28px;\"><div class=\"icon_description_text ult-responsive\"  data-ultimate-target='#Info-list-wrap-1753 .icon_description_text'  data-responsive-json-new='{\"font-size\":\"desktop:13px;\",\"line-height\":\"desktop:18px;\"}'  style=\"\"><p><span style=\"font-weight: 400; color: #ffffff;\">Masa\u00fcst\u00fc yay\u0131nc\u0131l\u0131k departman\u0131m\u0131z arac\u0131l\u0131\u011f\u0131yla \u00e7evirilerinizi \u00e7ok dilli olarak orijinal formatta teslim ediyoruz.<\/span><\/p>\n<\/div><\/div><div class=\"icon_list_connector\" data-animation=\"fadeInLeft\" data-animation-delay=\"03\" style=\"border: none !important;\"><\/div><\/li><\/ul><\/div>[\/vc_column_inner][vc_column_inner width=&#8221;1\/4&#8243;][\/vc_column_inner][\/vc_row_inner][\/vc_column][\/vc_row][vc_row content_placement=&#8221;middle&#8221; bg_type=&#8221;grad&#8221; bg_override=&#8221;ex-full&#8221; bg_grad=&#8221;background: -webkit-gradient(linear, left top, left bottom, color-stop(0%, #365088), color-stop(100%, #EA524D));background: -moz-linear-gradient(135deg,#365088 0%,#EA524D 100%);background: -webkit-linear-gradient(135deg,#365088 0%,#EA524D 100%);background: -o-linear-gradient(135deg,#365088 0%,#EA524D 100%);background: -ms-linear-gradient(135deg,#365088 0%,#EA524D 100%);background: linear-gradient(135deg,#365088 0%,#EA524D 100%);&#8221;][vc_column width=&#8221;5\/6&#8243;][vc_column_text]<strong style=\"color: #ffffff; font-size: 24px;\">Profesyonel perakende \u00e7evirisi, t\u00fcm dillerde en iyi fiyatlarla sizi bekliyor! Teklifinizi almak i\u00e7in beklemenize gerek yok, t\u0131klay\u0131n t\u00fcm dil \u00e7iftlerinde kampanyal\u0131 fiyatlar\u0131 yakalay\u0131n.<\/strong>[\/vc_column_text][\/vc_column][vc_column width=&#8221;1\/6&#8243;][vc_btn title=&#8221;Teklif Al&#8221; color=&#8221;warning&#8221; size=&#8221;lg&#8221; align=&#8221;right&#8221; link=&#8221;url:%2Ftr%2Fteklif-alin%2F|||&#8221;][\/vc_column][\/vc_row]<\/p>\n","protected":false},"excerpt":{"rendered":"<p>[vc_row equal_height=&#8221;yes&#8221; content_placement=&#8221;top&#8221; bg_type=&#8221;image&#8221; parallax_style=&#8221;vcpb-default&#8221; bg_image_new=&#8221;id^4210|url^https:\/\/www.turkishtranslationoffice.com\/tr\/wp-content\/uploads\/2020\/09\/perakende.jpg|caption^null|alt^null|title^perakende|description^null&#8221; bg_image_repeat=&#8221;no-repeat&#8221; bg_override=&#8221;ex-full&#8221; type=&#8221;vc_default&#8221; margin_top=&#8221;5&#8243; margin_bottom=&#8221;10&#8243; css=&#8221;.vc_custom_1629984046940{padding-top: 2% !important;padding-bottom: 2% !important;}&#8221;][vc_column width=&#8221;1\/2&#8243;][vc_column_text] Pazarlama sekt\u00f6r\u00fcn\u00fcn t\u00fcketiciyle bulu\u015fan y\u00fcz\u00fc perakende alan\u0131nda profesyonel terc\u00fcme hizmetlerimizden yararlanmak i\u00e7in \u00fccretsiz teklifinizi beklemeden al\u0131n! [\/vc_column_text][vc_row_inner equal_height=&#8221;yes&#8221; content_placement=&#8221;top&#8221;][vc_column_inner css=&#8221;.vc_custom_1644308369814{padding-top: 20px !important;padding-bottom: 32px !important;}&#8221;][\/vc_column_inner][\/vc_row_inner][\/vc_column][vc_column width=&#8221;1\/2&#8243;][\/vc_column][\/vc_row][vc_row equal_height=&#8221;yes&#8221; content_placement=&#8221;top&#8221; bg_type=&#8221;image&#8221; parallax_style=&#8221;vcpb-default&#8221; bg_image_new=&#8221;id^2302|url^https:\/\/www.turkishtranslationoffice.com\/tr\/wp-content\/uploads\/2020\/08\/arka-plan-siyah-beyaz.png|caption^null|alt^null|title^arka-plan-siyah-beyaz|description^null&#8221; bg_image_repeat=&#8221;no-repeat&#8221; bg_override=&#8221;ex-full&#8221; type=&#8221;vc_default&#8221; margin_top=&#8221;5&#8243; margin_bottom=&#8221;10&#8243; css=&#8221;.vc_custom_1599123180997{padding-top: 30px !important;padding-bottom:&hellip;<\/p>\n","protected":false},"author":1,"featured_media":0,"parent":0,"menu_order":10,"comment_status":"closed","ping_status":"closed","template":"","meta":{"footnotes":""},"aioseo_notices":[],"_links":{"self":[{"href":"https:\/\/www.turkishtranslationoffice.com\/tr\/wp-json\/wp\/v2\/pages\/2968"}],"collection":[{"href":"https:\/\/www.turkishtranslationoffice.com\/tr\/wp-json\/wp\/v2\/pages"}],"about":[{"href":"https:\/\/www.turkishtranslationoffice.com\/tr\/wp-json\/wp\/v2\/types\/page"}],"author":[{"embeddable":true,"href":"https:\/\/www.turkishtranslationoffice.com\/tr\/wp-json\/wp\/v2\/users\/1"}],"replies":[{"embeddable":true,"href":"https:\/\/www.turkishtranslationoffice.com\/tr\/wp-json\/wp\/v2\/comments?post=2968"}],"version-history":[{"count":2,"href":"https:\/\/www.turkishtranslationoffice.com\/tr\/wp-json\/wp\/v2\/pages\/2968\/revisions"}],"predecessor-version":[{"id":5693,"href":"https:\/\/www.turkishtranslationoffice.com\/tr\/wp-json\/wp\/v2\/pages\/2968\/revisions\/5693"}],"wp:attachment":[{"href":"https:\/\/www.turkishtranslationoffice.com\/tr\/wp-json\/wp\/v2\/media?parent=2968"}],"curies":[{"name":"wp","href":"https:\/\/api.w.org\/{rel}","templated":true}]}}