{"id":2974,"date":"2020-08-14T15:49:46","date_gmt":"2020-08-14T12:49:46","guid":{"rendered":"https:\/\/www.turkishtranslationoffice.com\/tr\/perakende-tercume-copy\/"},"modified":"2022-02-08T11:36:00","modified_gmt":"2022-02-08T08:36:00","slug":"yazilim-yerellestirmesi","status":"publish","type":"page","link":"https:\/\/www.turkishtranslationoffice.com\/tr\/yazilim-yerellestirmesi\/","title":{"rendered":"Yaz\u0131l\u0131m"},"content":{"rendered":"<p>[vc_row equal_height=&#8221;yes&#8221; content_placement=&#8221;top&#8221; bg_type=&#8221;image&#8221; parallax_style=&#8221;vcpb-default&#8221; bg_image_new=&#8221;id^4217|url^https:\/\/www.turkishtranslationoffice.com\/tr\/wp-content\/uploads\/2020\/09\/yazilim.jpg|caption^null|alt^null|title^yazilim|description^null&#8221; bg_override=&#8221;ex-full&#8221; type=&#8221;vc_default&#8221; margin_top=&#8221;5&#8243; margin_bottom=&#8221;10&#8243; css=&#8221;.vc_custom_1629978049831{padding-top: 2% !important;padding-bottom: 2% !important;}&#8221;][vc_column width=&#8221;1\/2&#8243;]<div id=\"ultimate-heading-117069e1b60eafa34\" class=\"uvc-heading ult-adjust-bottom-margin ultimate-heading-117069e1b60eafa34 uvc-6308 \" data-hspacer=\"no_spacer\"  data-halign=\"left\" style=\"text-align:left\"><div class=\"uvc-heading-spacer no_spacer\" style=\"top\"><\/div><div class=\"uvc-main-heading ult-responsive\"  data-ultimate-target='.uvc-heading.ultimate-heading-117069e1b60eafa34 h1'  data-responsive-json-new='{\"font-size\":\"desktop:28px;\",\"line-height\":\"desktop:34px;\"}' ><h1 style=\"font-weight:bold;color:#ffffff;margin-bottom:25px;\">Yaz\u0131l\u0131m Lokalizasyonu<\/h1><\/div><\/div>[vc_column_text]<\/p>\n<p style=\"text-align: left;\"><span style=\"font-weight: 400; font-size: 18px; color: #ffffff;\">\u00dcretti\u011finiz yaz\u0131l\u0131mlar ile d\u00fcnyaya a\u00e7\u0131lman\u0131n vakti geldi diyorsan\u0131z yaz\u0131l\u0131m dilini bilen bir terc\u00fcme b\u00fcrosu ile \u00e7al\u0131\u015fman\u0131n avantajlar\u0131n\u0131 ke\u015ffedin!<\/span><\/p>\n<p><span style=\"font-weight: 400; font-size: 18px; color: #ffffff;\">T\u00fcm dil \u00e7iftlerinde iyi fiyatlardan \u00e7eviri yapt\u0131rmak i\u00e7in teklifinizi \u015fimdi al\u0131n.<\/span>[\/vc_column_text][vc_row_inner equal_height=&#8221;yes&#8221; content_placement=&#8221;top&#8221;][vc_column_inner css=&#8221;.vc_custom_1644309354855{padding-top: 20px !important;padding-bottom: 32px !important;}&#8221;]<style type=\"text\/css\" data-type=\"the7_shortcodes-inline-css\">#default-btn-c84a24496b67dee850eb5b614a8ee078.ico-right-side > i {\n  margin-right: 0px;\n  margin-left: 8px;\n}\n#default-btn-c84a24496b67dee850eb5b614a8ee078 > i {\n  margin-right: 8px;\n}\n#default-btn-c84a24496b67dee850eb5b614a8ee078 * {\n  vertical-align: middle;\n}\n<\/style><a href=\"\/tr\/teklif-alin\/\" class=\"default-btn-shortcode dt-btn dt-btn-l link-hover-off button-tto-grey btn-inline-left  vc_custom_1600267325151\" id=\"default-btn-c84a24496b67dee850eb5b614a8ee078\" style=\"width:225px;\"><span>\u00dccretsiz Teklif Al\u0131n<\/span><\/a><style type=\"text\/css\" data-type=\"the7_shortcodes-inline-css\">#default-btn-f1b87a676f5e17944c9837ff0c4b8369.ico-right-side > i {\n  margin-right: 0px;\n  margin-left: 8px;\n}\n#default-btn-f1b87a676f5e17944c9837ff0c4b8369 > i {\n  margin-right: 8px;\n}\n#default-btn-f1b87a676f5e17944c9837ff0c4b8369 * {\n  vertical-align: middle;\n}\n<\/style><a href=\"\/tr\/iletisim\/\" class=\"default-btn-shortcode dt-btn dt-btn-l link-hover-off button-tto-red btn-inline-left  vc_custom_1600267335124\" id=\"default-btn-f1b87a676f5e17944c9837ff0c4b8369\" style=\"width:225px;\"><span>Bize Ula\u015f\u0131n<\/span><\/a>[\/vc_column_inner][\/vc_row_inner][\/vc_column][vc_column width=&#8221;1\/2&#8243;][\/vc_column][\/vc_row][vc_row equal_height=&#8221;yes&#8221; content_placement=&#8221;top&#8221; bg_type=&#8221;image&#8221; parallax_style=&#8221;vcpb-hz-jquery&#8221; bg_image_new=&#8221;id^1611|url^https:\/\/www.turkishtranslationoffice.com\/tr\/wp-content\/uploads\/2016\/02\/bg-mem.png|caption^null|alt^null|title^bg-mem|description^null&#8221; bg_override=&#8221;ex-full&#8221; type=&#8221;vc_default&#8221; margin_top=&#8221;5&#8243; margin_bottom=&#8221;10&#8243; css=&#8221;.vc_custom_1599123945084{padding-top: 30px !important;padding-bottom: 50px !important;background-color: #f4f4f4 !important;}&#8221;][vc_column css=&#8221;.vc_custom_1491746299333{padding-bottom: 0px !important;}&#8221;][vc_row_inner equal_height=&#8221;yes&#8221; content_placement=&#8221;top&#8221;][vc_column_inner width=&#8221;1\/2&#8243;]<style type=\"text\/css\" data-type=\"the7_shortcodes-inline-css\">.shortcode-single-image-wrap.shortcode-single-image-be348006e1b1ceceee8ed7284084c503.enable-bg-rollover .rollover i,\n.shortcode-single-image-wrap.shortcode-single-image-be348006e1b1ceceee8ed7284084c503.enable-bg-rollover .rollover-video i {\n  background: ;\n  background: -webkit-linear-gradient();\n  background: linear-gradient();\n}\n.shortcode-single-image-wrap.shortcode-single-image-be348006e1b1ceceee8ed7284084c503 .rollover-icon {\n  font-size: 32px;\n  color: #ffffff;\n  min-width: 44px;\n  min-height: 44px;\n  line-height: 44px;\n  border-radius: 100px;\n  border-style: solid;\n  border-width: 0px;\n}\n.dt-icon-bg-on.shortcode-single-image-wrap.shortcode-single-image-be348006e1b1ceceee8ed7284084c503 .rollover-icon {\n  background: rgba(255,255,255,0.3);\n  box-shadow: none;\n}\n<\/style><div class=\"shortcode-single-image-wrap shortcode-single-image-be348006e1b1ceceee8ed7284084c503 alignnone  enable-bg-rollover dt-icon-bg-off\" style=\"margin-top:0px; margin-bottom:0px; margin-left:0px; margin-right:0px; width:1000px;\"><div class=\"shortcode-single-image\"><div class=\"fancy-media-wrap  layzr-bg\" style=\"border-radius:10px;\"><img loading=\"lazy\" decoding=\"async\" class=\"preload-me lazy-load\" src=\"data:image\/svg+xml,%3Csvg%20xmlns%3D&#39;http%3A%2F%2Fwww.w3.org%2F2000%2Fsvg&#39;%20viewBox%3D&#39;0%200%20914%20640&#39;%2F%3E\" data-src=\"https:\/\/www.turkishtranslationoffice.com\/tr\/wp-content\/uploads\/sites\/1\/2020\/09\/yazilim-tercumesi-lokalizasyonu-914x640.jpg\" data-srcset=\"https:\/\/www.turkishtranslationoffice.com\/tr\/wp-content\/uploads\/sites\/1\/2020\/09\/yazilim-tercumesi-lokalizasyonu-914x640.jpg 914w\" width=\"914\" height=\"640\"  data-dt-location=\"https:\/\/www.turkishtranslationoffice.com\/tr\/yazilim-yerellestirmesi\/yazilim-tercumesi-lokalizasyonu\/\" style=\"border-radius:10px;\" alt=\"Bilgisayarlar, tablet ve mobil cihazlar\" \/><\/div><\/div><\/div>[\/vc_column_inner][vc_column_inner width=&#8221;1\/2&#8243; css=&#8221;.vc_custom_1596550089277{padding-top: 20px !important;}&#8221;]<div id=\"ultimate-heading-580269e1b60eb03f2\" class=\"uvc-heading ult-adjust-bottom-margin ultimate-heading-580269e1b60eb03f2 uvc-6188 \" data-hspacer=\"no_spacer\"  data-halign=\"left\" style=\"text-align:left\"><div class=\"uvc-heading-spacer no_spacer\" style=\"top\"><\/div><div class=\"uvc-main-heading ult-responsive\"  data-ultimate-target='.uvc-heading.ultimate-heading-580269e1b60eb03f2 h2'  data-responsive-json-new='{\"font-size\":\"desktop:24px;\",\"line-height\":\"desktop:34px;\"}' ><h2 style=\"font-weight:bold;margin-bottom:25px;\">Yaz\u0131l\u0131m terc\u00fcmesi \/ lokalizasyonu<\/h2><\/div><\/div>[vc_column_text]<span style=\"font-weight: 400;\">G\u00fcn\u00fcm\u00fczde pek \u00e7ok alanda teknoloji ve internetin imkanlar\u0131 ve g\u00fcc\u00fcnden yararlan\u0131yoruz. Bili\u015fim teknolojilerindeki geli\u015fmelerden etkili bi\u00e7imde yararlanmam\u0131z\u0131 sa\u011flayan teknoloji ise yaz\u0131l\u0131mlard\u0131r. Bilgisayarlar, tablet ve mobil cihazlar yaz\u0131l\u0131m arac\u0131l\u0131\u011f\u0131yla \u00e7al\u0131\u015f\u0131r. \u0130nternet ve teknolojinin hakimiyetinde fiziksel s\u0131n\u0131rlar s\u00f6z konusu olmad\u0131\u011f\u0131 i\u00e7in bin bir zahmetle geli\u015ftirilen yaz\u0131l\u0131mlar\u0131 d\u00fcnyan\u0131n d\u00f6rt bir yan\u0131nda kullan\u0131c\u0131larla bulu\u015fturmak i\u00e7in ihtiyac\u0131n\u0131z olan kaliteli bir lokalizasyon hizmetidir. <\/span>[\/vc_column_text][\/vc_column_inner][\/vc_row_inner][\/vc_column][\/vc_row][vc_row equal_height=&#8221;yes&#8221; content_placement=&#8221;top&#8221; bg_type=&#8221;bg_color&#8221; bg_override=&#8221;ex-full&#8221; type=&#8221;vc_default&#8221; margin_top=&#8221;5&#8243; margin_bottom=&#8221;10&#8243; css=&#8221;.vc_custom_1597409555869{padding-top: 30px !important;padding-bottom: 50px !important;}&#8221; bg_color_value=&#8221;#ffffff&#8221;][vc_column css=&#8221;.vc_custom_1491746299333{padding-bottom: 0px !important;}&#8221;][vc_row_inner equal_height=&#8221;yes&#8221; content_placement=&#8221;top&#8221;][vc_column_inner width=&#8221;1\/2&#8243; css=&#8221;.vc_custom_1596550089277{padding-top: 20px !important;}&#8221;]<div id=\"ultimate-heading-427869e1b60eb0410\" class=\"uvc-heading ult-adjust-bottom-margin ultimate-heading-427869e1b60eb0410 uvc-9895 \" data-hspacer=\"no_spacer\"  data-halign=\"left\" style=\"text-align:left\"><div class=\"uvc-heading-spacer no_spacer\" style=\"top\"><\/div><div class=\"uvc-main-heading ult-responsive\"  data-ultimate-target='.uvc-heading.ultimate-heading-427869e1b60eb0410 h2'  data-responsive-json-new='{\"font-size\":\"desktop:24px;\",\"line-height\":\"desktop:34px;\"}' ><h2 style=\"font-weight:bold;margin-bottom:25px;\">Yaz\u0131l\u0131m lokalizasyonunda nelere dikkat edilmeli?<\/h2><\/div><\/div>[vc_column_text]<span style=\"font-weight: 400;\">Yaz\u0131l\u0131m, uzun s\u00fcreli ve karma\u015f\u0131k bir s\u00fcre\u00e7tir. Ba\u015far\u0131l\u0131 bir yerelle\u015ftirme i\u00e7in \u00fcretti\u011finiz yaz\u0131l\u0131m\u0131n kodlama diline ve yaz\u0131l\u0131m\u0131n hizmet alan\u0131nda terminolojiye sahip profesyonel terc\u00fcmanlar taraf\u0131ndan \u00e7evrilmesi gerekir. \u00c7eviri esnas\u0131nda bir noktalama i\u015faretinin kaybolmas\u0131 \u00fcr\u00fcn\u00fcn\u00fcz\u00fcn i\u015flevinde aksakl\u0131klara yol a\u00e7abilir.<\/span><\/p>\n<p>Tasar\u0131m ve yaz\u0131l\u0131m konusunda trendler ve yenilikler her ge\u00e7en g\u00fcn geli\u015fiyor ve de\u011fi\u015fiyor. \u00c7evirmenin hedef ve kaynak dilin yan\u0131 s\u0131ra teknolojiye hakimiyeti ve hedef kitlenin \u00fcr\u00fcn kullan\u0131m tercihlerini \u00e7ok iyi bilmesi gereklidir.<\/p>\n<p>Pek \u00e7ok yaz\u0131l\u0131mda ama\u00e7 kullan\u0131c\u0131ya do\u011fal ve kolay bir deneyim sunmakt\u0131r. Dilin gereksiz ya da yetersiz kullan\u0131m\u0131, hedef kitle ile ba\u011fda\u015fmayan bir \u00fcslupta ileti\u015fim sunmas\u0131 \u00fcr\u00fcn\u00fcn tercih edilebilir olmas\u0131nda b\u00fcy\u00fck rol oynar. Yaz\u0131l\u0131m yerelle\u015ftirme uzman\u0131 ayn\u0131 zamanda bunlar\u0131 da g\u00f6z \u00f6n\u00fcnde bulundurmal\u0131d\u0131r.[\/vc_column_text][\/vc_column_inner][vc_column_inner width=&#8221;1\/2&#8243;]<style type=\"text\/css\" data-type=\"the7_shortcodes-inline-css\">.shortcode-single-image-wrap.shortcode-single-image-45782638007846cca4f07b41d0e7cca2.enable-bg-rollover .rollover i,\n.shortcode-single-image-wrap.shortcode-single-image-45782638007846cca4f07b41d0e7cca2.enable-bg-rollover .rollover-video i {\n  background: ;\n  background: -webkit-linear-gradient();\n  background: linear-gradient();\n}\n.shortcode-single-image-wrap.shortcode-single-image-45782638007846cca4f07b41d0e7cca2 .rollover-icon {\n  font-size: 32px;\n  color: #ffffff;\n  min-width: 44px;\n  min-height: 44px;\n  line-height: 44px;\n  border-radius: 100px;\n  border-style: solid;\n  border-width: 0px;\n}\n.dt-icon-bg-on.shortcode-single-image-wrap.shortcode-single-image-45782638007846cca4f07b41d0e7cca2 .rollover-icon {\n  background: rgba(255,255,255,0.3);\n  box-shadow: none;\n}\n<\/style><div class=\"shortcode-single-image-wrap shortcode-single-image-45782638007846cca4f07b41d0e7cca2 alignnone  enable-bg-rollover dt-icon-bg-off\" style=\"margin-top:0px; margin-bottom:0px; margin-left:0px; margin-right:0px; width:1000px;\"><div class=\"shortcode-single-image\"><div class=\"fancy-media-wrap  layzr-bg\" style=\"border-radius:10px;\"><img loading=\"lazy\" decoding=\"async\" class=\"preload-me lazy-load\" src=\"data:image\/svg+xml,%3Csvg%20xmlns%3D&#39;http%3A%2F%2Fwww.w3.org%2F2000%2Fsvg&#39;%20viewBox%3D&#39;0%200%201000%20700&#39;%2F%3E\" data-src=\"https:\/\/www.turkishtranslationoffice.com\/tr\/wp-content\/uploads\/sites\/1\/2020\/09\/yazilim-lokalizasyonunda-nelere-dikkat-edilmeli-1000x700.jpg\" data-srcset=\"https:\/\/www.turkishtranslationoffice.com\/tr\/wp-content\/uploads\/sites\/1\/2020\/09\/yazilim-lokalizasyonunda-nelere-dikkat-edilmeli-1000x700.jpg 1000w, https:\/\/www.turkishtranslationoffice.com\/tr\/wp-content\/uploads\/sites\/1\/2020\/09\/yazilim-lokalizasyonunda-nelere-dikkat-edilmeli-1507x1055.jpg 1507w\" width=\"1000\" height=\"700\"  data-dt-location=\"https:\/\/www.turkishtranslationoffice.com\/tr\/yazilim-yerellestirmesi\/yazilim-lokalizasyonunda-nelere-dikkat-edilmeli\/\" style=\"border-radius:10px;\" alt=\"profesyonel terc\u00fcmanlar\" \/><\/div><\/div><\/div>[\/vc_column_inner][\/vc_row_inner][\/vc_column][\/vc_row][vc_row content_placement=&#8221;middle&#8221; bg_type=&#8221;grad&#8221; bg_override=&#8221;ex-full&#8221; bg_grad=&#8221;background: -webkit-gradient(linear, left top, left bottom, color-stop(0%, #365088), color-stop(100%, #EA524D));background: -moz-linear-gradient(135deg,#365088 0%,#EA524D 100%);background: -webkit-linear-gradient(135deg,#365088 0%,#EA524D 100%);background: -o-linear-gradient(135deg,#365088 0%,#EA524D 100%);background: -ms-linear-gradient(135deg,#365088 0%,#EA524D 100%);background: linear-gradient(135deg,#365088 0%,#EA524D 100%);&#8221;][vc_column width=&#8221;5\/6&#8243;][vc_column_text]<strong style=\"color: #ffffff; font-size: 24px;\">Yaz\u0131l\u0131m lokalizasyonunda g\u00fcvenilir \u00e7\u00f6z\u00fcm orta\u011f\u0131n\u0131z Turkish Translation Office! Uygun fiyatl\u0131 ve kaliteli hizmet i\u00e7in bize ula\u015fabilirsiniz.<\/strong>[\/vc_column_text][\/vc_column][vc_column width=&#8221;1\/6&#8243;][vc_btn title=&#8221;Bize Ula\u015f\u0131n&#8221; color=&#8221;warning&#8221; size=&#8221;lg&#8221; align=&#8221;right&#8221; link=&#8221;url:%2Ftr%2Filetisim%2F|||&#8221;][\/vc_column][\/vc_row][vc_row equal_height=&#8221;yes&#8221; content_placement=&#8221;top&#8221; bg_type=&#8221;image&#8221; parallax_style=&#8221;vcpb-default&#8221; bg_image_new=&#8221;id^2302|url^https:\/\/www.turkishtranslationoffice.com\/tr\/wp-content\/uploads\/2020\/08\/arka-plan-siyah-beyaz.png|caption^null|alt^null|title^arka-plan-siyah-beyaz|description^null&#8221; bg_override=&#8221;ex-full&#8221; type=&#8221;vc_default&#8221; margin_top=&#8221;5&#8243; margin_bottom=&#8221;10&#8243; css=&#8221;.vc_custom_1599124020078{padding-top: 30px !important;padding-bottom: 50px !important;}&#8221;][vc_column css=&#8221;.vc_custom_1491746299333{padding-bottom: 0px !important;}&#8221;][vc_row_inner equal_height=&#8221;yes&#8221; content_placement=&#8221;top&#8221;][vc_column_inner width=&#8221;1\/2&#8243;]<style type=\"text\/css\" data-type=\"the7_shortcodes-inline-css\">.shortcode-single-image-wrap.shortcode-single-image-3b24e32dfb46702afacacf2edd80c81b.enable-bg-rollover .rollover i,\n.shortcode-single-image-wrap.shortcode-single-image-3b24e32dfb46702afacacf2edd80c81b.enable-bg-rollover .rollover-video i {\n  background: ;\n  background: -webkit-linear-gradient();\n  background: linear-gradient();\n}\n.shortcode-single-image-wrap.shortcode-single-image-3b24e32dfb46702afacacf2edd80c81b .rollover-icon {\n  font-size: 32px;\n  color: #ffffff;\n  min-width: 44px;\n  min-height: 44px;\n  line-height: 44px;\n  border-radius: 100px;\n  border-style: solid;\n  border-width: 0px;\n}\n.dt-icon-bg-on.shortcode-single-image-wrap.shortcode-single-image-3b24e32dfb46702afacacf2edd80c81b .rollover-icon {\n  background: rgba(255,255,255,0.3);\n  box-shadow: none;\n}\n<\/style><div class=\"shortcode-single-image-wrap shortcode-single-image-3b24e32dfb46702afacacf2edd80c81b alignnone  enable-bg-rollover dt-icon-bg-off\" style=\"margin-top:0px; margin-bottom:0px; margin-left:0px; margin-right:0px; width:1000px;\"><div class=\"shortcode-single-image\"><div class=\"fancy-media-wrap  layzr-bg\" style=\"border-radius:10px;\"><img loading=\"lazy\" decoding=\"async\" class=\"preload-me lazy-load\" src=\"data:image\/svg+xml,%3Csvg%20xmlns%3D&#39;http%3A%2F%2Fwww.w3.org%2F2000%2Fsvg&#39;%20viewBox%3D&#39;0%200%201000%20700&#39;%2F%3E\" data-src=\"https:\/\/www.turkishtranslationoffice.com\/tr\/wp-content\/uploads\/sites\/1\/2020\/08\/tto-ayricaliklari-1000x700.jpg\" data-srcset=\"https:\/\/www.turkishtranslationoffice.com\/tr\/wp-content\/uploads\/sites\/1\/2020\/08\/tto-ayricaliklari-1000x700.jpg 1000w, https:\/\/www.turkishtranslationoffice.com\/tr\/wp-content\/uploads\/sites\/1\/2020\/08\/tto-ayricaliklari-1521x1065.jpg 1521w\" width=\"1000\" height=\"700\"  data-dt-location=\"https:\/\/www.turkishtranslationoffice.com\/tr\/edebi-tercume\/tto-ayricaliklari\/\" style=\"border-radius:10px;\" alt=\"tecr\u00fcbe sahibi ve e\u011fitimli terc\u00fcman\" \/><\/div><\/div><\/div>[\/vc_column_inner][vc_column_inner width=&#8221;1\/2&#8243; css=&#8221;.vc_custom_1596550089277{padding-top: 20px !important;}&#8221;]<div id=\"ultimate-heading-991469e1b60eb0abb\" class=\"uvc-heading ult-adjust-bottom-margin ultimate-heading-991469e1b60eb0abb uvc-6609 \" data-hspacer=\"no_spacer\"  data-halign=\"left\" style=\"text-align:left\"><div class=\"uvc-heading-spacer no_spacer\" style=\"top\"><\/div><div class=\"uvc-main-heading ult-responsive\"  data-ultimate-target='.uvc-heading.ultimate-heading-991469e1b60eb0abb h2'  data-responsive-json-new='{\"font-size\":\"desktop:24px;\",\"line-height\":\"desktop:34px;\"}' ><h2 style=\"font-weight:bold;margin-bottom:25px;\">Yaz\u0131l\u0131m lokalizasyonunda TTO ayr\u0131cal\u0131klar\u0131<\/h2><\/div><\/div><div class=\"standard-arrow bullet-top\"><ul>\n<li>TTO\u2019da Android ve iOS mobil uygulamalar, database ve bilgisayar yaz\u0131l\u0131mlar\u0131 ile oyun yaz\u0131l\u0131mlar\u0131n\u0131 yerelle\u015ftiriyoruz. Kulland\u0131\u011f\u0131m\u0131z yaz\u0131l\u0131m dilleri aras\u0131nda Asp, Asp.net, Html, Xhtml, Php, C#, .Net, Sql gibi diller bulunuyor.<\/li>\n<li>Kulland\u0131\u011f\u0131m\u0131z bilgisayar destekli \u00e7eviri programlar\u0131 sayesinde b\u00fcy\u00fck hacimde bile olsa \u00e7eviri projelerinde \u00fcst d\u00fczey tutarl\u0131l\u0131k ve do\u011fruluk ile sonu\u00e7 al\u0131yoruz.<\/li>\n<li>S\u0131f\u0131r hata politikas\u0131yla \u00e7eviri ve lokalizasyon hizmetleri sunma prensibimizle 2 ve 4 a\u015famal\u0131 kalite kontrol s\u00fcre\u00e7leriyle %40\u2019a varan kalite art\u0131\u015f\u0131na ula\u015f\u0131yoruz.<\/li>\n<li>Ofis i\u00e7i kadrolu yaz\u0131l\u0131m ve IT uzmanlar\u0131m\u0131zla daima i\u015fbirli\u011fi i\u00e7inde \u00e7al\u0131\u015f\u0131yoruz.<\/li>\n<\/ul>\n<\/div>[\/vc_column_inner][\/vc_row_inner][\/vc_column][\/vc_row][vc_row bg_type=&#8221;image&#8221; bg_override=&#8221;full&#8221; css=&#8221;.vc_custom_1596535087001{background-image: url(https:\/\/www.turkishtranslationoffice.com\/tr\/wp-content\/uploads\/2020\/08\/uyari.jpg?id=2304) !important;}&#8221;][vc_column]<div class=\"smile_icon_list_wrap ult_info_list_container ult-adjust-bottom-margin   vc_custom_1596535225225\"><ul class=\"smile_icon_list top circle with_bg\"><li class=\"icon_list_item\" style=\" font-size:96px;\"><div class=\"icon_list_icon\" data-animation=\"\" data-animation-delay=\"03\" style=\"font-size:32px;border-width:1px;border-style:none;background:#ffffff;color:#d44133;border-color:#333333;\"><i class=\"fas fa-book-reader\" ><\/i><\/div><div class=\"icon_description\" id=\"Info-list-wrap-5921\" style=\"font-size:32px;\"><h3 class=\"ult-responsive info-list-heading\"  data-ultimate-target='#Info-list-wrap-5921 h3'  data-responsive-json-new='{\"font-size\":\"desktop:16px;\",\"line-height\":\"desktop:24px;\"}'  style=\"font-weight:bold;color:#ffffff;\">Sekt\u00f6rel Tercr\u00fcbe<\/h3><div class=\"icon_description_text ult-responsive\"  data-ultimate-target='#Info-list-wrap-5921 .icon_description_text'  data-responsive-json-new='{\"font-size\":\"desktop:13px;\",\"line-height\":\"desktop:18px;\"}'  style=\"color:#ffffff;\"><\/div><\/div><div class=\"icon_list_connector\" data-animation=\"fadeInLeft\" data-animation-delay=\"03\" style=\"border: none !important;\"><\/div><\/li><li class=\"icon_list_item\" style=\" font-size:96px;\"><div class=\"icon_list_icon\" data-animation=\"\" data-animation-delay=\"03\" style=\"font-size:32px;border-width:1px;border-style:none;background:#ffffff;color:#d44133;border-color:#333333;\"><i class=\"fas fa-comments\" ><\/i><\/div><div class=\"icon_description\" id=\"Info-list-wrap-3669\" style=\"font-size:32px;\"><h3 class=\"ult-responsive info-list-heading\"  data-ultimate-target='#Info-list-wrap-3669 h3'  data-responsive-json-new='{\"font-size\":\"desktop:16px;\",\"line-height\":\"desktop:24px;\"}'  style=\"font-weight:bold;color:#ffffff;\">7 \/ 24 Online<\/h3><div class=\"icon_description_text ult-responsive\"  data-ultimate-target='#Info-list-wrap-3669 .icon_description_text'  data-responsive-json-new='{\"font-size\":\"desktop:13px;\",\"line-height\":\"desktop:18px;\"}'  style=\"color:#ffffff;\"><\/div><\/div><div class=\"icon_list_connector\" data-animation=\"fadeInLeft\" data-animation-delay=\"03\" style=\"border: none !important;\"><\/div><\/li><li class=\"icon_list_item\" style=\" font-size:96px;\"><div class=\"icon_list_icon\" data-animation=\"\" data-animation-delay=\"03\" style=\"font-size:32px;border-width:1px;border-style:none;background:#ffffff;color:#d44133;border-color:#333333;\"><i class=\"fas fa-thumbs-up\" ><\/i><\/div><div class=\"icon_description\" id=\"Info-list-wrap-4518\" style=\"font-size:32px;\"><h3 class=\"ult-responsive info-list-heading\"  data-ultimate-target='#Info-list-wrap-4518 h3'  data-responsive-json-new='{\"font-size\":\"desktop:16px;\",\"line-height\":\"desktop:24px;\"}'  style=\"font-weight:bold;color:#ffffff;\">%100 Kalite<\/h3><div class=\"icon_description_text ult-responsive\"  data-ultimate-target='#Info-list-wrap-4518 .icon_description_text'  data-responsive-json-new='{\"font-size\":\"desktop:13px;\",\"line-height\":\"desktop:18px;\"}'  style=\"color:#ffffff;\"><\/div><\/div><div class=\"icon_list_connector\" data-animation=\"fadeInLeft\" data-animation-delay=\"03\" style=\"border: none !important;\"><\/div><\/li><li class=\"icon_list_item\" style=\" font-size:96px;\"><div class=\"icon_list_icon\" data-animation=\"\" data-animation-delay=\"03\" style=\"font-size:32px;border-width:1px;border-style:none;background:#ffffff;color:#d44133;border-color:#333333;\"><i class=\"fas fa-language\" ><\/i><\/div><div class=\"icon_description\" id=\"Info-list-wrap-5030\" style=\"font-size:32px;\"><h3 class=\"ult-responsive info-list-heading\"  data-ultimate-target='#Info-list-wrap-5030 h3'  data-responsive-json-new='{\"font-size\":\"desktop:16px;\",\"line-height\":\"desktop:24px;\"}'  style=\"font-weight:bold;color:#ffffff;\">T\u00fcm Diller<\/h3><div class=\"icon_description_text ult-responsive\"  data-ultimate-target='#Info-list-wrap-5030 .icon_description_text'  data-responsive-json-new='{\"font-size\":\"desktop:13px;\",\"line-height\":\"desktop:18px;\"}'  style=\"color:#ffffff;\"><\/div><\/div><div class=\"icon_list_connector\" data-animation=\"fadeInLeft\" data-animation-delay=\"03\" style=\"border: none !important;\"><\/div><\/li><\/ul><\/div>[\/vc_column][\/vc_row]<\/p>\n","protected":false},"excerpt":{"rendered":"<p>[vc_row equal_height=&#8221;yes&#8221; content_placement=&#8221;top&#8221; bg_type=&#8221;image&#8221; parallax_style=&#8221;vcpb-default&#8221; bg_image_new=&#8221;id^4217|url^https:\/\/www.turkishtranslationoffice.com\/tr\/wp-content\/uploads\/2020\/09\/yazilim.jpg|caption^null|alt^null|title^yazilim|description^null&#8221; bg_override=&#8221;ex-full&#8221; type=&#8221;vc_default&#8221; margin_top=&#8221;5&#8243; margin_bottom=&#8221;10&#8243; css=&#8221;.vc_custom_1629978049831{padding-top: 2% !important;padding-bottom: 2% !important;}&#8221;][vc_column width=&#8221;1\/2&#8243;][vc_column_text] \u00dcretti\u011finiz yaz\u0131l\u0131mlar ile d\u00fcnyaya a\u00e7\u0131lman\u0131n vakti geldi diyorsan\u0131z yaz\u0131l\u0131m dilini bilen bir terc\u00fcme b\u00fcrosu ile \u00e7al\u0131\u015fman\u0131n avantajlar\u0131n\u0131 ke\u015ffedin! T\u00fcm dil \u00e7iftlerinde iyi fiyatlardan \u00e7eviri yapt\u0131rmak i\u00e7in teklifinizi \u015fimdi al\u0131n.[\/vc_column_text][vc_row_inner equal_height=&#8221;yes&#8221; content_placement=&#8221;top&#8221;][vc_column_inner css=&#8221;.vc_custom_1644309354855{padding-top: 20px !important;padding-bottom: 32px !important;}&#8221;][\/vc_column_inner][\/vc_row_inner][\/vc_column][vc_column width=&#8221;1\/2&#8243;][\/vc_column][\/vc_row][vc_row equal_height=&#8221;yes&#8221; content_placement=&#8221;top&#8221;&hellip;<\/p>\n","protected":false},"author":1,"featured_media":0,"parent":0,"menu_order":10,"comment_status":"closed","ping_status":"closed","template":"","meta":{"footnotes":""},"aioseo_notices":[],"_links":{"self":[{"href":"https:\/\/www.turkishtranslationoffice.com\/tr\/wp-json\/wp\/v2\/pages\/2974"}],"collection":[{"href":"https:\/\/www.turkishtranslationoffice.com\/tr\/wp-json\/wp\/v2\/pages"}],"about":[{"href":"https:\/\/www.turkishtranslationoffice.com\/tr\/wp-json\/wp\/v2\/types\/page"}],"author":[{"embeddable":true,"href":"https:\/\/www.turkishtranslationoffice.com\/tr\/wp-json\/wp\/v2\/users\/1"}],"replies":[{"embeddable":true,"href":"https:\/\/www.turkishtranslationoffice.com\/tr\/wp-json\/wp\/v2\/comments?post=2974"}],"version-history":[{"count":4,"href":"https:\/\/www.turkishtranslationoffice.com\/tr\/wp-json\/wp\/v2\/pages\/2974\/revisions"}],"predecessor-version":[{"id":5733,"href":"https:\/\/www.turkishtranslationoffice.com\/tr\/wp-json\/wp\/v2\/pages\/2974\/revisions\/5733"}],"wp:attachment":[{"href":"https:\/\/www.turkishtranslationoffice.com\/tr\/wp-json\/wp\/v2\/media?parent=2974"}],"curies":[{"name":"wp","href":"https:\/\/api.w.org\/{rel}","templated":true}]}}