{"id":3053,"date":"2020-08-17T16:41:00","date_gmt":"2020-08-17T13:41:00","guid":{"rendered":"https:\/\/www.turkishtranslationoffice.com\/tr\/neler-yapiyoruz-copy\/"},"modified":"2023-04-05T17:57:04","modified_gmt":"2023-04-05T14:57:04","slug":"kalite-sertifikalarimiz","status":"publish","type":"page","link":"https:\/\/www.turkishtranslationoffice.com\/tr\/kalite-sertifikalarimiz\/","title":{"rendered":"Kalite Sertifikalar\u0131m\u0131z"},"content":{"rendered":"<p>[vc_row equal_height=&#8221;yes&#8221; content_placement=&#8221;top&#8221; bg_type=&#8221;image&#8221; parallax_style=&#8221;vcpb-default&#8221; bg_image_new=&#8221;id^3084|url^https:\/\/www.turkishtranslationoffice.com\/tr\/wp-content\/uploads\/2020\/08\/kalite-sertifikalari.jpg|caption^null|alt^null|title^kalite-sertifikalari|description^null&#8221; bg_image_repeat=&#8221;no-repeat&#8221; bg_override=&#8221;full&#8221; type=&#8221;vc_default&#8221; margin_top=&#8221;5&#8243; margin_bottom=&#8221;10&#8243; css=&#8221;.vc_custom_1629987617655{padding-top: 2% !important;padding-bottom: 2% !important;}&#8221;][vc_column width=&#8221;1\/2&#8243;]<div id=\"ultimate-heading-660569e1a1d336edc\" class=\"uvc-heading ult-adjust-bottom-margin ultimate-heading-660569e1a1d336edc uvc-7149 \" data-hspacer=\"no_spacer\"  data-halign=\"left\" style=\"text-align:left\"><div class=\"uvc-heading-spacer no_spacer\" style=\"top\"><\/div><div class=\"uvc-main-heading ult-responsive\"  data-ultimate-target='.uvc-heading.ultimate-heading-660569e1a1d336edc h1'  data-responsive-json-new='{\"font-size\":\"desktop:28px;\",\"line-height\":\"desktop:34px;\"}' ><h1 style=\"font-weight:bold;margin-bottom:25px;\">Kalite Sertifikalar\u0131m\u0131z<\/h1><\/div><\/div>[vc_column_text]<\/p>\n<p style=\"text-align: left;\"><span style=\"font-weight: 400; font-size: 18px;\">Profesyonel ve alan\u0131nda lider bir terc\u00fcme b\u00fcrosu olarak sundu\u011fumuz hizmetlerde ilk \u00f6nceli\u011fimiz kalitedir. \u00c7eviri ve yerelle\u015ftirme hizmetlerimizi sizlerle bulu\u015fturabilmek i\u00e7in terc\u00fcme sekt\u00f6r\u00fcnde d\u00fcnya \u00e7ap\u0131nda ge\u00e7erli olan kalite standartlar\u0131na sahibiz!<\/span><\/p>\n<p><span style=\"font-weight: 400; font-size: 18px;\">Akl\u0131n\u0131za tak\u0131lan t\u00fcm sorular\u0131n\u0131z i\u00e7in bize diledi\u011finiz zaman ula\u015fabilirsiniz.<\/span>[\/vc_column_text][vc_row_inner content_placement=&#8221;top&#8221; gap=&#8221;5&#8243;][vc_column_inner css=&#8221;.vc_custom_1644307878483{padding-bottom: 32px !important;}&#8221;]<style type=\"text\/css\" data-type=\"the7_shortcodes-inline-css\">#default-btn-d9f8ac3bfef94cfb7594e0e0ae132812.ico-right-side > i {\n  margin-right: 0px;\n  margin-left: 8px;\n}\n#default-btn-d9f8ac3bfef94cfb7594e0e0ae132812 > i {\n  margin-right: 8px;\n}\n#default-btn-d9f8ac3bfef94cfb7594e0e0ae132812 * {\n  vertical-align: middle;\n}\n<\/style><a href=\"\/tr\/teklif-alin\/\" class=\"default-btn-shortcode dt-btn dt-btn-l link-hover-off button-tto-grey btn-inline-left  vc_custom_1600325504224\" id=\"default-btn-d9f8ac3bfef94cfb7594e0e0ae132812\" style=\"width:225px;\"><span>\u00dccretsiz Teklif Al\u0131n<\/span><\/a><style type=\"text\/css\" data-type=\"the7_shortcodes-inline-css\">#default-btn-2831dee880f778da82bf1dd50df99fe3.ico-right-side > i {\n  margin-right: 0px;\n  margin-left: 8px;\n}\n#default-btn-2831dee880f778da82bf1dd50df99fe3 > i {\n  margin-right: 8px;\n}\n#default-btn-2831dee880f778da82bf1dd50df99fe3 * {\n  vertical-align: middle;\n}\n<\/style><a href=\"\/tr\/iletisim\/\" class=\"default-btn-shortcode dt-btn dt-btn-l link-hover-off button-tto-red btn-inline-left  vc_custom_1600325513459\" id=\"default-btn-2831dee880f778da82bf1dd50df99fe3\" style=\"width:225px;\"><span>Bize Ula\u015f\u0131n<\/span><\/a>[\/vc_column_inner][\/vc_row_inner][\/vc_column][vc_column width=&#8221;1\/2&#8243;][\/vc_column][\/vc_row][vc_row equal_height=&#8221;yes&#8221; content_placement=&#8221;top&#8221; bg_type=&#8221;image&#8221; parallax_style=&#8221;vcpb-hz-jquery&#8221; bg_image_new=&#8221;id^1611|url^https:\/\/www.turkishtranslationoffice.com\/tr\/wp-content\/uploads\/2016\/02\/bg-mem.png|caption^null|alt^null|title^bg-mem|description^null&#8221; bg_override=&#8221;ex-full&#8221; type=&#8221;vc_default&#8221; margin_top=&#8221;5&#8243; margin_bottom=&#8221;10&#8243; css=&#8221;.vc_custom_1597754257594{padding-top: 30px !important;padding-bottom: 50px !important;background-color: #d44133 !important;}&#8221;][vc_column][vc_row_inner equal_height=&#8221;yes&#8221; content_placement=&#8221;top&#8221;][vc_column_inner width=&#8221;1\/2&#8243;]<style type=\"text\/css\" data-type=\"the7_shortcodes-inline-css\">.shortcode-single-image-wrap.shortcode-single-image-8920ddd8d7315a98bba3c37728e49757.enable-bg-rollover .rollover i,\n.shortcode-single-image-wrap.shortcode-single-image-8920ddd8d7315a98bba3c37728e49757.enable-bg-rollover .rollover-video i {\n  background: rgba(0,0,0,0.5);\n  box-shadow: none;\n  background: -webkit-linear-gradient();\n  background: linear-gradient();\n}\n.shortcode-single-image-wrap.shortcode-single-image-8920ddd8d7315a98bba3c37728e49757 .rollover-icon {\n  font-size: 32px;\n  color: #ffffff;\n  min-width: 44px;\n  min-height: 44px;\n  line-height: 44px;\n  border-radius: 100px;\n  border-style: solid;\n  border-width: 0px;\n}\n.dt-icon-bg-on.shortcode-single-image-wrap.shortcode-single-image-8920ddd8d7315a98bba3c37728e49757 .rollover-icon {\n  background: rgba(255,255,255,0.3);\n  box-shadow: none;\n}\n<\/style><div class=\"shortcode-single-image-wrap shortcode-single-image-8920ddd8d7315a98bba3c37728e49757 alignnone  enable-bg-rollover dt-icon-bg-off scale-img\" style=\"margin-top:0px; margin-bottom:0px; margin-left:0px; margin-right:0px; width:350px;\"><div class=\"shortcode-single-image\"><div class=\"fancy-media-wrap\" style=\"border-radius:30px;\"><a class=\"layzr-bg rollover rollover-zoom dt-pswp-item pswp-image\" href=\"https:\/\/www.turkishtranslationoffice.com\/tr\/wp-content\/uploads\/sites\/1\/2022\/06\/iso17100.jpg\" title=\"iso17100\" data-dt-img-description=\"\" data-large_image_width=\"700\" data-large_image_height = \"996\"  style=\"border-radius:30px;\"><img loading=\"lazy\" decoding=\"async\" class=\"preload-me lazy-load\" src=\"data:image\/svg+xml,%3Csvg%20xmlns%3D&#39;http%3A%2F%2Fwww.w3.org%2F2000%2Fsvg&#39;%20viewBox%3D&#39;0%200%20350%20495&#39;%2F%3E\" data-src=\"https:\/\/www.turkishtranslationoffice.com\/tr\/wp-content\/uploads\/sites\/1\/2022\/06\/iso17100-350x495.jpg\" data-srcset=\"https:\/\/www.turkishtranslationoffice.com\/tr\/wp-content\/uploads\/sites\/1\/2022\/06\/iso17100-350x495.jpg 350w, https:\/\/www.turkishtranslationoffice.com\/tr\/wp-content\/uploads\/sites\/1\/2022\/06\/iso17100-700x990.jpg 700w\" width=\"350\" height=\"495\"  data-dt-location=\"https:\/\/www.turkishtranslationoffice.com\/tr\/kalite-sertifikalarimiz\/iso17100\/\" alt=\"ISO 17100\" \/><\/a><\/div><\/div><\/div>[\/vc_column_inner][vc_column_inner width=&#8221;1\/2&#8243; css=&#8221;.vc_custom_1596549880836{padding-top: 20px !important;}&#8221;]<div id=\"ultimate-heading-8669e1a1d337589\" class=\"uvc-heading ult-adjust-bottom-margin ultimate-heading-8669e1a1d337589 uvc-1321 \" data-hspacer=\"no_spacer\"  data-halign=\"left\" style=\"text-align:left\"><div class=\"uvc-heading-spacer no_spacer\" style=\"top\"><\/div><div class=\"uvc-main-heading ult-responsive\"  data-ultimate-target='.uvc-heading.ultimate-heading-8669e1a1d337589 h2'  data-responsive-json-new='{\"font-size\":\"desktop:24px;\",\"line-height\":\"desktop:34px;\"}' ><h2 style=\"font-weight:bold;color:#ffffff;margin-bottom:25px;\">ISO 17100 kalite sertifikas\u0131<\/h2><\/div><\/div>[vc_column_text css=&#8221;.vc_custom_1597754291687{padding-bottom: 30px !important;}&#8221;]<span style=\"font-weight: 400; color: #ffffff;\">Terc\u00fcme ve lokalizasyon sekt\u00f6rlerinde t\u00fcm d\u00fcnyada ge\u00e7erlili\u011fi kabul g\u00f6ren tek sertifika olan ISO 17100, kaliteli bir \u00e7eviri hizmetinin sa\u011flanmas\u0131 i\u00e7in gerekli kaynak ve gereksinimlere sahip oldu\u011fumuzu belgeleyen bir sertifikad\u0131r.<\/span><\/p>\n<p><span style=\"font-weight: 400; color: #ffffff;\">M\u00fc\u015fteri memnuniyetini ilke edinen profesyonel bir \u00e7eviri b\u00fcrosu olarak sizler i\u00e7in \u00fcstlendi\u011fimiz hizmet kalitesinin sorumlulu\u011funu ISO 17100 ile belgelendirmekten gurur duyuyoruz.<\/span>[\/vc_column_text][\/vc_column_inner][\/vc_row_inner][\/vc_column][\/vc_row][vc_row equal_height=&#8221;yes&#8221; content_placement=&#8221;top&#8221; bg_type=&#8221;image&#8221; parallax_style=&#8221;vcpb-default&#8221; bg_image_new=&#8221;id^2302|url^https:\/\/www.turkishtranslationoffice.com\/tr\/wp-content\/uploads\/2020\/08\/arka-plan-siyah-beyaz.png|caption^null|alt^null|title^arka-plan-siyah-beyaz|description^null&#8221; bg_image_repeat=&#8221;no-repeat&#8221; bg_override=&#8221;ex-full&#8221; type=&#8221;vc_default&#8221; margin_top=&#8221;5&#8243; margin_bottom=&#8221;10&#8243; css=&#8221;.vc_custom_1597754338380{padding-top: 30px !important;padding-bottom: 50px !important;}&#8221;][vc_column][vc_row_inner equal_height=&#8221;yes&#8221; content_placement=&#8221;top&#8221;][vc_column_inner width=&#8221;1\/2&#8243; css=&#8221;.vc_custom_1596549880836{padding-top: 20px !important;}&#8221;]<div id=\"ultimate-heading-422769e1a1d3375a8\" class=\"uvc-heading ult-adjust-bottom-margin ultimate-heading-422769e1a1d3375a8 uvc-5060 \" data-hspacer=\"no_spacer\"  data-halign=\"left\" style=\"text-align:left\"><div class=\"uvc-heading-spacer no_spacer\" style=\"top\"><\/div><div class=\"uvc-main-heading ult-responsive\"  data-ultimate-target='.uvc-heading.ultimate-heading-422769e1a1d3375a8 h2'  data-responsive-json-new='{\"font-size\":\"desktop:24px;\",\"line-height\":\"desktop:34px;\"}' ><h2 style=\"font-weight:bold;margin-bottom:25px;\">ISO 9001 kalite sertifikas\u0131<\/h2><\/div><\/div>[vc_column_text css=&#8221;.vc_custom_1597754365985{padding-bottom: 30px !important;}&#8221;]<span style=\"font-weight: 400;\">Turkish Translation Office olarak Mart 2011 itibar\u0131yla ISO 9001 uygunluk belgesi almaya hak kazand\u0131k. ISO 9001 \u015firketlerin kalite y\u00f6netim sistemlerinin kurulumu s\u0131ras\u0131nda uygulanmas\u0131 gereken gereklilikleri ve prosed\u00fcrleri tan\u0131mlayan, T\u00fcrkiye&#8217;de TSE taraf\u0131ndan denetlenen ve onaylanan bir kalite g\u00fcvence sistemidir.<\/span><\/p>\n<p><span style=\"font-weight: 400;\">ISO 9001, \u015firketler i\u00e7in kalite y\u00f6netim sistemlerinden m\u00fc\u015fteri odakl\u0131l\u0131k, \u00fcretim ve hizmet s\u00fcre\u00e7leri, insan kaynaklar\u0131 ve planlamaya kadar geni\u015f bir yelpazede \u00e7e\u015fitli gereksinimler ortaya koymakta ve m\u00fc\u015fteri memnuniyetinin sa\u011fland\u0131\u011f\u0131 g\u00fcn\u00fcm\u00fcz i\u015f d\u00fcnyas\u0131nda en yayg\u0131n kabul g\u00f6ren standart olarak bilinmektedir.<\/span>[\/vc_column_text][\/vc_column_inner][vc_column_inner width=&#8221;1\/2&#8243;]<style type=\"text\/css\" data-type=\"the7_shortcodes-inline-css\">.shortcode-single-image-wrap.shortcode-single-image-3fb0a24d90749bafc1241c7cb9aa3f20.enable-bg-rollover .rollover i,\n.shortcode-single-image-wrap.shortcode-single-image-3fb0a24d90749bafc1241c7cb9aa3f20.enable-bg-rollover .rollover-video i {\n  background: rgba(0,0,0,0.5);\n  box-shadow: none;\n  background: -webkit-linear-gradient();\n  background: linear-gradient();\n}\n.shortcode-single-image-wrap.shortcode-single-image-3fb0a24d90749bafc1241c7cb9aa3f20 .rollover-icon {\n  font-size: 32px;\n  color: #ffffff;\n  min-width: 44px;\n  min-height: 44px;\n  line-height: 44px;\n  border-radius: 100px;\n  border-style: solid;\n  border-width: 0px;\n}\n.dt-icon-bg-on.shortcode-single-image-wrap.shortcode-single-image-3fb0a24d90749bafc1241c7cb9aa3f20 .rollover-icon {\n  background: rgba(255,255,255,0.3);\n  box-shadow: none;\n}\n<\/style><div class=\"shortcode-single-image-wrap shortcode-single-image-3fb0a24d90749bafc1241c7cb9aa3f20 alignnone  enable-bg-rollover dt-icon-bg-off scale-img\" style=\"margin-top:0px; margin-bottom:0px; margin-left:0px; margin-right:0px; width:350px;\"><div class=\"shortcode-single-image\"><div class=\"fancy-media-wrap\" style=\"border-radius:30px;\"><a class=\"layzr-bg rollover rollover-zoom dt-pswp-item pswp-image\" href=\"https:\/\/www.turkishtranslationoffice.com\/tr\/wp-content\/uploads\/sites\/1\/2023\/04\/iso9001.jpg\" title=\"iso9001\" data-dt-img-description=\"\" data-large_image_width=\"700\" data-large_image_height = \"963\"  style=\"border-radius:30px;\"><img loading=\"lazy\" decoding=\"async\" class=\"preload-me lazy-load\" src=\"data:image\/svg+xml,%3Csvg%20xmlns%3D&#39;http%3A%2F%2Fwww.w3.org%2F2000%2Fsvg&#39;%20viewBox%3D&#39;0%200%20350%20495&#39;%2F%3E\" data-src=\"https:\/\/www.turkishtranslationoffice.com\/tr\/wp-content\/uploads\/sites\/1\/2023\/04\/iso9001-350x495.jpg\" data-srcset=\"https:\/\/www.turkishtranslationoffice.com\/tr\/wp-content\/uploads\/sites\/1\/2023\/04\/iso9001-350x495.jpg 350w, https:\/\/www.turkishtranslationoffice.com\/tr\/wp-content\/uploads\/sites\/1\/2023\/04\/iso9001-680x963.jpg 680w\" width=\"350\" height=\"495\"  data-dt-location=\"https:\/\/www.turkishtranslationoffice.com\/tr\/kalite-sertifikalarimiz\/iso9001\/\" alt=\"ISO 9001\" \/><\/a><\/div><\/div><\/div>[\/vc_column_inner][\/vc_row_inner][\/vc_column][\/vc_row]<\/p>\n","protected":false},"excerpt":{"rendered":"<p>[vc_row equal_height=&#8221;yes&#8221; content_placement=&#8221;top&#8221; bg_type=&#8221;image&#8221; parallax_style=&#8221;vcpb-default&#8221; bg_image_new=&#8221;id^3084|url^https:\/\/www.turkishtranslationoffice.com\/tr\/wp-content\/uploads\/2020\/08\/kalite-sertifikalari.jpg|caption^null|alt^null|title^kalite-sertifikalari|description^null&#8221; bg_image_repeat=&#8221;no-repeat&#8221; bg_override=&#8221;full&#8221; type=&#8221;vc_default&#8221; margin_top=&#8221;5&#8243; margin_bottom=&#8221;10&#8243; css=&#8221;.vc_custom_1629987617655{padding-top: 2% !important;padding-bottom: 2% !important;}&#8221;][vc_column width=&#8221;1\/2&#8243;][vc_column_text] Profesyonel ve alan\u0131nda lider bir terc\u00fcme b\u00fcrosu olarak sundu\u011fumuz hizmetlerde ilk \u00f6nceli\u011fimiz kalitedir. \u00c7eviri ve yerelle\u015ftirme hizmetlerimizi sizlerle bulu\u015fturabilmek i\u00e7in terc\u00fcme sekt\u00f6r\u00fcnde d\u00fcnya \u00e7ap\u0131nda ge\u00e7erli olan kalite standartlar\u0131na sahibiz! Akl\u0131n\u0131za tak\u0131lan t\u00fcm sorular\u0131n\u0131z i\u00e7in bize diledi\u011finiz zaman ula\u015fabilirsiniz.[\/vc_column_text][vc_row_inner&hellip;<\/p>\n","protected":false},"author":1,"featured_media":0,"parent":0,"menu_order":10,"comment_status":"closed","ping_status":"closed","template":"","meta":{"footnotes":""},"aioseo_notices":[],"_links":{"self":[{"href":"https:\/\/www.turkishtranslationoffice.com\/tr\/wp-json\/wp\/v2\/pages\/3053"}],"collection":[{"href":"https:\/\/www.turkishtranslationoffice.com\/tr\/wp-json\/wp\/v2\/pages"}],"about":[{"href":"https:\/\/www.turkishtranslationoffice.com\/tr\/wp-json\/wp\/v2\/types\/page"}],"author":[{"embeddable":true,"href":"https:\/\/www.turkishtranslationoffice.com\/tr\/wp-json\/wp\/v2\/users\/1"}],"replies":[{"embeddable":true,"href":"https:\/\/www.turkishtranslationoffice.com\/tr\/wp-json\/wp\/v2\/comments?post=3053"}],"version-history":[{"count":8,"href":"https:\/\/www.turkishtranslationoffice.com\/tr\/wp-json\/wp\/v2\/pages\/3053\/revisions"}],"predecessor-version":[{"id":5852,"href":"https:\/\/www.turkishtranslationoffice.com\/tr\/wp-json\/wp\/v2\/pages\/3053\/revisions\/5852"}],"wp:attachment":[{"href":"https:\/\/www.turkishtranslationoffice.com\/tr\/wp-json\/wp\/v2\/media?parent=3053"}],"curies":[{"name":"wp","href":"https:\/\/api.w.org\/{rel}","templated":true}]}}