{"id":3123,"date":"2020-08-20T12:41:43","date_gmt":"2020-08-20T09:41:43","guid":{"rendered":"https:\/\/www.turkishtranslationoffice.com\/tr\/neler-yapiyoruz-copy\/"},"modified":"2025-12-23T13:04:43","modified_gmt":"2025-12-23T10:04:43","slug":"uluslararasi-uyelikler","status":"publish","type":"page","link":"https:\/\/www.turkishtranslationoffice.com\/tr\/uluslararasi-uyelikler\/","title":{"rendered":"Uluslararas\u0131 \u00dcyelikler"},"content":{"rendered":"<p>[vc_row equal_height=&#8221;yes&#8221; content_placement=&#8221;top&#8221; bg_type=&#8221;image&#8221; parallax_style=&#8221;vcpb-default&#8221; bg_image_new=&#8221;id^4033|url^https:\/\/www.turkishtranslationoffice.com\/tr\/wp-content\/uploads\/2020\/08\/uluslararasi-uyelikler.jpg|caption^null|alt^null|title^uluslararasi-uyelikler|description^null&#8221; bg_image_repeat=&#8221;no-repeat&#8221; bg_override=&#8221;ex-full&#8221; type=&#8221;vc_default&#8221; margin_top=&#8221;5&#8243; margin_bottom=&#8221;10&#8243; css=&#8221;.vc_custom_1629987655858{padding-top: 2% !important;padding-bottom: 2% !important;}&#8221;][vc_column width=&#8221;1\/2&#8243;]<div id=\"ultimate-heading-610869fdefd28d29a\" class=\"uvc-heading ult-adjust-bottom-margin ultimate-heading-610869fdefd28d29a uvc-8135 \" data-hspacer=\"no_spacer\"  data-halign=\"left\" style=\"text-align:left\"><div class=\"uvc-heading-spacer no_spacer\" style=\"top\"><\/div><div class=\"uvc-main-heading ult-responsive\"  data-ultimate-target='.uvc-heading.ultimate-heading-610869fdefd28d29a h1'  data-responsive-json-new='{\"font-size\":\"desktop:28px;\",\"line-height\":\"desktop:34px;\"}' ><h1 style=\"font-weight:bold;color:#ffffff;margin-bottom:25px;\">Uluslararas\u0131 \u00dcyelikler<\/h1><\/div><\/div>[vc_column_text]<\/p>\n<p style=\"text-align: left; font-size: 18px; color: #ffffff;\">Terc\u00fcme ve lokalizasyon dil alan\u0131nda interdisipliner ve teknolojinin de etkisiyle her ge\u00e7en g\u00fcn geli\u015fen alanlard\u0131r. Uluslararas\u0131 \u00fcyeliklerimiz sayesinde sekt\u00f6r\u00fcn nabz\u0131n\u0131 tutuyor, global olarak bu alanda hizmet veren ve katk\u0131da bulunan meslekta\u015flar\u0131m\u0131zla ileti\u015fim halinde kalarak yenilikleri yakal\u0131yoruz.<\/p>\n<p>[\/vc_column_text][vc_row_inner equal_height=&#8221;yes&#8221; content_placement=&#8221;top&#8221;][vc_column_inner css=&#8221;.vc_custom_1644309197812{padding-bottom: 32px !important;}&#8221;]<style type=\"text\/css\" data-type=\"the7_shortcodes-inline-css\">#default-btn-152f2cbaf9bb429292894fd8e428211f.ico-right-side > i {\n  margin-right: 0px;\n  margin-left: 8px;\n}\n#default-btn-152f2cbaf9bb429292894fd8e428211f > i {\n  margin-right: 8px;\n}\n#default-btn-152f2cbaf9bb429292894fd8e428211f * {\n  vertical-align: middle;\n}\n<\/style><a href=\"\/tr\/teklif-alin\/\" class=\"default-btn-shortcode dt-btn dt-btn-l link-hover-off button-tto-grey btn-inline-left  vc_custom_1600325883805\" id=\"default-btn-152f2cbaf9bb429292894fd8e428211f\" style=\"width:225px;\"><span>\u00dccretsiz Teklif Al\u0131n<\/span><\/a><style type=\"text\/css\" data-type=\"the7_shortcodes-inline-css\">#default-btn-d94cc74e4695bac51f1bcd439c2bd352.ico-right-side > i {\n  margin-right: 0px;\n  margin-left: 8px;\n}\n#default-btn-d94cc74e4695bac51f1bcd439c2bd352 > i {\n  margin-right: 8px;\n}\n#default-btn-d94cc74e4695bac51f1bcd439c2bd352 * {\n  vertical-align: middle;\n}\n<\/style><a href=\"\/tr\/iletisim\/\" class=\"default-btn-shortcode dt-btn dt-btn-l link-hover-off button-tto-red btn-inline-left  vc_custom_1600325893629\" id=\"default-btn-d94cc74e4695bac51f1bcd439c2bd352\" style=\"width:225px;\"><span>Bize Ula\u015f\u0131n<\/span><\/a>[\/vc_column_inner][\/vc_row_inner][\/vc_column][vc_column width=&#8221;1\/2&#8243;][\/vc_column][\/vc_row][vc_row equal_height=&#8221;yes&#8221; content_placement=&#8221;top&#8221; bg_type=&#8221;image&#8221; parallax_style=&#8221;vcpb-hz-jquery&#8221; bg_image_new=&#8221;id^1611|url^https:\/\/www.turkishtranslationoffice.com\/tr\/wp-content\/uploads\/2016\/02\/bg-mem.png|caption^null|alt^null|title^bg-mem|description^null&#8221; bg_override=&#8221;ex-full&#8221; type=&#8221;vc_default&#8221; margin_top=&#8221;5&#8243; margin_bottom=&#8221;10&#8243; css=&#8221;.vc_custom_1597922001391{padding-top: 20px !important;padding-bottom: 50px !important;background-color: #f4f4f4 !important;}&#8221;][vc_column]<div id=\"ultimate-heading-273469fdefd28d673\" class=\"uvc-heading ult-adjust-bottom-margin ultimate-heading-273469fdefd28d673 uvc-5920 \" data-hspacer=\"no_spacer\"  data-halign=\"center\" style=\"text-align:center\"><div class=\"uvc-heading-spacer no_spacer\" style=\"top\"><\/div><div class=\"uvc-main-heading ult-responsive\"  data-ultimate-target='.uvc-heading.ultimate-heading-273469fdefd28d673 h2'  data-responsive-json-new='{\"font-size\":\"desktop:44px;\",\"line-height\":\"desktop:34px;\"}' ><h2 style=\"font-weight:bold;margin-bottom:25px;\">Uluslararas\u0131 \u00dcyeliklerimiz<\/h2><\/div><\/div>[vc_separator color=&#8221;custom&#8221; border_width=&#8221;2&#8243; el_width=&#8221;10&#8243; accent_color=&#8221;#d44133&#8243;][vc_column_text]<\/p>\n<p style=\"text-align: center;\">Turkish Translation Office olarak daima yenilikleri takip ediyor ve size daha iyi hizmet sunabilmek i\u00e7in i\u015f s\u00fcre\u00e7lerimize entegre ediyoruz. D\u00fcnya standartlar\u0131nda hizmet sunabilmek i\u00e7in uluslararas\u0131 d\u00fczlemde \u00fcye oldu\u011fumuz kurum ve kurulu\u015flar taraf\u0131ndan d\u00fczenlenen etkinliklere d\u00fczenli olarak kat\u0131l\u0131yoruz.<\/p>\n<p>[\/vc_column_text][vc_row_inner][vc_column_inner width=&#8221;1\/4&#8243;]<section class=\"shortcode-teaser\"><div class=\"layzr-bg shortcode-teaser-img\"><img loading=\"lazy\" decoding=\"async\" class=\"lazy-load\" src=\"data:image\/svg+xml;charset=utf-8,%3Csvg xmlns%3D&#039;http%3A%2F%2Fwww.w3.org%2F2000%2Fsvg&#039; viewBox%3D&#039;0 0 150 83&#039;%2F%3E\" width=\"150\" height=\"83\" alt=\"globalization ve localization association\" data-srcset=\"https:\/\/www.turkishtranslationoffice.com\/tr\/wp-content\/uploads\/sites\/1\/2020\/08\/gala.png 150w\" data-src=\"https:\/\/www.turkishtranslationoffice.com\/tr\/wp-content\/uploads\/sites\/1\/2020\/08\/gala.png\" \/><\/div><div class=\"shortcode-teaser-content text-normal\"><p>D\u00fcnya genelinde dil alan\u0131nda kar amac\u0131 g\u00fctmeyen en b\u00fcy\u00fck ticari birliklerinden biri olan GALA, sekt\u00f6rdeki uzmanlar\u0131n\u0131 g\u00fcncel bilgi ve teknolojik geli\u015fmeler, yeni standartlar hakk\u0131nda g\u00fcncel tutarak toplulu\u011fun geli\u015fimi i\u00e7in faaliyetlerini s\u00fcrd\u00fcr\u00fcyor. GALA\u2019n\u0131n programlar\u0131 hakk\u0131nda daha fazla bilgi i\u00e7in web sitesini ziyaret edebilirsiniz.<\/p>\n<p><a href=\"https:\/\/www.gala-global.org\/\" target=\"_blank\" rel=\"noopener noreferrer\"><strong>www.gala-global.org<\/strong><\/a><\/p>\n<\/div><\/section>[\/vc_column_inner][vc_column_inner width=&#8221;1\/4&#8243;]<section class=\"shortcode-teaser\"><div class=\"layzr-bg shortcode-teaser-img\"><img loading=\"lazy\" decoding=\"async\" class=\"lazy-load\" src=\"data:image\/svg+xml;charset=utf-8,%3Csvg xmlns%3D&#039;http%3A%2F%2Fwww.w3.org%2F2000%2Fsvg&#039; viewBox%3D&#039;0 0 150 83&#039;%2F%3E\" width=\"150\" height=\"83\" alt=\"the language data network\" data-srcset=\"https:\/\/www.turkishtranslationoffice.com\/tr\/wp-content\/uploads\/sites\/1\/2020\/08\/taus.png 150w\" data-src=\"https:\/\/www.turkishtranslationoffice.com\/tr\/wp-content\/uploads\/sites\/1\/2020\/08\/taus.png\" \/><\/div><div class=\"shortcode-teaser-content text-normal\"><p>TAUS d\u00fcnya \u00e7ap\u0131nda dil ve \u00e7eviri sekt\u00f6rleri i\u00e7in bir kaynak merkezi olarak g\u00f6rev yapan ba\u011f\u0131ms\u0131z bir kurulu\u015ftur. \u0130leti\u015fimi geli\u015ftirip \u00e7eviri sekt\u00f6r\u00fcn\u00fc b\u00fcy\u00fcterek sekt\u00f6r\u00fcn g\u00f6r\u00fcn\u00fcrl\u00fc\u011f\u00fcn\u00fc artt\u0131rma misyonuyla faaliyetlerini s\u00fcrd\u00fcren TAUS hakk\u0131nda detayl\u0131 bilgiler edinmek i\u00e7in web sitesini ziyaret edebilirsiniz.<\/p>\n<p><a href=\"https:\/\/www.taus.net\/\" target=\"_blank\" rel=\"noopener noreferrer\"><strong>www.taus.net<\/strong><\/a><\/p>\n<\/div><\/section>[\/vc_column_inner][vc_column_inner el_class=&#8221;atamembership&#8221; width=&#8221;1\/4&#8243;]<section class=\"shortcode-teaser\"><div class=\"layzr-bg shortcode-teaser-img\"><img loading=\"lazy\" decoding=\"async\" class=\"lazy-load\" src=\"data:image\/svg+xml;charset=utf-8,%3Csvg xmlns%3D&#039;http%3A%2F%2Fwww.w3.org%2F2000%2Fsvg&#039; viewBox%3D&#039;0 0 150 83&#039;%2F%3E\" width=\"150\" height=\"83\" alt=\"american translators association\" data-srcset=\"https:\/\/www.turkishtranslationoffice.com\/tr\/wp-content\/uploads\/sites\/1\/2020\/08\/ata.png 150w\" data-src=\"https:\/\/www.turkishtranslationoffice.com\/tr\/wp-content\/uploads\/sites\/1\/2020\/08\/ata.png\" \/><\/div><div class=\"shortcode-teaser-content text-normal\"><p>American Translators Association (ATA) yaz\u0131l\u0131 ve s\u00f6zl\u00fc \u00e7evirmenler, \u00f6\u011fretmenler, proje y\u00f6neticileri, yaz\u0131l\u0131mc\u0131lar, \u00e7eviri b\u00fcrolar\u0131, hastane, \u00fcniversite ve devlet kurumlar\u0131ndan olu\u015fan yakla\u015f\u0131k 10.000 \u00fcyeye sahiptir. Kurulu\u015f amac\u0131 \u00e7evirmenlerin mesleki geli\u015fimlerine katk\u0131da bulunmak olan ATA, bu ba\u011flamda pek \u00e7ok webinar, konferans, fuar ve e\u011fitici etkinlikler d\u00fczenliyor. Detayl\u0131 bilgi sahibi i\u00e7in ATA\u2019n\u0131n web sitesini ziyaret edebilirsiniz.<\/p>\n<p><a href=\"https:\/\/www.atanet.org\/\" target=\"_blank\" rel=\"noopener noreferrer\"><strong>www.atanet.org<\/strong><\/a><\/p>\n<\/div><\/section>[\/vc_column_inner][vc_column_inner width=&#8221;1\/4&#8243;]<section class=\"shortcode-teaser\"><div class=\"layzr-bg shortcode-teaser-img\"><img loading=\"lazy\" decoding=\"async\" class=\"lazy-load\" src=\"data:image\/svg+xml;charset=utf-8,%3Csvg xmlns%3D&#039;http%3A%2F%2Fwww.w3.org%2F2000%2Fsvg&#039; viewBox%3D&#039;0 0 150 83&#039;%2F%3E\" width=\"150\" height=\"83\" alt=\"european language industry association\" data-srcset=\"https:\/\/www.turkishtranslationoffice.com\/tr\/wp-content\/uploads\/sites\/1\/2020\/08\/elia.png 150w\" data-src=\"https:\/\/www.turkishtranslationoffice.com\/tr\/wp-content\/uploads\/sites\/1\/2020\/08\/elia.png\" \/><\/div><div class=\"shortcode-teaser-content text-normal\"><p>European Language Industry Association \u015feklinde a\u00e7\u0131l\u0131m\u0131 yap\u0131lan ve dil hizmetlerinde Avrupa\u2019n\u0131n \u00f6nde gelen kurulu\u015flar\u0131ndan biri olan Elia, dil hizmetleri sunan \u00fcyelerinin ticari ba\u015far\u0131s\u0131n\u0131 art\u0131rma misyonuyla kurulmu\u015f, kar amac\u0131 g\u00fctmeyen bir ticari birliktir. Elia hakk\u0131nda detayl\u0131 bilgi sahibi olmak i\u00e7in web sitesini ziyaret edebilirsiniz.<\/p>\n<p><a href=\"http:\/\/elia-association.org\/\" target=\"_blank\" rel=\"noopener noreferrer\"><strong>www.elia-association.org<\/strong><\/a><\/p>\n<\/div><\/section>[\/vc_column_inner][\/vc_row_inner][\/vc_column][\/vc_row]<\/p>\n","protected":false},"excerpt":{"rendered":"<p>[vc_row equal_height=&#8221;yes&#8221; content_placement=&#8221;top&#8221; bg_type=&#8221;image&#8221; parallax_style=&#8221;vcpb-default&#8221; bg_image_new=&#8221;id^4033|url^https:\/\/www.turkishtranslationoffice.com\/tr\/wp-content\/uploads\/2020\/08\/uluslararasi-uyelikler.jpg|caption^null|alt^null|title^uluslararasi-uyelikler|description^null&#8221; bg_image_repeat=&#8221;no-repeat&#8221; bg_override=&#8221;ex-full&#8221; type=&#8221;vc_default&#8221; margin_top=&#8221;5&#8243; margin_bottom=&#8221;10&#8243; css=&#8221;.vc_custom_1629987655858{padding-top: 2% !important;padding-bottom: 2% !important;}&#8221;][vc_column width=&#8221;1\/2&#8243;][vc_column_text] Terc\u00fcme ve lokalizasyon dil alan\u0131nda interdisipliner ve teknolojinin de etkisiyle her ge\u00e7en g\u00fcn geli\u015fen alanlard\u0131r. Uluslararas\u0131 \u00fcyeliklerimiz sayesinde sekt\u00f6r\u00fcn nabz\u0131n\u0131 tutuyor, global olarak bu alanda hizmet veren ve katk\u0131da bulunan meslekta\u015flar\u0131m\u0131zla ileti\u015fim halinde kalarak yenilikleri yakal\u0131yoruz. [\/vc_column_text][vc_row_inner equal_height=&#8221;yes&#8221;&hellip;<\/p>\n","protected":false},"author":1,"featured_media":0,"parent":0,"menu_order":10,"comment_status":"closed","ping_status":"closed","template":"","meta":{"footnotes":""},"aioseo_notices":[],"_links":{"self":[{"href":"https:\/\/www.turkishtranslationoffice.com\/tr\/wp-json\/wp\/v2\/pages\/3123"}],"collection":[{"href":"https:\/\/www.turkishtranslationoffice.com\/tr\/wp-json\/wp\/v2\/pages"}],"about":[{"href":"https:\/\/www.turkishtranslationoffice.com\/tr\/wp-json\/wp\/v2\/types\/page"}],"author":[{"embeddable":true,"href":"https:\/\/www.turkishtranslationoffice.com\/tr\/wp-json\/wp\/v2\/users\/1"}],"replies":[{"embeddable":true,"href":"https:\/\/www.turkishtranslationoffice.com\/tr\/wp-json\/wp\/v2\/comments?post=3123"}],"version-history":[{"count":4,"href":"https:\/\/www.turkishtranslationoffice.com\/tr\/wp-json\/wp\/v2\/pages\/3123\/revisions"}],"predecessor-version":[{"id":5871,"href":"https:\/\/www.turkishtranslationoffice.com\/tr\/wp-json\/wp\/v2\/pages\/3123\/revisions\/5871"}],"wp:attachment":[{"href":"https:\/\/www.turkishtranslationoffice.com\/tr\/wp-json\/wp\/v2\/media?parent=3123"}],"curies":[{"name":"wp","href":"https:\/\/api.w.org\/{rel}","templated":true}]}}