{"id":3821,"date":"2020-08-28T19:09:26","date_gmt":"2020-08-28T16:09:26","guid":{"rendered":"https:\/\/www.turkishtranslationoffice.com\/tr\/gizlilik-sozlesmesi-copy\/"},"modified":"2022-09-02T14:32:26","modified_gmt":"2022-09-02T11:32:26","slug":"kunye","status":"publish","type":"page","link":"https:\/\/www.turkishtranslationoffice.com\/tr\/kunye\/","title":{"rendered":"\u015eirket K\u00fcnyesi"},"content":{"rendered":"<p>[vc_row equal_height=&#8221;yes&#8221; content_placement=&#8221;top&#8221; bg_type=&#8221;image&#8221; parallax_style=&#8221;vcpb-default&#8221; bg_image_new=&#8221;id^3337|url^https:\/\/www.turkishtranslationoffice.com\/tr\/wp-content\/uploads\/2020\/08\/iletisim.jpg|caption^null|alt^null|title^iletisim|description^null&#8221; bg_override=&#8221;ex-full&#8221; type=&#8221;vc_default&#8221; margin_top=&#8221;5&#8243; margin_bottom=&#8221;10&#8243; css=&#8221;.vc_custom_1598087591821{padding-top: 150px !important;padding-bottom: 150px !important;}&#8221;][vc_column][\/vc_column][\/vc_row][vc_row equal_height=&#8221;yes&#8221; content_placement=&#8221;top&#8221; bg_type=&#8221;image&#8221; parallax_style=&#8221;vcpb-hz-jquery&#8221; bg_image_new=&#8221;id^1611|url^https:\/\/www.turkishtranslationoffice.com\/tr\/wp-content\/uploads\/2016\/02\/bg-mem.png|caption^null|alt^null|title^bg-mem|description^null&#8221; bg_override=&#8221;ex-full&#8221; type=&#8221;vc_default&#8221; margin_top=&#8221;5&#8243; margin_bottom=&#8221;10&#8243; css=&#8221;.vc_custom_1629987919279{padding-top: 2% !important;padding-bottom: 2% !important;}&#8221;][vc_column width=&#8221;1\/2&#8243; css=&#8221;.vc_custom_1644308625416{padding-bottom: 32px !important;}&#8221;][vc_column_text]<\/p>\n<p style=\"font-weight: 300; font-size: 18px!important; color: #d44133;\"><strong>Avrupa Ofisi<\/strong><\/p>\n<p style=\"font-weight: 300;\"><strong>Yetkili:<\/strong> Emre BARLAS<\/p>\n<p><strong>Unvan\u0131:<\/strong> EDU Group GmbH<\/p>\n<p><strong>Tescilli Adres:<\/strong> Bornheimer Stra\u00dfe 127 53119 Bonn \u2013 ALMANYA<\/p>\n<p><strong>Ticaret Sicil No:<\/strong> HRB 15783<\/p>\n<p><strong>Vergi Dairesi:<\/strong> Bonn-Innenstadt<\/p>\n<p><strong>Vergi No:<\/strong> USt-Id-Nr. DE 295162040 \/ St-Nr. 205\/5714\/1975[\/vc_column_text][\/vc_column][vc_column width=&#8221;1\/2&#8243;][vc_column_text]<\/p>\n<p style=\"font-weight: 300; font-size: 18px!important; color: #d44133;\"><strong>T\u00fcrkiye Ofisi<\/strong><\/p>\n<p style=\"font-weight: 300;\"><strong>Yetkili:<\/strong> Emre BARLAS<\/p>\n<p><strong>Unvan\u0131:<\/strong> Barlas E\u011fitim Dan\u0131\u015fmanl\u0131k Bilgisayar Hizmetleri Terc\u00fcme Turizm San. Ve D\u0131\u015f Tic. Ltd. \u015eti.<\/p>\n<p><strong>Tescilli Adres:<\/strong> Kore \u015eehitleri Caddesi, Mithat \u00dcnl\u00fc Sokak Plaza 21 D: 14 No:17 34394 Zincirlikuyu \/ \u0130stanbul<\/p>\n<p><strong>Ticaret Sicil No:<\/strong> 560464<\/p>\n<p><strong>Vergi Dairesi:<\/strong> Zincirlikuyu<\/p>\n<p><strong>Vergi No:<\/strong> 1420510212[\/vc_column_text][\/vc_column][\/vc_row][vc_row equal_height=&#8221;yes&#8221; content_placement=&#8221;middle&#8221; bg_type=&#8221;bg_color&#8221; bg_override=&#8221;ex-full&#8221; type=&#8221;vc_default&#8221; margin_top=&#8221;-50&#8243; bg_color_value=&#8221;#f4f4f4&#8243; css=&#8221;.vc_custom_1600257046826{padding-top: 30px !important;padding-bottom: 50px !important;}&#8221;][vc_column]<div id=\"ultimate-heading-5769e1f0724b799\" class=\"uvc-heading ult-adjust-bottom-margin ultimate-heading-5769e1f0724b799 uvc-4891 \" data-hspacer=\"no_spacer\"  data-halign=\"center\" style=\"text-align:center\"><div class=\"uvc-heading-spacer no_spacer\" style=\"top\"><\/div><div class=\"uvc-main-heading ult-responsive\"  data-ultimate-target='.uvc-heading.ultimate-heading-5769e1f0724b799 h2'  data-responsive-json-new='{\"font-size\":\"desktop:44px;\",\"line-height\":\"desktop:54px;\"}' ><h2 style=\"font-weight:bold;margin-bottom:30px;\">Hizmetlerimiz<\/h2><\/div><\/div>[vc_separator color=&#8221;custom&#8221; border_width=&#8221;2&#8243; el_width=&#8221;10&#8243; accent_color=&#8221;#d44133&#8243;]<style type=\"text\/css\" data-type=\"the7_shortcodes-inline-css\">.carousel-shortcode.carousel-shortcode-id-5601fde133adae31f322030ef767271a .owl-nav a {\n  width: 36px;\n  height: 36px;\n  border-radius: 500px;\n}\n.dt-arrow-border-on.carousel-shortcode.carousel-shortcode-id-5601fde133adae31f322030ef767271a .owl-nav a:not(:hover):before {\n  border-width: 0px;\n}\n.dt-arrow-hover-border-on.carousel-shortcode.carousel-shortcode-id-5601fde133adae31f322030ef767271a .owl-nav a:hover:after {\n  border-width: 0px;\n}\n.arrows-bg-on.carousel-shortcode.carousel-shortcode-id-5601fde133adae31f322030ef767271a .owl-nav a:before {\n  background: #f7f7f7;\n}\n.arrows-hover-bg-on.carousel-shortcode.carousel-shortcode-id-5601fde133adae31f322030ef767271a .owl-nav a:after {\n  background: #f7f7f7;\n}\n.carousel-shortcode.carousel-shortcode-id-5601fde133adae31f322030ef767271a .owl-nav a.owl-prev {\n  top: 50%;\n  transform: translateY(calc(-50% + 0px));\n  left: -55px;\n}\n@media all and (-ms-high-contrast: none) {\n  .carousel-shortcode.carousel-shortcode-id-5601fde133adae31f322030ef767271a .owl-nav a.owl-prev {\n    transform: translateY(-50%);\n    margin-top: 0px;\n  }\n}\n.carousel-shortcode.carousel-shortcode-id-5601fde133adae31f322030ef767271a .owl-nav a.owl-prev i {\n  padding: 0px 0px 0px 0px;\n}\n.carousel-shortcode.carousel-shortcode-id-5601fde133adae31f322030ef767271a .owl-nav a.owl-next {\n  top: 50%;\n  transform: translateY(calc(-50% + 0px));\n  right: -55px;\n}\n@media all and (-ms-high-contrast: none) {\n  .carousel-shortcode.carousel-shortcode-id-5601fde133adae31f322030ef767271a .owl-nav a.owl-next {\n    transform: translateY(-50%);\n    margin-top: 0px;\n  }\n}\n.carousel-shortcode.carousel-shortcode-id-5601fde133adae31f322030ef767271a .owl-nav a.owl-next i {\n  padding: 0px 0px 0px 0px;\n}\n.carousel-shortcode.carousel-shortcode-id-5601fde133adae31f322030ef767271a .owl-nav i {\n  font-size: 30px;\n}\n.carousel-shortcode.carousel-shortcode-id-5601fde133adae31f322030ef767271a .owl-nav a:not(:hover) i,\n.carousel-shortcode.carousel-shortcode-id-5601fde133adae31f322030ef767271a .owl-nav a:not(:hover) i:before {\n  color: rgba(0,0,0,0.2);\n  background: none;\n}\n.carousel-shortcode.carousel-shortcode-id-5601fde133adae31f322030ef767271a .owl-dots {\n  top: calc(100% + 20px);\n  left: 50%;\n  transform: translateX(calc(-50% + 0px));\n}\n@media all and (-ms-high-contrast: none) {\n  .carousel-shortcode.carousel-shortcode-id-5601fde133adae31f322030ef767271a .owl-dots {\n    transform: translateX(-50%);\n    margin-left: 0px;\n  }\n}\n.carousel-shortcode.carousel-shortcode-id-5601fde133adae31f322030ef767271a .owl-dot {\n  width: 10px;\n  height: 10px;\n  margin: 0 8px;\n}\n@media screen and (max-width: 778px) {\n  .carousel-shortcode.carousel-shortcode-id-5601fde133adae31f322030ef767271a.hide-arrows .owl-nav a {\n    display: none;\n  }\n}\n@media screen and (max-width: 990px) {\n  .carousel-shortcode.carousel-shortcode-id-5601fde133adae31f322030ef767271a.reposition-arrows .owl-nav .owl-prev {\n    top: 50%;\n    transform: translateY(calc(-50% + 0px));\n    left: -20px;\n  }\n  .carousel-shortcode.carousel-shortcode-id-5601fde133adae31f322030ef767271a.reposition-arrows .owl-nav .owl-next {\n    top: 50%;\n    transform: translateY(calc(-50% + 0px));\n    right: -20px;\n  }\n}\n@media screen and (max-width: 990px) and all and (-ms-high-contrast: none) {\n  .carousel-shortcode.carousel-shortcode-id-5601fde133adae31f322030ef767271a.reposition-arrows .owl-nav .owl-prev {\n    transform: translateY(-50%);\n    margin-top: 0px;\n  }\n}\n@media screen and (max-width: 990px) and all and (-ms-high-contrast: none) {\n  .carousel-shortcode.carousel-shortcode-id-5601fde133adae31f322030ef767271a.reposition-arrows .owl-nav .owl-next {\n    transform: translateY(-50%);\n    margin-top: 0px;\n  }\n}\n<\/style><div class=\"owl-carousel carousel-shortcode dt-owl-carousel-call carousel-shortcode-id-5601fde133adae31f322030ef767271a bullets-small-dot-stroke reposition-arrows arrows-bg-on dt-arrow-border-on dt-arrow-hover-border-on disable-arrows-hover-bg arrows-hover-bg-on  \" data-scroll-mode=\"page\" data-col-num=\"4\" data-wide-col-num=\"4\" data-laptop-col=\"3\" data-h-tablet-columns-num=\"2\" data-v-tablet-columns-num=\"1\" data-phone-columns-num=\"1\" data-auto-height=\"false\" data-col-gap=\"30\" data-stage-padding=\"10\" data-speed=\"500\" data-autoplay=\"true\" data-autoplay_speed=\"6000\" data-arrows=\"true\" data-bullet=\"false\" data-next-icon=\"icon-ar-013-r\" data-prev-icon=\"icon-ar-013-l\">[vc_row_inner css=&#8221;.vc_custom_1597995519313{border-right-width: 10px !important;border-right-color: #f4f4f4 !important;border-right-style: solid !important;}&#8221;][vc_column_inner css=&#8221;.vc_custom_1644308661702{padding-bottom: 15px !important;background-color: #d6d6d4 !important;}&#8221;]<div class=\"aio-icon-component  vc_custom_1597843093159  accent-icon-bg style_2\"><div id=\"Info-box-wrap-1106\" class=\"aio-icon-box top-icon\" style=\"\"  ><div class=\"aio-icon-top\"><div class=\"ult-just-icon-wrapper  \"><div class=\"align-icon\" style=\"text-align:center;\">\n<div class=\"aio-icon advanced \"  style=\"color:#ffffff;background:#ffffff;border-style:;border-color:#333333;border-width:1px;width:70px;height:70px;line-height:70px;border-radius:500px;font-size:32px;display:inline-block;\">\n\t<i class=\"fas fa-keyboard\"><\/i>\n<\/div><\/div><\/div><\/div><div class=\"aio-icon-header\" ><h3 class=\"aio-icon-title ult-responsive\"  data-ultimate-target='#Info-box-wrap-1106 .aio-icon-title'  data-responsive-json-new='{\"font-size\":\"desktop:20px;\",\"line-height\":\"desktop:30px;\"}'  style=\"font-weight:bold;\">Yaz\u0131l\u0131 Terc\u00fcme Hizmetleri<\/h3><\/div> <!-- header --><div class=\"aio-icon-description ult-responsive\"  data-ultimate-target='#Info-box-wrap-1106 .aio-icon-description'  data-responsive-json-new='{\"font-size\":\"desktop:14px;\",\"line-height\":\"desktop:24px;\"}'  style=\"\">T\u00fcm dil \u00e7iftlerinde yaz\u0131l\u0131 \u00e7eviride uygun fiyatlar ve kaliteli hizmet i\u00e7in \u00fccretsiz teklifinizi isteyin!<\/div> <!-- description --><\/div> <!-- aio-icon-box --><\/div> <!-- aio-icon-component --><style type=\"text\/css\" data-type=\"the7_shortcodes-inline-css\">#default-btn-88309c555b2e7409e4eb536793418144.ico-right-side > i {\n  margin-right: 0px;\n  margin-left: 8px;\n}\n#default-btn-88309c555b2e7409e4eb536793418144 > i {\n  margin-right: 8px;\n}\n#default-btn-88309c555b2e7409e4eb536793418144 * {\n  vertical-align: middle;\n}\n<\/style><div class=\"btn-align-center\"><a href=\"\/tr\/yazili-tercume-hizmetleri\/\" class=\"default-btn-shortcode dt-btn dt-btn-m link-hover-off \" id=\"default-btn-88309c555b2e7409e4eb536793418144\"><span>Detayl\u0131 Bilgi<\/span><\/a><\/div>[\/vc_column_inner][\/vc_row_inner][vc_row_inner css=&#8221;.vc_custom_1597995487656{border-right-width: 10px !important;border-right-color: #f4f4f4 !important;border-right-style: solid !important;}&#8221;][vc_column_inner css=&#8221;.vc_custom_1644308708379{padding-bottom: 15px !important;background-color: #bdbdbd !important;}&#8221;]<div class=\"aio-icon-component  vc_custom_1597936841862  accent-icon-bg style_2\"><div id=\"Info-box-wrap-8712\" class=\"aio-icon-box top-icon\" style=\"\"  ><div class=\"aio-icon-top\"><div class=\"ult-just-icon-wrapper  \"><div class=\"align-icon\" style=\"text-align:center;\">\n<div class=\"aio-icon advanced \"  style=\"color:#ffffff;background:#ffffff;border-style:;border-color:#333333;border-width:1px;width:70px;height:70px;line-height:70px;border-radius:500px;font-size:32px;display:inline-block;\">\n\t<i class=\"fas fa-comments\"><\/i>\n<\/div><\/div><\/div><\/div><div class=\"aio-icon-header\" ><h3 class=\"aio-icon-title ult-responsive\"  data-ultimate-target='#Info-box-wrap-8712 .aio-icon-title'  data-responsive-json-new='{\"font-size\":\"desktop:20px;\",\"line-height\":\"desktop:30px;\"}'  style=\"font-weight:bold;\">S\u00f6zl\u00fc Terc\u00fcme Hizmetleri<\/h3><\/div> <!-- header --><div class=\"aio-icon-description ult-responsive\"  data-ultimate-target='#Info-box-wrap-8712 .aio-icon-description'  data-responsive-json-new='{\"font-size\":\"desktop:14px;\",\"line-height\":\"desktop:24px;\"}'  style=\"\">Profesyonel terc\u00fcme hizmetlerimizden en iyi fiyatlardan yararlanma f\u0131rsat\u0131n\u0131 ka\u00e7\u0131rmay\u0131n!<\/div> <!-- description --><\/div> <!-- aio-icon-box --><\/div> <!-- aio-icon-component --><style type=\"text\/css\" data-type=\"the7_shortcodes-inline-css\">#default-btn-b051a89449f81131bb06a41e3ed14228.ico-right-side > i {\n  margin-right: 0px;\n  margin-left: 8px;\n}\n#default-btn-b051a89449f81131bb06a41e3ed14228 > i {\n  margin-right: 8px;\n}\n#default-btn-b051a89449f81131bb06a41e3ed14228 * {\n  vertical-align: middle;\n}\n<\/style><div class=\"btn-align-center\"><a href=\"\/tr\/sozlu-tercume-hizmetleri\/\" class=\"default-btn-shortcode dt-btn dt-btn-m link-hover-off \" id=\"default-btn-b051a89449f81131bb06a41e3ed14228\"><span>Detayl\u0131 Bilgi<\/span><\/a><\/div>[\/vc_column_inner][\/vc_row_inner][vc_row_inner css=&#8221;.vc_custom_1597995581959{border-right-width: 10px !important;border-right-color: #f4f4f4 !important;border-right-style: solid !important;}&#8221;][vc_column_inner css=&#8221;.vc_custom_1644308722242{padding-bottom: 15px !important;background-color: #d6d6d4 !important;}&#8221;]<div class=\"aio-icon-component  vc_custom_1595252141735  accent-icon-bg style_2\"><div id=\"Info-box-wrap-8569\" class=\"aio-icon-box top-icon\" style=\"\"  ><div class=\"aio-icon-top\"><div class=\"ult-just-icon-wrapper  \"><div class=\"align-icon\" style=\"text-align:center;\">\n<div class=\"aio-icon advanced \"  style=\"color:#ffffff;background:#ffffff;border-style:;border-color:#333333;border-width:1px;width:70px;height:70px;line-height:70px;border-radius:500px;font-size:32px;display:inline-block;\">\n\t<i class=\"fas fa-globe-europe\"><\/i>\n<\/div><\/div><\/div><\/div><div class=\"aio-icon-header\" ><h3 class=\"aio-icon-title ult-responsive\"  data-ultimate-target='#Info-box-wrap-8569 .aio-icon-title'  data-responsive-json-new='{\"font-size\":\"desktop:20px;\",\"line-height\":\"desktop:30px;\"}'  style=\"font-weight:bold;\">Yerelle\u015ftirme Hizmetleri<\/h3><\/div> <!-- header --><div class=\"aio-icon-description ult-responsive\"  data-ultimate-target='#Info-box-wrap-8569 .aio-icon-description'  data-responsive-json-new='{\"font-size\":\"desktop:14px;\",\"line-height\":\"desktop:24px;\"}'  style=\"\">Lokalizasyona ihtiya\u00e7 duydu\u011funuz her alanda ekiplerimizin uzmanl\u0131\u011f\u0131na g\u00fcvenebilirsiniz.<\/div> <!-- description --><\/div> <!-- aio-icon-box --><\/div> <!-- aio-icon-component --><style type=\"text\/css\" data-type=\"the7_shortcodes-inline-css\">#default-btn-144c32b6a6c0b4241279e3d0b782162e.ico-right-side > i {\n  margin-right: 0px;\n  margin-left: 8px;\n}\n#default-btn-144c32b6a6c0b4241279e3d0b782162e > i {\n  margin-right: 8px;\n}\n#default-btn-144c32b6a6c0b4241279e3d0b782162e * {\n  vertical-align: middle;\n}\n<\/style><div class=\"btn-align-center\"><a href=\"\/tr\/yerellestirme-hizmetleri\/\" class=\"default-btn-shortcode dt-btn dt-btn-m link-hover-off \" id=\"default-btn-144c32b6a6c0b4241279e3d0b782162e\"><span>Detayl\u0131 Bilgi<\/span><\/a><\/div>[\/vc_column_inner][\/vc_row_inner][vc_row_inner css=&#8221;.vc_custom_1597995612173{border-right-width: 10px !important;border-right-color: #f4f4f4 !important;border-right-style: solid !important;}&#8221;][vc_column_inner css=&#8221;.vc_custom_1644308733041{padding-bottom: 15px !important;background-color: #bdbdbd !important;}&#8221;]<div class=\"aio-icon-component  vc_custom_1596023833575  accent-icon-bg style_2\"><div id=\"Info-box-wrap-4734\" class=\"aio-icon-box top-icon\" style=\"\"  ><div class=\"aio-icon-top\"><div class=\"ult-just-icon-wrapper  \"><div class=\"align-icon\" style=\"text-align:center;\">\n<div class=\"aio-icon advanced \"  style=\"color:#ffffff;background:#ffffff;border-style:;border-color:#333333;border-width:1px;width:70px;height:70px;line-height:70px;border-radius:500px;font-size:32px;display:inline-block;\">\n\t<i class=\"fas fa-photo-video\"><\/i>\n<\/div><\/div><\/div><\/div><div class=\"aio-icon-header\" ><h3 class=\"aio-icon-title ult-responsive\"  data-ultimate-target='#Info-box-wrap-4734 .aio-icon-title'  data-responsive-json-new='{\"font-size\":\"desktop:20px;\",\"line-height\":\"desktop:30px;\"}'  style=\"font-weight:bold;\">Multimedya Hizmetleri<\/h3><\/div> <!-- header --><div class=\"aio-icon-description ult-responsive\"  data-ultimate-target='#Info-box-wrap-4734 .aio-icon-description'  data-responsive-json-new='{\"font-size\":\"desktop:14px;\",\"line-height\":\"desktop:24px;\"}'  style=\"\">Turkish Translation Office\u2019ten en iyi fiyatlara multimedya hizmetleri almak i\u00e7in \u015fimdi \u00fccretsiz teklifinizi isteyin!<\/div> <!-- description --><\/div> <!-- aio-icon-box --><\/div> <!-- aio-icon-component --><style type=\"text\/css\" data-type=\"the7_shortcodes-inline-css\">#default-btn-06494362ed5043c79a4e536c063792bf.ico-right-side > i {\n  margin-right: 0px;\n  margin-left: 8px;\n}\n#default-btn-06494362ed5043c79a4e536c063792bf > i {\n  margin-right: 8px;\n}\n#default-btn-06494362ed5043c79a4e536c063792bf * {\n  vertical-align: middle;\n}\n<\/style><div class=\"btn-align-center\"><a href=\"\/tr\/multimedya-hizmetleri\/\" class=\"default-btn-shortcode dt-btn dt-btn-m link-hover-off \" id=\"default-btn-06494362ed5043c79a4e536c063792bf\"><span>Detayl\u0131 Bilgi<\/span><\/a><\/div>[\/vc_column_inner][\/vc_row_inner][vc_row_inner css=&#8221;.vc_custom_1597995642444{border-right-width: 10px !important;border-right-color: #f4f4f4 !important;border-right-style: solid !important;}&#8221;][vc_column_inner css=&#8221;.vc_custom_1644308743366{padding-bottom: 15px !important;background-color: #d6d6d4 !important;}&#8221;]<div class=\"aio-icon-component  vc_custom_1595836587618  accent-icon-bg style_2\"><div id=\"Info-box-wrap-3365\" class=\"aio-icon-box top-icon\" style=\"\"  ><div class=\"aio-icon-top\"><div class=\"ult-just-icon-wrapper  \"><div class=\"align-icon\" style=\"text-align:center;\">\n<div class=\"aio-icon advanced \"  style=\"color:#ffffff;background:#ffffff;border-style:;border-color:#333333;border-width:1px;width:70px;height:70px;line-height:70px;border-radius:500px;font-size:32px;display:inline-block;\">\n\t<i class=\"fas fa-diagnoses\"><\/i>\n<\/div><\/div><\/div><\/div><div class=\"aio-icon-header\" ><h3 class=\"aio-icon-title ult-responsive\"  data-ultimate-target='#Info-box-wrap-3365 .aio-icon-title'  data-responsive-json-new='{\"font-size\":\"desktop:20px;\",\"line-height\":\"desktop:30px;\"}'  style=\"font-weight:bold;\">Dijital Pazarlama<\/h3><\/div> <!-- header --><div class=\"aio-icon-description ult-responsive\"  data-ultimate-target='#Info-box-wrap-3365 .aio-icon-description'  data-responsive-json-new='{\"font-size\":\"desktop:14px;\",\"line-height\":\"desktop:24px;\"}'  style=\"\">TTO olarak 21. y\u00fczy\u0131l\u0131n ticaret anlay\u0131\u015f\u0131 olan dijital pazarlama alan\u0131nda hem teknik hem de yarat\u0131c\u0131 hizmetler sunuyoruz!<\/div> <!-- description --><\/div> <!-- aio-icon-box --><\/div> <!-- aio-icon-component --><style type=\"text\/css\" data-type=\"the7_shortcodes-inline-css\">#default-btn-90c64e8ac0cb5a60a8bb532a57027f06.ico-right-side > i {\n  margin-right: 0px;\n  margin-left: 8px;\n}\n#default-btn-90c64e8ac0cb5a60a8bb532a57027f06 > i {\n  margin-right: 8px;\n}\n#default-btn-90c64e8ac0cb5a60a8bb532a57027f06 * {\n  vertical-align: middle;\n}\n<\/style><div class=\"btn-align-center\"><a href=\"\/tr\/dijital-pazarlama-yaratici-hizmetler\/\" class=\"default-btn-shortcode dt-btn dt-btn-m link-hover-off \" id=\"default-btn-90c64e8ac0cb5a60a8bb532a57027f06\"><span>Detayl\u0131 Bilgi<\/span><\/a><\/div>[\/vc_column_inner][\/vc_row_inner][vc_row_inner css=&#8221;.vc_custom_1597995675613{border-right-width: 10px !important;border-right-color: #f4f4f4 !important;border-right-style: solid !important;}&#8221;][vc_column_inner css=&#8221;.vc_custom_1644308752122{padding-bottom: 15px !important;background-color: #bdbdbd !important;}&#8221;]<div class=\"aio-icon-component  vc_custom_1595253049103  accent-icon-bg style_2\"><div id=\"Info-box-wrap-8194\" class=\"aio-icon-box top-icon\" style=\"\"  ><div class=\"aio-icon-top\"><div class=\"ult-just-icon-wrapper  \"><div class=\"align-icon\" style=\"text-align:center;\">\n<div class=\"aio-icon advanced \"  style=\"color:#ffffff;background:#ffffff;border-style:;border-color:#333333;border-width:1px;width:70px;height:70px;line-height:70px;border-radius:500px;font-size:32px;display:inline-block;\">\n\t<i class=\"fas fa-solar-panel\"><\/i>\n<\/div><\/div><\/div><\/div><div class=\"aio-icon-header\" ><h3 class=\"aio-icon-title ult-responsive\"  data-ultimate-target='#Info-box-wrap-8194 .aio-icon-title'  data-responsive-json-new='{\"font-size\":\"desktop:20px;\",\"line-height\":\"desktop:30px;\"}'  style=\"font-weight:bold;\">Masa\u00fcst\u00fc Yay\u0131nc\u0131l\u0131k<\/h3><\/div> <!-- header --><div class=\"aio-icon-description ult-responsive\"  data-ultimate-target='#Info-box-wrap-8194 .aio-icon-description'  data-responsive-json-new='{\"font-size\":\"desktop:14px;\",\"line-height\":\"desktop:24px;\"}'  style=\"\">Masa\u00fcst\u00fc yay\u0131nc\u0131l\u0131k departman\u0131m\u0131z ve sundu\u011fumuz hizmetler hakk\u0131nda bilgi sahibi olmak i\u00e7in bize 7\/24 ula\u015fabilirsiniz.<\/div> <!-- description --><\/div> <!-- aio-icon-box --><\/div> <!-- aio-icon-component --><style type=\"text\/css\" data-type=\"the7_shortcodes-inline-css\">#default-btn-89bdf369ef336dc37ce71643dff41430.ico-right-side > i {\n  margin-right: 0px;\n  margin-left: 8px;\n}\n#default-btn-89bdf369ef336dc37ce71643dff41430 > i {\n  margin-right: 8px;\n}\n#default-btn-89bdf369ef336dc37ce71643dff41430 * {\n  vertical-align: middle;\n}\n<\/style><div class=\"btn-align-center\"><a href=\"\/tr\/masaustu-yayincilik-hizmetleri\/\" class=\"default-btn-shortcode dt-btn dt-btn-m link-hover-off \" id=\"default-btn-89bdf369ef336dc37ce71643dff41430\"><span>Detayl\u0131 Bilgi<\/span><\/a><\/div>[\/vc_column_inner][\/vc_row_inner][vc_row_inner css=&#8221;.vc_custom_1597995752043{border-right-width: 10px !important;border-right-color: #f4f4f4 !important;border-right-style: solid !important;}&#8221;][vc_column_inner css=&#8221;.vc_custom_1644308761221{padding-bottom: 15px !important;background-color: #d6d6d4 !important;}&#8221;]<div class=\"aio-icon-component  vc_custom_1595253294976  accent-icon-bg style_2\"><div id=\"Info-box-wrap-6366\" class=\"aio-icon-box top-icon\" style=\"\"  ><div class=\"aio-icon-top\"><div class=\"ult-just-icon-wrapper  \"><div class=\"align-icon\" style=\"text-align:center;\">\n<div class=\"aio-icon advanced \"  style=\"color:#ffffff;background:#ffffff;border-style:;border-color:#333333;border-width:1px;width:70px;height:70px;line-height:70px;border-radius:500px;font-size:32px;display:inline-block;\">\n\t<i class=\"fas fa-vote-yea\"><\/i>\n<\/div><\/div><\/div><\/div><div class=\"aio-icon-header\" ><h3 class=\"aio-icon-title ult-responsive\"  data-ultimate-target='#Info-box-wrap-6366 .aio-icon-title'  data-responsive-json-new='{\"font-size\":\"desktop:20px;\",\"line-height\":\"desktop:30px;\"}'  style=\"font-weight:bold;\">Kalite Kontrol Hizmetleri<\/h3><\/div> <!-- header --><div class=\"aio-icon-description ult-responsive\"  data-ultimate-target='#Info-box-wrap-6366 .aio-icon-description'  data-responsive-json-new='{\"font-size\":\"desktop:14px;\",\"line-height\":\"desktop:24px;\"}'  style=\"\">\u00c7evirinizi % 40\u2019a varan oranda<br \/>\ndaha kaliteli teslim almak ister<br \/>\nmiydiniz?<\/div> <!-- description --><\/div> <!-- aio-icon-box --><\/div> <!-- aio-icon-component --><style type=\"text\/css\" data-type=\"the7_shortcodes-inline-css\">#default-btn-391591bf2226aaac54bfad11a1d55da3.ico-right-side > i {\n  margin-right: 0px;\n  margin-left: 8px;\n}\n#default-btn-391591bf2226aaac54bfad11a1d55da3 > i {\n  margin-right: 8px;\n}\n#default-btn-391591bf2226aaac54bfad11a1d55da3 * {\n  vertical-align: middle;\n}\n<\/style><div class=\"btn-align-center\"><a href=\"\/tr\/kalite-konrol-hizmetleri\/\" class=\"default-btn-shortcode dt-btn dt-btn-m link-hover-off \" id=\"default-btn-391591bf2226aaac54bfad11a1d55da3\"><span>Detayl\u0131 Bilgi<\/span><\/a><\/div>[\/vc_column_inner][\/vc_row_inner]<\/div>[\/vc_column][\/vc_row]<\/p>\n","protected":false},"excerpt":{"rendered":"<p>[vc_row equal_height=&#8221;yes&#8221; content_placement=&#8221;top&#8221; bg_type=&#8221;image&#8221; parallax_style=&#8221;vcpb-default&#8221; bg_image_new=&#8221;id^3337|url^https:\/\/www.turkishtranslationoffice.com\/tr\/wp-content\/uploads\/2020\/08\/iletisim.jpg|caption^null|alt^null|title^iletisim|description^null&#8221; bg_override=&#8221;ex-full&#8221; type=&#8221;vc_default&#8221; margin_top=&#8221;5&#8243; margin_bottom=&#8221;10&#8243; css=&#8221;.vc_custom_1598087591821{padding-top: 150px !important;padding-bottom: 150px !important;}&#8221;][vc_column][\/vc_column][\/vc_row][vc_row equal_height=&#8221;yes&#8221; content_placement=&#8221;top&#8221; bg_type=&#8221;image&#8221; parallax_style=&#8221;vcpb-hz-jquery&#8221; bg_image_new=&#8221;id^1611|url^https:\/\/www.turkishtranslationoffice.com\/tr\/wp-content\/uploads\/2016\/02\/bg-mem.png|caption^null|alt^null|title^bg-mem|description^null&#8221; bg_override=&#8221;ex-full&#8221; type=&#8221;vc_default&#8221; margin_top=&#8221;5&#8243; margin_bottom=&#8221;10&#8243; css=&#8221;.vc_custom_1629987919279{padding-top: 2% !important;padding-bottom: 2% !important;}&#8221;][vc_column width=&#8221;1\/2&#8243; css=&#8221;.vc_custom_1644308625416{padding-bottom: 32px !important;}&#8221;][vc_column_text] Avrupa Ofisi Yetkili: Emre BARLAS Unvan\u0131: EDU Group GmbH Tescilli Adres: Bornheimer Stra\u00dfe 127 53119 Bonn \u2013 ALMANYA Ticaret Sicil No: HRB&hellip;<\/p>\n","protected":false},"author":1,"featured_media":0,"parent":0,"menu_order":10,"comment_status":"closed","ping_status":"closed","template":"","meta":{"footnotes":""},"aioseo_notices":[],"_links":{"self":[{"href":"https:\/\/www.turkishtranslationoffice.com\/tr\/wp-json\/wp\/v2\/pages\/3821"}],"collection":[{"href":"https:\/\/www.turkishtranslationoffice.com\/tr\/wp-json\/wp\/v2\/pages"}],"about":[{"href":"https:\/\/www.turkishtranslationoffice.com\/tr\/wp-json\/wp\/v2\/types\/page"}],"author":[{"embeddable":true,"href":"https:\/\/www.turkishtranslationoffice.com\/tr\/wp-json\/wp\/v2\/users\/1"}],"replies":[{"embeddable":true,"href":"https:\/\/www.turkishtranslationoffice.com\/tr\/wp-json\/wp\/v2\/comments?post=3821"}],"version-history":[{"count":5,"href":"https:\/\/www.turkishtranslationoffice.com\/tr\/wp-json\/wp\/v2\/pages\/3821\/revisions"}],"predecessor-version":[{"id":5763,"href":"https:\/\/www.turkishtranslationoffice.com\/tr\/wp-json\/wp\/v2\/pages\/3821\/revisions\/5763"}],"wp:attachment":[{"href":"https:\/\/www.turkishtranslationoffice.com\/tr\/wp-json\/wp\/v2\/media?parent=3821"}],"curies":[{"name":"wp","href":"https:\/\/api.w.org\/{rel}","templated":true}]}}