{"id":4335,"date":"2020-09-07T14:14:23","date_gmt":"2020-09-07T11:14:23","guid":{"rendered":"https:\/\/www.turkishtranslationoffice.com\/tr\/arapca-tercume-copy\/"},"modified":"2022-02-08T10:49:55","modified_gmt":"2022-02-08T07:49:55","slug":"cince-tercume","status":"publish","type":"page","link":"https:\/\/www.turkishtranslationoffice.com\/tr\/cince-tercume\/","title":{"rendered":"\u00c7ince Terc\u00fcme"},"content":{"rendered":"<p>[vc_row equal_height=&#8221;yes&#8221; content_placement=&#8221;top&#8221; bg_type=&#8221;image&#8221; parallax_style=&#8221;vcpb-default&#8221; bg_image_new=&#8221;id^4506|url^https:\/\/www.turkishtranslationoffice.com\/tr\/wp-content\/uploads\/2020\/09\/diller.jpg|caption^null|alt^null|title^diller|description^null&#8221; bg_image_repeat=&#8221;no-repeat&#8221; bg_override=&#8221;ex-full&#8221; type=&#8221;vc_default&#8221; margin_top=&#8221;5&#8243; margin_bottom=&#8221;10&#8243; css=&#8221;.vc_custom_1629987035777{padding-top: 2% !important;padding-bottom: 2% !important;}&#8221;][vc_column width=&#8221;1\/2&#8243;]<div id=\"ultimate-heading-64669fdfd02545ce\" class=\"uvc-heading ult-adjust-bottom-margin ultimate-heading-64669fdfd02545ce uvc-6639 \" data-hspacer=\"no_spacer\"  data-halign=\"left\" style=\"text-align:left\"><div class=\"uvc-heading-spacer no_spacer\" style=\"top\"><\/div><div class=\"uvc-main-heading ult-responsive\"  data-ultimate-target='.uvc-heading.ultimate-heading-64669fdfd02545ce h1'  data-responsive-json-new='{\"font-size\":\"desktop:28px;\",\"line-height\":\"desktop:34px;\"}' ><h1 style=\"font-weight:bold;color:#ffffff;margin-bottom:25px;\">Y\u00fcksek Kaliteli \u00c7ince Yaz\u0131l\u0131 ve S\u00f6zl\u00fc Terc\u00fcme Hizmetleri<\/h1><\/div><\/div>[vc_column_text]<span style=\"font-size: 18px; color: #ffffff;\">Ana dil olarak toplamda 1,2 milyar insan taraf\u0131ndan konu\u015fulan \u00c7ince, d\u00fcnyan\u0131n en \u00e7ok \u00e7evrilen dillerinden biridir. Bu dili konu\u015fan b\u00fcy\u00fck n\u00fcfusa ek olarak, son y\u0131llarda b\u00f6lgede g\u00f6r\u00fclen ekonomik b\u00fcy\u00fcme \u00c7inceyi uluslararas\u0131 ticarette daha da \u00f6nemli hale getirmi\u015ftir ve dolay\u0131s\u0131yla terc\u00fcme hizmetlerine olan talebi de artt\u0131rm\u0131\u015ft\u0131r.<\/span><br \/>\n<span style=\"font-size: 18px;\"><br \/>\n<span style=\"color: #ffffff;\">TTO olarak, m\u00fc\u015fterilerimize <strong>basitle\u015ftirilmi\u015f<\/strong> ve <strong>geleneksel \u00c7ince<\/strong>, <strong>Mandarin<\/strong> ve <strong>Kantonca<\/strong> dillerinde yaz\u0131l\u0131 ve s\u00f6zl\u00fc terc\u00fcme hizmetleri sunmak i\u00e7in profesyonel terc\u00fcmanlarla ve s\u00f6zl\u00fc \u00e7evirmenlerle \u00e7al\u0131\u015f\u0131yoruz.<\/span><\/span><br \/>\n<span style=\"font-size: 18px;\"><br \/>\n<span style=\"color: #ffffff;\">Ekibimizle hemen ileti\u015fime ge\u00e7in ve en kaliteli \u00e7eviri hizmetini uygun fiyatlarla al\u0131n.<\/span><\/span>[\/vc_column_text][vc_row_inner equal_height=&#8221;yes&#8221; content_placement=&#8221;top&#8221;][vc_column_inner css=&#8221;.vc_custom_1644306588799{padding-top: 20px !important;padding-bottom: 32px !important;}&#8221;]<style type=\"text\/css\" data-type=\"the7_shortcodes-inline-css\">#default-btn-611329349b81cd6811533de1dd402093.ico-right-side > i {\n  margin-right: 0px;\n  margin-left: 8px;\n}\n#default-btn-611329349b81cd6811533de1dd402093 > i {\n  margin-right: 8px;\n}\n#default-btn-611329349b81cd6811533de1dd402093 * {\n  vertical-align: middle;\n}\n<\/style><a href=\"\/tr\/fiyat-teklifi-al\/\" class=\"default-btn-shortcode dt-btn dt-btn-l link-hover-off button-tto-grey btn-inline-left  vc_custom_1600861745996\" id=\"default-btn-611329349b81cd6811533de1dd402093\" style=\"width:225px;\"><span>Fiyat Hesaplay\u0131n<\/span><\/a><style type=\"text\/css\" data-type=\"the7_shortcodes-inline-css\">#default-btn-65130762f94115286fcc28bb4dcb8efb.ico-right-side > i {\n  margin-right: 0px;\n  margin-left: 8px;\n}\n#default-btn-65130762f94115286fcc28bb4dcb8efb > i {\n  margin-right: 8px;\n}\n#default-btn-65130762f94115286fcc28bb4dcb8efb * {\n  vertical-align: middle;\n}\n<\/style><a href=\"\/tr\/teklif-alin\/\" class=\"default-btn-shortcode dt-btn dt-btn-l link-hover-off button-tto-red btn-inline-left  vc_custom_1600259410358\" id=\"default-btn-65130762f94115286fcc28bb4dcb8efb\" style=\"width:225px;\"><span>\u00dccretsiz Teklif Al\u0131n<\/span><\/a>[\/vc_column_inner][\/vc_row_inner][\/vc_column][vc_column width=&#8221;1\/2&#8243;][\/vc_column][\/vc_row][vc_row equal_height=&#8221;yes&#8221; content_placement=&#8221;top&#8221; bg_type=&#8221;image&#8221; parallax_style=&#8221;vcpb-default&#8221; bg_image_new=&#8221;id^2302|url^https:\/\/www.turkishtranslationoffice.com\/tr\/wp-content\/uploads\/2020\/08\/arka-plan-siyah-beyaz.png|caption^null|alt^null|title^arka-plan-siyah-beyaz|description^null&#8221; bg_override=&#8221;ex-full&#8221; type=&#8221;vc_default&#8221; margin_top=&#8221;5&#8243; margin_bottom=&#8221;10&#8243; css=&#8221;.vc_custom_1599505829687{padding-top: 30px !important;background-color: #d9e0e2 !important;}&#8221;][vc_column css=&#8221;.vc_custom_1491746299333{padding-bottom: 0px !important;}&#8221;][vc_row_inner equal_height=&#8221;yes&#8221; content_placement=&#8221;top&#8221;][vc_column_inner width=&#8221;1\/2&#8243;]<style type=\"text\/css\" data-type=\"the7_shortcodes-inline-css\">.shortcode-single-image-wrap.shortcode-single-image-2bf369570cdd0845713d88a2752ee316.enable-bg-rollover .rollover i,\n.shortcode-single-image-wrap.shortcode-single-image-2bf369570cdd0845713d88a2752ee316.enable-bg-rollover .rollover-video i {\n  background: ;\n  background: -webkit-linear-gradient();\n  background: linear-gradient();\n}\n.shortcode-single-image-wrap.shortcode-single-image-2bf369570cdd0845713d88a2752ee316 .rollover-icon {\n  font-size: 32px;\n  color: #ffffff;\n  min-width: 44px;\n  min-height: 44px;\n  line-height: 44px;\n  border-radius: 100px;\n  border-style: solid;\n  border-width: 0px;\n}\n.dt-icon-bg-on.shortcode-single-image-wrap.shortcode-single-image-2bf369570cdd0845713d88a2752ee316 .rollover-icon {\n  background: rgba(255,255,255,0.3);\n  box-shadow: none;\n}\n<\/style><div class=\"shortcode-single-image-wrap shortcode-single-image-2bf369570cdd0845713d88a2752ee316 alignnone  enable-bg-rollover dt-icon-bg-off\" style=\"margin-top:0px; margin-bottom:0px; margin-left:0px; margin-right:0px; width:1000px;\"><div class=\"shortcode-single-image\"><div class=\"fancy-media-wrap  layzr-bg\" style=\"border-radius:10px;\"><img loading=\"lazy\" decoding=\"async\" class=\"preload-me lazy-load\" src=\"data:image\/svg+xml,%3Csvg%20xmlns%3D&#39;http%3A%2F%2Fwww.w3.org%2F2000%2Fsvg&#39;%20viewBox%3D&#39;0%200%201000%20700&#39;%2F%3E\" data-src=\"https:\/\/www.turkishtranslationoffice.com\/tr\/wp-content\/uploads\/sites\/1\/2020\/09\/cince-ve-mandarin-icin-ticari-ceviri-1000x700.jpg\" data-srcset=\"https:\/\/www.turkishtranslationoffice.com\/tr\/wp-content\/uploads\/sites\/1\/2020\/09\/cince-ve-mandarin-icin-ticari-ceviri-1000x700.jpg 1000w, https:\/\/www.turkishtranslationoffice.com\/tr\/wp-content\/uploads\/sites\/1\/2020\/09\/cince-ve-mandarin-icin-ticari-ceviri-1428x1000.jpg 1428w\" width=\"1000\" height=\"700\"  data-dt-location=\"https:\/\/www.turkishtranslationoffice.com\/tr\/cince-tercume\/cince-ve-mandarin-icin-ticari-ceviri\/\" style=\"border-radius:10px;\" alt=\"\u00c7ince ve Mandarin Dillerinde Ticari Terc\u00fcme Hizmetleri\" \/><\/div><\/div><\/div>[\/vc_column_inner][vc_column_inner width=&#8221;1\/2&#8243; css=&#8221;.vc_custom_1596550089277{padding-top: 20px !important;}&#8221;]<div id=\"ultimate-heading-588669fdfd0255ac0\" class=\"uvc-heading ult-adjust-bottom-margin ultimate-heading-588669fdfd0255ac0 uvc-745 \" data-hspacer=\"no_spacer\"  data-halign=\"left\" style=\"text-align:left\"><div class=\"uvc-heading-spacer no_spacer\" style=\"top\"><\/div><div class=\"uvc-main-heading ult-responsive\"  data-ultimate-target='.uvc-heading.ultimate-heading-588669fdfd0255ac0 h2'  data-responsive-json-new='{\"font-size\":\"desktop:24px;\",\"line-height\":\"desktop:34px;\"}' ><h2 style=\"font-weight:bold;margin-bottom:25px;\">Basitle\u015ftirilmi\u015f \u00c7ince ve Mandarin Dillerinde Ticari Terc\u00fcme Hizmetleri<\/h2><\/div><\/div>[vc_column_text]<\/p>\n<p style=\"text-align: left;\">\u00c7in&#8217;de ve \u00c7ince konu\u015fulan di\u011fer \u00fclkelerde g\u00f6r\u00fclen ekonomik geli\u015fmeyle birlikte, son zamanlarda bu \u00fclkelere yap\u0131lan ticari yat\u0131r\u0131mlarda da art\u0131\u015f ya\u015fan\u0131yor ve bir\u00e7ok uluslararas\u0131 \u015firket, bu \u00fclkelerdeki faaliyetlerini ve pazar paylar\u0131n\u0131 geni\u015fletmek i\u00e7in b\u00fcy\u00fck yat\u0131r\u0131mlar yap\u0131yor.<\/p>\n<p style=\"text-align: left;\">\u015eirketlerin fakl\u0131 \u00fclkelerdeki i\u015f stratejilerini geli\u015ftirme a\u015famas\u0131nda en \u00f6nemli destek\u00e7ilerinden biri, etkili ileti\u015fim kurmalar\u0131na yard\u0131mc\u0131 olan ve hatas\u0131z \u00e7eviriler sunan g\u00fcvenilir bir terc\u00fcme \u015firketidir.<\/p>\n<p style=\"text-align: left;\">TTO olarak; bilgi teknolojileri, otomotiv, denizcilik, t\u0131p ve enerji gibi \u00e7e\u015fitli sekt\u00f6rlerde profesyonel <strong>ticari terc\u00fcme <\/strong>hizmetleri sunmak i\u00e7in alanlar\u0131nda uzman olan ve ana dili \u00c7ince olan terc\u00fcmanlarla \u00e7al\u0131\u015f\u0131yoruz.<\/p>\n<p style=\"text-align: left;\">Ticari belgeleri i\u00e7in yeminli terc\u00fcme hizmeti almak isteyen m\u00fc\u015fterilerimize <strong>\u00c7ince &#8211; \u0130ngilizce, \u00c7ince &#8211; Almanca, \u00c7ince &#8211; T\u00fcrk\u00e7e<\/strong> ve daha bir\u00e7ok dil \u00e7iftinde yeminli terc\u00fcmanlar\u0131m\u0131zla destek olmaya haz\u0131r\u0131z.<\/p>\n<p>[\/vc_column_text][\/vc_column_inner][\/vc_row_inner][\/vc_column][\/vc_row][vc_row equal_height=&#8221;yes&#8221; content_placement=&#8221;top&#8221; bg_type=&#8221;image&#8221; parallax_style=&#8221;vcpb-default&#8221; bg_image_new=&#8221;id^4373|url^https:\/\/www.turkishtranslationoffice.com\/tr\/wp-content\/uploads\/2020\/09\/sozlu-ceviri-hizmetleri-bg.jpg|caption^null|alt^null|title^sozlu-ceviri-hizmetleri-bg|description^null&#8221; bg_override=&#8221;ex-full&#8221; type=&#8221;vc_default&#8221; margin_top=&#8221;5&#8243; margin_bottom=&#8221;10&#8243; css=&#8221;.vc_custom_1599500768671{padding-top: 30px !important;padding-bottom: 30px !important;}&#8221;][vc_column width=&#8221;1\/2&#8243;]<div id=\"ultimate-heading-308169fdfd0255b1b\" class=\"uvc-heading ult-adjust-bottom-margin ultimate-heading-308169fdfd0255b1b uvc-9783 \" data-hspacer=\"no_spacer\"  data-halign=\"left\" style=\"text-align:left\"><div class=\"uvc-heading-spacer no_spacer\" style=\"top\"><\/div><div class=\"uvc-main-heading ult-responsive\"  data-ultimate-target='.uvc-heading.ultimate-heading-308169fdfd0255b1b h2'  data-responsive-json-new='{\"font-size\":\"desktop:24px;\",\"line-height\":\"desktop:34px;\"}' ><h2 style=\"font-weight:bold;color:#ffffff;margin-bottom:25px;\">\u00c7ince S\u00f6zl\u00fc Terc\u00fcme Hizmetleri<\/h2><\/div><\/div>[vc_column_text]<span style=\"color: #ffffff;\">\u00c7ince konu\u015fan ortaklar\u0131n\u0131zla yapaca\u011f\u0131n\u0131z i\u015f toplant\u0131lar\u0131 ya da \u00c7in&#8217;den gelen kat\u0131l\u0131mc\u0131lar\u0131n olaca\u011f\u0131 uluslararas\u0131 etkinlikleriniz i\u00e7in profesyonel s\u00f6zl\u00fc terc\u00fcme hizmetlerimize g\u00fcvenebilirsiniz.<\/span><\/p>\n<p><span style=\"color: #ffffff;\">M\u00fc\u015fterilerimizin ihtiya\u00e7lar\u0131n\u0131 temel alarak, d\u00fczenledikleri etkinlikler i\u00e7in alan\u0131nda uzman s\u00f6zl\u00fc terc\u00fcmanlar\u0131 se\u00e7erek g\u00f6revlendiririz.<\/span>[\/vc_column_text][vc_column_text css=&#8221;.vc_custom_1599500852325{margin-bottom: 0px !important;padding-bottom: 15px !important;}&#8221;]<\/p>\n<p style=\"margin-top: -10px;\"><strong style=\"color: #ffffff;\">Sundu\u011fumuz s\u00f6zl\u00fc \u00e7eviri hizmetleri \u015funlard\u0131r:<\/strong><\/p>\n<p>[\/vc_column_text][vc_row_inner equal_height=&#8221;yes&#8221; content_placement=&#8221;top&#8221;][vc_column_inner width=&#8221;1\/2&#8243;]<div class=\"standard-arrow bullet-top\"><ul>\n<li><span style=\"color: #ffffff;\"><a style=\"color: #ffffff;\" href=\"\/tr\/simultane-tercume\/\">Simultane \u00e7eviri<\/a><\/span><\/li>\n<li><span style=\"color: #ffffff;\"><a style=\"color: #ffffff;\" href=\"\/tr\/fisilti-tercume\/\">F\u0131s\u0131lt\u0131 \u00e7eviri<\/a><\/span><\/li>\n<\/ul>\n<\/div>[\/vc_column_inner][vc_column_inner width=&#8221;1\/2&#8243;]<div class=\"standard-arrow bullet-top\"><ul>\n<li><a style=\"color: #ffffff;\" href=\"\/tr\/ardil-tercume\/\"><span style=\"color: #ffffff;\">Ard\u0131l \u00e7eviri<\/span><\/a><\/li>\n<li><span style=\"color: #ffffff;\"><a style=\"color: #ffffff;\" href=\"\/tr\/simultane-sistem-kiralama\/\">\u00c7eviri ekipman\u0131 kiralama<\/a><\/span><\/li>\n<\/ul>\n<\/div>[\/vc_column_inner][\/vc_row_inner][\/vc_column][vc_column width=&#8221;1\/2&#8243;][\/vc_column][\/vc_row][vc_row equal_height=&#8221;yes&#8221; content_placement=&#8221;top&#8221; bg_type=&#8221;image&#8221; parallax_style=&#8221;vcpb-hz-jquery&#8221; bg_image_new=&#8221;id^1611|url^https:\/\/www.turkishtranslationoffice.com\/tr\/wp-content\/uploads\/2016\/02\/bg-mem.png|caption^null|alt^null|title^bg-mem|description^null&#8221; bg_override=&#8221;ex-full&#8221; type=&#8221;vc_default&#8221; margin_top=&#8221;5&#8243; margin_bottom=&#8221;10&#8243; css=&#8221;.vc_custom_1599500063157{padding-top: 30px !important;background-color: #f4f4f4 !important;}&#8221;][vc_column css=&#8221;.vc_custom_1491746299333{padding-bottom: 0px !important;}&#8221;][vc_row_inner equal_height=&#8221;yes&#8221; content_placement=&#8221;top&#8221;][vc_column_inner width=&#8221;1\/2&#8243;]<style type=\"text\/css\" data-type=\"the7_shortcodes-inline-css\">.shortcode-single-image-wrap.shortcode-single-image-c9492013e9f2600436682c9e3d556340.enable-bg-rollover .rollover i,\n.shortcode-single-image-wrap.shortcode-single-image-c9492013e9f2600436682c9e3d556340.enable-bg-rollover .rollover-video i {\n  background: ;\n  background: -webkit-linear-gradient();\n  background: linear-gradient();\n}\n.shortcode-single-image-wrap.shortcode-single-image-c9492013e9f2600436682c9e3d556340 .rollover-icon {\n  font-size: 32px;\n  color: #ffffff;\n  min-width: 44px;\n  min-height: 44px;\n  line-height: 44px;\n  border-radius: 100px;\n  border-style: solid;\n  border-width: 0px;\n}\n.dt-icon-bg-on.shortcode-single-image-wrap.shortcode-single-image-c9492013e9f2600436682c9e3d556340 .rollover-icon {\n  background: rgba(255,255,255,0.3);\n  box-shadow: none;\n}\n<\/style><div class=\"shortcode-single-image-wrap shortcode-single-image-c9492013e9f2600436682c9e3d556340 alignnone  enable-bg-rollover dt-icon-bg-off\" style=\"margin-top:0px; margin-bottom:0px; margin-left:0px; margin-right:0px; width:1000px;\"><div class=\"shortcode-single-image\"><div class=\"fancy-media-wrap  layzr-bg\" style=\"border-radius:10px;\"><img loading=\"lazy\" decoding=\"async\" class=\"preload-me lazy-load\" src=\"data:image\/svg+xml,%3Csvg%20xmlns%3D&#39;http%3A%2F%2Fwww.w3.org%2F2000%2Fsvg&#39;%20viewBox%3D&#39;0%200%201000%20700&#39;%2F%3E\" data-src=\"https:\/\/www.turkishtranslationoffice.com\/tr\/wp-content\/uploads\/sites\/1\/2020\/09\/web-sitesi-ve-yerellestirme-hizmetleri-1000x700.jpg\" data-srcset=\"https:\/\/www.turkishtranslationoffice.com\/tr\/wp-content\/uploads\/sites\/1\/2020\/09\/web-sitesi-ve-yerellestirme-hizmetleri-1000x700.jpg 1000w, https:\/\/www.turkishtranslationoffice.com\/tr\/wp-content\/uploads\/sites\/1\/2020\/09\/web-sitesi-ve-yerellestirme-hizmetleri-1525x1068.jpg 1525w\" width=\"1000\" height=\"700\"  data-dt-location=\"https:\/\/www.turkishtranslationoffice.com\/tr\/cince-tercume\/web-sitesi-ve-yerellestirme-hizmetleri\/\" style=\"border-radius:10px;\" alt=\"Web sitesi yerelle\u015ftirme uzmanlar\u0131\" \/><\/div><\/div><\/div>[\/vc_column_inner][vc_column_inner width=&#8221;1\/2&#8243; css=&#8221;.vc_custom_1596550089277{padding-top: 20px !important;}&#8221;]<div id=\"ultimate-heading-113569fdfd02568a8\" class=\"uvc-heading ult-adjust-bottom-margin ultimate-heading-113569fdfd02568a8 uvc-1241 \" data-hspacer=\"no_spacer\"  data-halign=\"left\" style=\"text-align:left\"><div class=\"uvc-heading-spacer no_spacer\" style=\"top\"><\/div><div class=\"uvc-main-heading ult-responsive\"  data-ultimate-target='.uvc-heading.ultimate-heading-113569fdfd02568a8 h2'  data-responsive-json-new='{\"font-size\":\"desktop:24px;\",\"line-height\":\"desktop:34px;\"}' ><h2 style=\"font-weight:bold;margin-bottom:25px;\">\u00c7ince Web Sitesi \u00c7evirisi ve Yerelle\u015ftirme Hizmetleri<\/h2><\/div><\/div>[vc_column_text]Hizmetlerinizi ve \u00fcr\u00fcnlerinizi \u00c7ince konu\u015fulan pazarlara a\u00e7mak ve yeni m\u00fc\u015fterilere eri\u015fmek mi istiyorsunuz? Yapman\u0131z gereken ilk \u015fey, mesaj\u0131n\u0131z\u0131 do\u011fru \u015fekilde ileten bir web sitesiyle hizmetlerinizi yereldeki m\u00fc\u015fterilerinize tan\u0131tmakt\u0131r.<\/p>\n<p><strong>Web sitesi yerelle\u015ftirme <\/strong>uzmanlar\u0131 ve ana dili \u00c7ince olan terc\u00fcmanlardan olu\u015fan bir ekiple \u00e7al\u0131\u015farak m\u00fc\u015fterilerimize y\u00fcksek kaliteli <strong>web sitesi terc\u00fcmesi hizmetleri <\/strong>sunuyoruz. Bir web siteniz varsa ve onu hedef kitlenizin beklentilerine ve tercihlerine g\u00f6re uyarlamak istiyorsan\u0131z, \u00c7ince yerelle\u015ftirme hizmetlerimizden yararlanabilirsiniz.<\/p>\n<p>Web sitenizi m\u00fc\u015fterilerin yerel dillerine uyarlamak, ba\u015far\u0131l\u0131 bir pazarlama stratejisi geli\u015ftirmenin ilk ad\u0131m\u0131d\u0131r. Sundu\u011funuz \u00fcr\u00fcne ba\u011fl\u0131 olarak <strong>yaz\u0131l\u0131m\u0131n\u0131z\u0131<\/strong>, <strong>mobil uygulamalar\u0131n\u0131z\u0131<\/strong>, <strong>dijital pazarlama metinlerinizi <\/strong>ve <strong>g\u00f6rsel<\/strong>&#8211;<strong>i\u015fitsel i\u00e7eriklerinizi <\/strong>terc\u00fcme ederek pazarlama faaliyetlerinizi daha da g\u00fc\u00e7lendirmeniz i\u00e7in yan\u0131n\u0131zday\u0131z.[\/vc_column_text][\/vc_column_inner][\/vc_row_inner][\/vc_column][\/vc_row][vc_row content_placement=&#8221;middle&#8221; bg_type=&#8221;grad&#8221; bg_override=&#8221;ex-full&#8221; bg_grad=&#8221;background: -webkit-gradient(linear, left top, left bottom, color-stop(0%, #365088), color-stop(99%, #EA524D));background: -moz-linear-gradient(135deg,#365088 0%,#EA524D 99%);background: -webkit-linear-gradient(135deg,#365088 0%,#EA524D 99%);background: -o-linear-gradient(135deg,#365088 0%,#EA524D 99%);background: -ms-linear-gradient(135deg,#365088 0%,#EA524D 99%);background: linear-gradient(135deg,#365088 0%,#EA524D 99%);&#8221;][vc_column width=&#8221;2\/3&#8243;][vc_column_text]<strong style=\"color: #ffffff; font-size: 24px;\">Her t\u00fcrl\u00fc \u00c7ince terc\u00fcme ihtiyac\u0131n\u0131z i\u00e7in ekibimizle ileti\u015fime ge\u00e7in ve \u00fccretsiz fiyat teklifinizi hemen al\u0131n!<\/strong>[\/vc_column_text][\/vc_column][vc_column width=&#8221;1\/3&#8243;][vc_btn title=&#8221;Teklif Al&#8221; color=&#8221;warning&#8221; size=&#8221;lg&#8221; align=&#8221;right&#8221; link=&#8221;url:%2Ftr%2Fteklif-alin%2F|||&#8221;][\/vc_column][\/vc_row]<\/p>\n","protected":false},"excerpt":{"rendered":"<p>[vc_row equal_height=&#8221;yes&#8221; content_placement=&#8221;top&#8221; bg_type=&#8221;image&#8221; parallax_style=&#8221;vcpb-default&#8221; bg_image_new=&#8221;id^4506|url^https:\/\/www.turkishtranslationoffice.com\/tr\/wp-content\/uploads\/2020\/09\/diller.jpg|caption^null|alt^null|title^diller|description^null&#8221; bg_image_repeat=&#8221;no-repeat&#8221; bg_override=&#8221;ex-full&#8221; type=&#8221;vc_default&#8221; margin_top=&#8221;5&#8243; margin_bottom=&#8221;10&#8243; css=&#8221;.vc_custom_1629987035777{padding-top: 2% !important;padding-bottom: 2% !important;}&#8221;][vc_column width=&#8221;1\/2&#8243;][vc_column_text]Ana dil olarak toplamda 1,2 milyar insan taraf\u0131ndan konu\u015fulan \u00c7ince, d\u00fcnyan\u0131n en \u00e7ok \u00e7evrilen dillerinden biridir. Bu dili konu\u015fan b\u00fcy\u00fck n\u00fcfusa ek olarak, son y\u0131llarda b\u00f6lgede g\u00f6r\u00fclen ekonomik b\u00fcy\u00fcme \u00c7inceyi uluslararas\u0131 ticarette daha da \u00f6nemli hale getirmi\u015ftir ve dolay\u0131s\u0131yla&hellip;<\/p>\n","protected":false},"author":1,"featured_media":0,"parent":0,"menu_order":10,"comment_status":"closed","ping_status":"closed","template":"","meta":{"footnotes":""},"aioseo_notices":[],"_links":{"self":[{"href":"https:\/\/www.turkishtranslationoffice.com\/tr\/wp-json\/wp\/v2\/pages\/4335"}],"collection":[{"href":"https:\/\/www.turkishtranslationoffice.com\/tr\/wp-json\/wp\/v2\/pages"}],"about":[{"href":"https:\/\/www.turkishtranslationoffice.com\/tr\/wp-json\/wp\/v2\/types\/page"}],"author":[{"embeddable":true,"href":"https:\/\/www.turkishtranslationoffice.com\/tr\/wp-json\/wp\/v2\/users\/1"}],"replies":[{"embeddable":true,"href":"https:\/\/www.turkishtranslationoffice.com\/tr\/wp-json\/wp\/v2\/comments?post=4335"}],"version-history":[{"count":2,"href":"https:\/\/www.turkishtranslationoffice.com\/tr\/wp-json\/wp\/v2\/pages\/4335\/revisions"}],"predecessor-version":[{"id":5629,"href":"https:\/\/www.turkishtranslationoffice.com\/tr\/wp-json\/wp\/v2\/pages\/4335\/revisions\/5629"}],"wp:attachment":[{"href":"https:\/\/www.turkishtranslationoffice.com\/tr\/wp-json\/wp\/v2\/media?parent=4335"}],"curies":[{"name":"wp","href":"https:\/\/api.w.org\/{rel}","templated":true}]}}