{"id":4480,"date":"2020-09-08T15:53:09","date_gmt":"2020-09-08T12:53:09","guid":{"rendered":"https:\/\/www.turkishtranslationoffice.com\/tr\/farsca-tercume-copy\/"},"modified":"2022-02-08T11:00:52","modified_gmt":"2022-02-08T08:00:52","slug":"fransizca-tercume","status":"publish","type":"page","link":"https:\/\/www.turkishtranslationoffice.com\/tr\/fransizca-tercume\/","title":{"rendered":"Frans\u0131zca Terc\u00fcme"},"content":{"rendered":"<p>[vc_row equal_height=&#8221;yes&#8221; content_placement=&#8221;top&#8221; bg_type=&#8221;image&#8221; parallax_style=&#8221;vcpb-default&#8221; bg_image_new=&#8221;id^4506|url^https:\/\/www.turkishtranslationoffice.com\/tr\/wp-content\/uploads\/2020\/09\/diller.jpg|caption^null|alt^null|title^diller|description^null&#8221; bg_image_repeat=&#8221;no-repeat&#8221; bg_override=&#8221;ex-full&#8221; type=&#8221;vc_default&#8221; margin_top=&#8221;5&#8243; margin_bottom=&#8221;10&#8243; css=&#8221;.vc_custom_1629987123173{padding-top: 2% !important;padding-bottom: 2% !important;}&#8221;][vc_column width=&#8221;1\/2&#8243;]<div id=\"ultimate-heading-552469e1ba3b76a8a\" class=\"uvc-heading ult-adjust-bottom-margin ultimate-heading-552469e1ba3b76a8a uvc-4374 \" data-hspacer=\"no_spacer\"  data-halign=\"left\" style=\"text-align:left\"><div class=\"uvc-heading-spacer no_spacer\" style=\"top\"><\/div><div class=\"uvc-main-heading ult-responsive\"  data-ultimate-target='.uvc-heading.ultimate-heading-552469e1ba3b76a8a h1'  data-responsive-json-new='{\"font-size\":\"desktop:28px;\",\"line-height\":\"desktop:34px;\"}' ><h1 style=\"font-weight:bold;color:#ffffff;margin-bottom:25px;\">Kaliteli Frans\u0131zca Yaz\u0131l\u0131 ve S\u00f6zl\u00fc Terc\u00fcme Hizmetleri<\/h1><\/div><\/div>[vc_column_text]<span style=\"font-size: 18px; color: #ffffff;\">Yakla\u015f\u0131k 274 milyon ki\u015fi taraf\u0131ndan konu\u015fulan ve o stat\u00fcs\u00fcn\u00fc \u015fu an kaybetmi\u015f olsa da bir zamanlar d\u00fcnyan\u0131n ortak ileti\u015fim dili olan Frans\u0131zca, g\u00fcn\u00fcm\u00fczde hala en yayg\u0131n konu\u015fulan dillerden biridir. Frans\u0131zca, Avrupa Birli\u011fi&#8217;nin yan\u0131 s\u0131ra, Birle\u015fmi\u015f Milletler&#8217;in de resmi dillerinden biridir.<\/span><\/p>\n<p><span style=\"font-size: 18px; color: #ffffff;\">Ana dili Frans\u0131zca olan terc\u00fcmanlarla \u00e7al\u0131\u015farak, <strong>Frans\u0131zca &#8211; T\u00fcrk\u00e7e, Frans\u0131zca &#8211; \u0130ngilizce, Frans\u0131zca &#8211; Almanca<\/strong> ve daha pek \u00e7ok dil \u00e7iftinde <strong>yeminli terc\u00fcme<\/strong>, <strong>s\u00f6zl\u00fc terc\u00fcme<\/strong>, <strong>yerelle\u015ftirme <\/strong>ve <strong>redaksiyon<\/strong> hizmetleri veriyoruz.<\/span>[\/vc_column_text][vc_row_inner equal_height=&#8221;yes&#8221; content_placement=&#8221;top&#8221;][vc_column_inner css=&#8221;.vc_custom_1644307237054{padding-top: 20px !important;padding-bottom: 32px !important;}&#8221;]<style type=\"text\/css\" data-type=\"the7_shortcodes-inline-css\">#default-btn-8a11c123d7eb77ed95f59f0d96199b4b.ico-right-side > i {\n  margin-right: 0px;\n  margin-left: 8px;\n}\n#default-btn-8a11c123d7eb77ed95f59f0d96199b4b > i {\n  margin-right: 8px;\n}\n#default-btn-8a11c123d7eb77ed95f59f0d96199b4b * {\n  vertical-align: middle;\n}\n<\/style><a href=\"\/tr\/fiyat-teklifi-al\/\" class=\"default-btn-shortcode dt-btn dt-btn-l link-hover-off button-tto-grey btn-inline-left  vc_custom_1600861857636\" id=\"default-btn-8a11c123d7eb77ed95f59f0d96199b4b\" style=\"width:225px;\"><span>Fiyat Hesaplay\u0131n<\/span><\/a><style type=\"text\/css\" data-type=\"the7_shortcodes-inline-css\">#default-btn-cc231a7adbc12fb21839db661a98245b.ico-right-side > i {\n  margin-right: 0px;\n  margin-left: 8px;\n}\n#default-btn-cc231a7adbc12fb21839db661a98245b > i {\n  margin-right: 8px;\n}\n#default-btn-cc231a7adbc12fb21839db661a98245b * {\n  vertical-align: middle;\n}\n<\/style><a href=\"\/tr\/teklif-alin\/\" class=\"default-btn-shortcode dt-btn dt-btn-l link-hover-off button-tto-red btn-inline-left  vc_custom_1600259485181\" id=\"default-btn-cc231a7adbc12fb21839db661a98245b\" style=\"width:225px;\"><span>\u00dccretsiz Teklif Al\u0131n<\/span><\/a>[\/vc_column_inner][\/vc_row_inner][\/vc_column][vc_column width=&#8221;1\/2&#8243;][\/vc_column][\/vc_row][vc_row equal_height=&#8221;yes&#8221; content_placement=&#8221;top&#8221; bg_type=&#8221;image&#8221; parallax_style=&#8221;vcpb-default&#8221; bg_image_new=&#8221;id^2302|url^https:\/\/www.turkishtranslationoffice.com\/tr\/wp-content\/uploads\/2020\/08\/arka-plan-siyah-beyaz.png|caption^null|alt^null|title^arka-plan-siyah-beyaz|description^null&#8221; bg_override=&#8221;ex-full&#8221; type=&#8221;vc_default&#8221; margin_top=&#8221;5&#8243; margin_bottom=&#8221;10&#8243; css=&#8221;.vc_custom_1599564493751{padding-top: 30px !important;padding-bottom: 50px !important;}&#8221;][vc_column css=&#8221;.vc_custom_1491746299333{padding-bottom: 0px !important;}&#8221;][vc_row_inner equal_height=&#8221;yes&#8221; content_placement=&#8221;top&#8221;][vc_column_inner width=&#8221;1\/2&#8243;]<style type=\"text\/css\" data-type=\"the7_shortcodes-inline-css\">.shortcode-single-image-wrap.shortcode-single-image-157d7529cd5284ed7245759642c0378a.enable-bg-rollover .rollover i,\n.shortcode-single-image-wrap.shortcode-single-image-157d7529cd5284ed7245759642c0378a.enable-bg-rollover .rollover-video i {\n  background: ;\n  background: -webkit-linear-gradient();\n  background: linear-gradient();\n}\n.shortcode-single-image-wrap.shortcode-single-image-157d7529cd5284ed7245759642c0378a .rollover-icon {\n  font-size: 32px;\n  color: #ffffff;\n  min-width: 44px;\n  min-height: 44px;\n  line-height: 44px;\n  border-radius: 100px;\n  border-style: solid;\n  border-width: 0px;\n}\n.dt-icon-bg-on.shortcode-single-image-wrap.shortcode-single-image-157d7529cd5284ed7245759642c0378a .rollover-icon {\n  background: rgba(255,255,255,0.3);\n  box-shadow: none;\n}\n<\/style><div class=\"shortcode-single-image-wrap shortcode-single-image-157d7529cd5284ed7245759642c0378a alignnone  enable-bg-rollover dt-icon-bg-off\" style=\"margin-top:0px; margin-bottom:0px; margin-left:0px; margin-right:0px; width:1000px;\"><div class=\"shortcode-single-image\"><div class=\"fancy-media-wrap  layzr-bg\" style=\"border-radius:10px;\"><img loading=\"lazy\" decoding=\"async\" class=\"preload-me lazy-load\" src=\"data:image\/svg+xml,%3Csvg%20xmlns%3D&#39;http%3A%2F%2Fwww.w3.org%2F2000%2Fsvg&#39;%20viewBox%3D&#39;0%200%201000%20700&#39;%2F%3E\" data-src=\"https:\/\/www.turkishtranslationoffice.com\/tr\/wp-content\/uploads\/sites\/1\/2020\/08\/yazili-ceviri-ustun-kalite-1000x700.jpg\" data-srcset=\"https:\/\/www.turkishtranslationoffice.com\/tr\/wp-content\/uploads\/sites\/1\/2020\/08\/yazili-ceviri-ustun-kalite-1000x700.jpg 1000w, https:\/\/www.turkishtranslationoffice.com\/tr\/wp-content\/uploads\/sites\/1\/2020\/08\/yazili-ceviri-ustun-kalite-1524x1067.jpg 1524w\" width=\"1000\" height=\"700\"  data-dt-location=\"https:\/\/www.turkishtranslationoffice.com\/tr\/yazili-tercume-hizmetleri\/yazili-ceviri-ustun-kalite\/\" style=\"border-radius:10px;\" alt=\"e\u011fitimli ve tecr\u00fcbe sahibi terc\u00fcmanlar\" \/><\/div><\/div><\/div>[\/vc_column_inner][vc_column_inner width=&#8221;1\/2&#8243; css=&#8221;.vc_custom_1596550089277{padding-top: 20px !important;}&#8221;]<div id=\"ultimate-heading-253169e1ba3b777be\" class=\"uvc-heading ult-adjust-bottom-margin ultimate-heading-253169e1ba3b777be uvc-246 \" data-hspacer=\"no_spacer\"  data-halign=\"left\" style=\"text-align:left\"><div class=\"uvc-heading-spacer no_spacer\" style=\"top\"><\/div><div class=\"uvc-main-heading ult-responsive\"  data-ultimate-target='.uvc-heading.ultimate-heading-253169e1ba3b777be h2'  data-responsive-json-new='{\"font-size\":\"desktop:24px;\",\"line-height\":\"desktop:34px;\"}' ><h2 style=\"font-weight:bold;margin-bottom:25px;\">Profesyonel \u00c7evirmenlerden Frans\u0131zca Terc\u00fcme Hizmetleri<\/h2><\/div><\/div>[vc_column_text]Turkish Translation Office olarak farkl\u0131 uzmanl\u0131k alanlar\u0131nda terc\u00fcme ve dil hizmetleri sunuyoruz. Sekt\u00f6r\u00fcnde uzman ve deneyimli terc\u00fcman a\u011f\u0131m\u0131zla <strong>Frans\u0131zca<\/strong>, <strong>T\u00fcrk\u00e7e<\/strong>, <strong>\u0130ngilizce<\/strong>, <strong>Almanca <\/strong>ve <strong>Arap\u00e7a <\/strong>dahil olmak \u00fczere pek \u00e7ok dil \u00e7iftinde <strong>hukuki<\/strong>, <strong>medikal<\/strong>, <strong>akademik<\/strong>, <strong>teknik <\/strong>ve <strong>ticari <\/strong>belgeler i\u00e7in <strong>noter onayl\u0131 <\/strong>ve <strong>yeminli terc\u00fcme <\/strong>hizmeti veriyoruz.<\/p>\n<p>\u0130\u015f veya <strong>g\u00f6\u00e7menlik <\/strong>ba\u015fvurular\u0131n\u0131zda kullanmak \u00fczere ihtiya\u00e7 duydu\u011funuz <strong>kimlik<\/strong>, <strong>s\u00fcr\u00fcc\u00fc belgesi<\/strong>, <strong>diploma<\/strong>, <strong>vekaletname, do\u011fum belgesi <\/strong>gibi resmi evraklar\u0131n\u0131z\u0131n yeminli terc\u00fcman taraf\u0131ndan \u00e7evirisinin yap\u0131lmas\u0131 ve tasdik ettirilmesi mi gerekiyor? <strong>Noter yeminli terc\u00fcme<\/strong> hizmetlerimiz kapsam\u0131nda belgeleriniz i\u00e7in noter tasdiki ve <strong>apostil \u015ferhi<\/strong> hizmetleri sunuyoruz ve t\u00fcm s\u00fcreci sizin ad\u0131n\u0131za takip edip \u00e7evirilerinizi belirtti\u011finiz adrese iletiyoruz.[\/vc_column_text][\/vc_column_inner][\/vc_row_inner][\/vc_column][\/vc_row][vc_row equal_height=&#8221;yes&#8221; content_placement=&#8221;top&#8221; bg_type=&#8221;image&#8221; parallax_style=&#8221;vcpb-hz-jquery&#8221; bg_image_new=&#8221;id^1611|url^https:\/\/www.turkishtranslationoffice.com\/tr\/wp-content\/uploads\/2016\/02\/bg-mem.png|caption^null|alt^null|title^bg-mem|description^null&#8221; bg_override=&#8221;ex-full&#8221; type=&#8221;vc_default&#8221; margin_top=&#8221;5&#8243; margin_bottom=&#8221;10&#8243; css=&#8221;.vc_custom_1599564686245{padding-top: 30px !important;padding-bottom: 50px !important;background-color: #f4f4f4 !important;}&#8221;][vc_column css=&#8221;.vc_custom_1491746299333{padding-bottom: 0px !important;}&#8221;][vc_row_inner equal_height=&#8221;yes&#8221; content_placement=&#8221;top&#8221;][vc_column_inner width=&#8221;1\/2&#8243; css=&#8221;.vc_custom_1644307247749{padding-top: 20px !important;padding-bottom: 32px !important;}&#8221;]<div id=\"ultimate-heading-871469e1ba3b777fd\" class=\"uvc-heading ult-adjust-bottom-margin ultimate-heading-871469e1ba3b777fd uvc-4935 \" data-hspacer=\"no_spacer\"  data-halign=\"left\" style=\"text-align:left\"><div class=\"uvc-heading-spacer no_spacer\" style=\"top\"><\/div><div class=\"uvc-main-heading ult-responsive\"  data-ultimate-target='.uvc-heading.ultimate-heading-871469e1ba3b777fd h2'  data-responsive-json-new='{\"font-size\":\"desktop:24px;\",\"line-height\":\"desktop:34px;\"}' ><h2 style=\"font-weight:bold;margin-bottom:25px;\">Frans\u0131zca Yerelle\u015ftirme Hizmetleri ile Hedef Kitlenize Ula\u015f\u0131n<\/h2><\/div><\/div>[vc_column_text]Yerel pazarlardaki t\u00fcketicilere hitap ederek uluslararas\u0131 pazar a\u011f\u0131n\u0131z\u0131 geni\u015fletmek mi istiyorsunuz? \u00dcr\u00fcnlerinizi veya hizmetlerinizi hedef kitlenize kendi yerel dilinde sunun, hedef pazardaki yerinizi sa\u011flamla\u015ft\u0131r\u0131n.<\/p>\n<p>M\u00fc\u015fterilerimize <strong>yaz\u0131l\u0131mlar\u0131n\u0131n<\/strong>, <strong>web sitelerinin<\/strong>, <strong>mobil uygulamalar\u0131n\u0131n<\/strong>, <strong>dijital pazarlama <\/strong>ve <strong>g\u00f6rsel<\/strong>&#8211;<strong>i\u015fitsel i\u00e7eriklerinin <\/strong>yerelle\u015ftirilmesi ve terc\u00fcmesi i\u00e7in \u00fcst\u00fcn kaliteli hizmet sunuyoruz.<\/p>\n<p>Ana dili Frans\u0131zca olan yerelle\u015ftirme uzmanlar\u0131ndan olu\u015fan ekibimizle, \u00fcr\u00fcn\u00fcn\u00fcz\u00fc t\u00fcketicilerin beklentilerine uygun \u015fekilde yerelle\u015ftirerek Frans\u0131zca konu\u015fulan pazarlardaki t\u00fcketicilerle sorunsuz bir ileti\u015fim kurman\u0131za yard\u0131mc\u0131 oluyoruz.<\/p>\n<p>Hizmetlerimiz hakk\u0131nda daha fazla bilgi almak i\u00e7in ekibimizle hemen ileti\u015fime ge\u00e7in![\/vc_column_text]<style type=\"text\/css\" data-type=\"the7_shortcodes-inline-css\">#default-btn-d2e2563c0b44cf4615f7c14453b7ddd8.ico-right-side > i {\n  margin-right: 0px;\n  margin-left: 8px;\n}\n#default-btn-d2e2563c0b44cf4615f7c14453b7ddd8 > i {\n  margin-right: 8px;\n}\n#default-btn-d2e2563c0b44cf4615f7c14453b7ddd8 * {\n  vertical-align: middle;\n}\n<\/style><a href=\"\/tr\/yerellestirme-hizmetleri\/\" class=\"default-btn-shortcode dt-btn dt-btn-l link-hover-off button-tto-red btn-inline-left  vc_custom_1599599404979\" id=\"default-btn-d2e2563c0b44cf4615f7c14453b7ddd8\" style=\"width:245px;\"><span>Yerelle\u015ftirme Hizmetleri<\/span><\/a>[\/vc_column_inner][vc_column_inner width=&#8221;1\/2&#8243;]<style type=\"text\/css\" data-type=\"the7_shortcodes-inline-css\">.shortcode-single-image-wrap.shortcode-single-image-8fcb7939b502c444d05dee04801f6fc6.enable-bg-rollover .rollover i,\n.shortcode-single-image-wrap.shortcode-single-image-8fcb7939b502c444d05dee04801f6fc6.enable-bg-rollover .rollover-video i {\n  background: ;\n  background: -webkit-linear-gradient();\n  background: linear-gradient();\n}\n.shortcode-single-image-wrap.shortcode-single-image-8fcb7939b502c444d05dee04801f6fc6 .rollover-icon {\n  font-size: 32px;\n  color: #ffffff;\n  min-width: 44px;\n  min-height: 44px;\n  line-height: 44px;\n  border-radius: 100px;\n  border-style: solid;\n  border-width: 0px;\n}\n.dt-icon-bg-on.shortcode-single-image-wrap.shortcode-single-image-8fcb7939b502c444d05dee04801f6fc6 .rollover-icon {\n  background: rgba(255,255,255,0.3);\n  box-shadow: none;\n}\n<\/style><div class=\"shortcode-single-image-wrap shortcode-single-image-8fcb7939b502c444d05dee04801f6fc6 alignnone  enable-bg-rollover dt-icon-bg-off\" style=\"margin-top:0px; margin-bottom:0px; margin-left:0px; margin-right:0px; width:1000px;\"><div class=\"shortcode-single-image\"><div class=\"fancy-media-wrap  layzr-bg\" style=\"border-radius:10px;\"><img loading=\"lazy\" decoding=\"async\" class=\"preload-me lazy-load\" src=\"data:image\/svg+xml,%3Csvg%20xmlns%3D&#39;http%3A%2F%2Fwww.w3.org%2F2000%2Fsvg&#39;%20viewBox%3D&#39;0%200%201000%20700&#39;%2F%3E\" data-src=\"https:\/\/www.turkishtranslationoffice.com\/tr\/wp-content\/uploads\/sites\/1\/2020\/09\/lokalizasyon-hizmetleri-1000x700.jpg\" data-srcset=\"https:\/\/www.turkishtranslationoffice.com\/tr\/wp-content\/uploads\/sites\/1\/2020\/09\/lokalizasyon-hizmetleri-1000x700.jpg 1000w, https:\/\/www.turkishtranslationoffice.com\/tr\/wp-content\/uploads\/sites\/1\/2020\/09\/lokalizasyon-hizmetleri-1600x1120.jpg 1600w\" width=\"1000\" height=\"700\"  data-dt-location=\"https:\/\/www.turkishtranslationoffice.com\/tr\/arapca-tercume\/lokalizasyon-hizmetleri\/\" style=\"border-radius:10px;\" alt=\"Yerelle\u015ftirme Hizmetleri\" \/><\/div><\/div><\/div>[\/vc_column_inner][\/vc_row_inner][\/vc_column][\/vc_row][vc_row equal_height=&#8221;yes&#8221; content_placement=&#8221;top&#8221; bg_type=&#8221;image&#8221; parallax_style=&#8221;vcpb-default&#8221; bg_image_new=&#8221;id^2302|url^https:\/\/www.turkishtranslationoffice.com\/tr\/wp-content\/uploads\/2020\/08\/arka-plan-siyah-beyaz.png|caption^null|alt^null|title^arka-plan-siyah-beyaz|description^null&#8221; bg_override=&#8221;ex-full&#8221; type=&#8221;vc_default&#8221; margin_top=&#8221;5&#8243; margin_bottom=&#8221;10&#8243; css=&#8221;.vc_custom_1599571366042{padding-top: 30px !important;padding-bottom: 50px !important;background-color: #ea524d !important;}&#8221;][vc_column css=&#8221;.vc_custom_1491746299333{padding-bottom: 0px !important;}&#8221;][vc_row_inner equal_height=&#8221;yes&#8221; content_placement=&#8221;top&#8221;][vc_column_inner width=&#8221;1\/2&#8243;]<style type=\"text\/css\" data-type=\"the7_shortcodes-inline-css\">.shortcode-single-image-wrap.shortcode-single-image-9b17dbc7e62cb4506e15c76dfa762d96.enable-bg-rollover .rollover i,\n.shortcode-single-image-wrap.shortcode-single-image-9b17dbc7e62cb4506e15c76dfa762d96.enable-bg-rollover .rollover-video i {\n  background: ;\n  background: -webkit-linear-gradient();\n  background: linear-gradient();\n}\n.shortcode-single-image-wrap.shortcode-single-image-9b17dbc7e62cb4506e15c76dfa762d96 .rollover-icon {\n  font-size: 32px;\n  color: #ffffff;\n  min-width: 44px;\n  min-height: 44px;\n  line-height: 44px;\n  border-radius: 100px;\n  border-style: solid;\n  border-width: 0px;\n}\n.dt-icon-bg-on.shortcode-single-image-wrap.shortcode-single-image-9b17dbc7e62cb4506e15c76dfa762d96 .rollover-icon {\n  background: rgba(255,255,255,0.3);\n  box-shadow: none;\n}\n<\/style><div class=\"shortcode-single-image-wrap shortcode-single-image-9b17dbc7e62cb4506e15c76dfa762d96 alignnone  enable-bg-rollover dt-icon-bg-off\" style=\"margin-top:0px; margin-bottom:0px; margin-left:0px; margin-right:0px; width:1000px;\"><div class=\"shortcode-single-image\"><div class=\"fancy-media-wrap  layzr-bg\" style=\"border-radius:10px;\"><img loading=\"lazy\" decoding=\"async\" class=\"preload-me lazy-load\" src=\"data:image\/svg+xml,%3Csvg%20xmlns%3D&#39;http%3A%2F%2Fwww.w3.org%2F2000%2Fsvg&#39;%20viewBox%3D&#39;0%200%201000%20700&#39;%2F%3E\" data-src=\"https:\/\/www.turkishtranslationoffice.com\/tr\/wp-content\/uploads\/sites\/1\/2020\/09\/sozlu-ceviri-hizmetleri-1000x700.jpg\" data-srcset=\"https:\/\/www.turkishtranslationoffice.com\/tr\/wp-content\/uploads\/sites\/1\/2020\/09\/sozlu-ceviri-hizmetleri-1000x700.jpg 1000w, https:\/\/www.turkishtranslationoffice.com\/tr\/wp-content\/uploads\/sites\/1\/2020\/09\/sozlu-ceviri-hizmetleri-1525x1068.jpg 1525w\" width=\"1000\" height=\"700\"  data-dt-location=\"https:\/\/www.turkishtranslationoffice.com\/tr\/arapca-tercume\/sozlu-ceviri-hizmetleri\/\" style=\"border-radius:10px;\" alt=\"s\u00f6zl\u00fc \u00e7evirmenler\" \/><\/div><\/div><\/div>[\/vc_column_inner][vc_column_inner width=&#8221;1\/2&#8243; css=&#8221;.vc_custom_1596550089277{padding-top: 20px !important;}&#8221;]<div id=\"ultimate-heading-669169e1ba3b78138\" class=\"uvc-heading ult-adjust-bottom-margin ultimate-heading-669169e1ba3b78138 uvc-9404 \" data-hspacer=\"no_spacer\"  data-halign=\"left\" style=\"text-align:left\"><div class=\"uvc-heading-spacer no_spacer\" style=\"top\"><\/div><div class=\"uvc-main-heading ult-responsive\"  data-ultimate-target='.uvc-heading.ultimate-heading-669169e1ba3b78138 h2'  data-responsive-json-new='{\"font-size\":\"desktop:24px;\",\"line-height\":\"desktop:34px;\"}' ><h2 style=\"font-weight:bold;color:#ffffff;margin-bottom:25px;\">Frans\u0131zca S\u00f6zl\u00fc Terc\u00fcme Hizmetleri<\/h2><\/div><\/div>[vc_column_text]<span style=\"color: #ffffff;\">\u00c7ok dilli bir etkinlikte kat\u0131l\u0131mc\u0131lara sorunsuz bir ileti\u015fim ortam\u0131 sunmak etkinli\u011fin ba\u015far\u0131l\u0131 bir \u015fekilde y\u00f6netilmesi i\u00e7in esast\u0131r. Profesyonel ve kaliteli terc\u00fcme hizmeti almak isteyece\u011finiz uluslararas\u0131 bir etkinlik d\u00fczenliyorsan\u0131z T\u00fcrkiye&#8217;de ve d\u00fcnyan\u0131n di\u011fer b\u00f6lgelerinde ana dili Frans\u0131zca olan deneyimli s\u00f6zl\u00fc \u00e7evirmenlerimizle size yard\u0131mc\u0131 olmaya haz\u0131r\u0131z.<\/span><\/p>\n<p><span style=\"color: #ffffff;\">S\u00f6zl\u00fc terc\u00fcme ekipman\u0131 ihtiyac\u0131 olan m\u00fc\u015fterilerimiz i\u00e7inse son teknoloji \u00fcr\u00fcn\u00fc \u00e7eviri kabinlerini, ses sistemlerini ve di\u011fer bile\u015fenleri teknik ekipman kiralama hizmetimizle sa\u011fl\u0131yoruz.<\/span>[\/vc_column_text][vc_column_text css=&#8221;.vc_custom_1599735687946{margin-bottom: 0px !important;padding-bottom: 15px !important;}&#8221;]<\/p>\n<p style=\"margin-top: -10px;\"><span style=\"color: #ffffff;\"><strong>Sundu\u011fumuz s\u00f6zl\u00fc terc\u00fcme hizmetleri:<\/strong><\/span><\/p>\n<p>[\/vc_column_text]<div class=\"standard-arrow bullet-top\"><ul>\n<li><span style=\"color: #ffffff;\"><a style=\"color: #ffffff;\" href=\"\/tr\/simultane-tercume\/\">Simultane \u00e7eviri<\/a><\/span><\/li>\n<li><span style=\"color: #ffffff;\"><a style=\"color: #ffffff;\" href=\"\/tr\/ardil-tercume\/\">Ard\u0131l \u00e7eviri<\/a><\/span><\/li>\n<li><span style=\"color: #ffffff;\"><a style=\"color: #ffffff;\" href=\"\/tr\/fisilti-tercume\/\">F\u0131s\u0131lt\u0131 \u00e7eviri<\/a><\/span><\/li>\n<\/ul>\n<\/div>[\/vc_column_inner][\/vc_row_inner][\/vc_column][\/vc_row]<\/p>\n","protected":false},"excerpt":{"rendered":"<p>[vc_row equal_height=&#8221;yes&#8221; content_placement=&#8221;top&#8221; bg_type=&#8221;image&#8221; parallax_style=&#8221;vcpb-default&#8221; bg_image_new=&#8221;id^4506|url^https:\/\/www.turkishtranslationoffice.com\/tr\/wp-content\/uploads\/2020\/09\/diller.jpg|caption^null|alt^null|title^diller|description^null&#8221; bg_image_repeat=&#8221;no-repeat&#8221; bg_override=&#8221;ex-full&#8221; type=&#8221;vc_default&#8221; margin_top=&#8221;5&#8243; margin_bottom=&#8221;10&#8243; css=&#8221;.vc_custom_1629987123173{padding-top: 2% !important;padding-bottom: 2% !important;}&#8221;][vc_column width=&#8221;1\/2&#8243;][vc_column_text]Yakla\u015f\u0131k 274 milyon ki\u015fi taraf\u0131ndan konu\u015fulan ve o stat\u00fcs\u00fcn\u00fc \u015fu an kaybetmi\u015f olsa da bir zamanlar d\u00fcnyan\u0131n ortak ileti\u015fim dili olan Frans\u0131zca, g\u00fcn\u00fcm\u00fczde hala en yayg\u0131n konu\u015fulan dillerden biridir. Frans\u0131zca, Avrupa Birli\u011fi&#8217;nin yan\u0131 s\u0131ra, Birle\u015fmi\u015f Milletler&#8217;in de resmi dillerinden&hellip;<\/p>\n","protected":false},"author":1,"featured_media":0,"parent":0,"menu_order":10,"comment_status":"closed","ping_status":"closed","template":"","meta":{"footnotes":""},"aioseo_notices":[],"_links":{"self":[{"href":"https:\/\/www.turkishtranslationoffice.com\/tr\/wp-json\/wp\/v2\/pages\/4480"}],"collection":[{"href":"https:\/\/www.turkishtranslationoffice.com\/tr\/wp-json\/wp\/v2\/pages"}],"about":[{"href":"https:\/\/www.turkishtranslationoffice.com\/tr\/wp-json\/wp\/v2\/types\/page"}],"author":[{"embeddable":true,"href":"https:\/\/www.turkishtranslationoffice.com\/tr\/wp-json\/wp\/v2\/users\/1"}],"replies":[{"embeddable":true,"href":"https:\/\/www.turkishtranslationoffice.com\/tr\/wp-json\/wp\/v2\/comments?post=4480"}],"version-history":[{"count":3,"href":"https:\/\/www.turkishtranslationoffice.com\/tr\/wp-json\/wp\/v2\/pages\/4480\/revisions"}],"predecessor-version":[{"id":5654,"href":"https:\/\/www.turkishtranslationoffice.com\/tr\/wp-json\/wp\/v2\/pages\/4480\/revisions\/5654"}],"wp:attachment":[{"href":"https:\/\/www.turkishtranslationoffice.com\/tr\/wp-json\/wp\/v2\/media?parent=4480"}],"curies":[{"name":"wp","href":"https:\/\/api.w.org\/{rel}","templated":true}]}}