{"id":4549,"date":"2020-09-09T14:44:30","date_gmt":"2020-09-09T11:44:30","guid":{"rendered":"https:\/\/www.turkishtranslationoffice.com\/tr\/almanca-tercume-copy\/"},"modified":"2022-02-08T11:21:01","modified_gmt":"2022-02-08T08:21:01","slug":"rusca-tercume","status":"publish","type":"page","link":"https:\/\/www.turkishtranslationoffice.com\/tr\/rusca-tercume\/","title":{"rendered":"Rus\u00e7a Terc\u00fcme"},"content":{"rendered":"<p>[vc_row equal_height=&#8221;yes&#8221; content_placement=&#8221;top&#8221; bg_type=&#8221;image&#8221; parallax_style=&#8221;vcpb-default&#8221; bg_image_new=&#8221;id^4506|url^https:\/\/www.turkishtranslationoffice.com\/tr\/wp-content\/uploads\/2020\/09\/diller.jpg|caption^null|alt^null|title^diller|description^null&#8221; bg_image_repeat=&#8221;no-repeat&#8221; bg_override=&#8221;ex-full&#8221; type=&#8221;vc_default&#8221; margin_top=&#8221;5&#8243; margin_bottom=&#8221;10&#8243; css=&#8221;.vc_custom_1629987366467{padding-top: 2% !important;padding-bottom: 2% !important;}&#8221;][vc_column width=&#8221;1\/2&#8243;]<div id=\"ultimate-heading-882269e001db13591\" class=\"uvc-heading ult-adjust-bottom-margin ultimate-heading-882269e001db13591 uvc-9362 \" data-hspacer=\"no_spacer\"  data-halign=\"left\" style=\"text-align:left\"><div class=\"uvc-heading-spacer no_spacer\" style=\"top\"><\/div><div class=\"uvc-main-heading ult-responsive\"  data-ultimate-target='.uvc-heading.ultimate-heading-882269e001db13591 h1'  data-responsive-json-new='{\"font-size\":\"desktop:28px;\",\"line-height\":\"desktop:34px;\"}' ><h1 style=\"font-weight:bold;color:#ffffff;margin-bottom:25px;\">Rus\u00e7a Terc\u00fcme Hizmetleri<\/h1><\/div><\/div>[vc_column_text]<span style=\"font-size: 18px; color: #ffffff;\">Ana dil olarak d\u00fcnyada en \u00e7ok konu\u015fulan sekizinci dil olan Rus\u00e7a; Rusya Federasyonu, Beyaz Rusya, Kazakistan ve K\u0131rg\u0131zistan&#8217;\u0131n resmi dilidir. \u0130nternette en \u00e7ok kullan\u0131lan dillerden biridir ve uluslararas\u0131 ili\u015fkilerde, i\u015f d\u00fcnyas\u0131ndaki ve siyasetteki ileti\u015fimde \u00f6nemli bir paya sahiptir.<\/span><\/p>\n<p><span style=\"font-size: 18px; color: #ffffff;\">Belgelerinizin, web sitelerinizin veya her t\u00fcrl\u00fc i\u00e7eri\u011finizin \u00e7evrisi i\u00e7in uzman bir <strong>Rus\u00e7a yaz\u0131l\u0131 terc\u00fcme<\/strong> ekibi ar\u0131yorsan\u0131z veya etkinlikleriniz i\u00e7in profesyonel bir <strong>s\u00f6zl\u00fc terc\u00fcmana<\/strong> ihtiyac\u0131n\u0131z varsa <strong>ISO 17100<\/strong> ve <strong>ISO 9001<\/strong> standartlar\u0131nda kaliteli dil hizmetlerimizle size yard\u0131mc\u0131 almaya haz\u0131r\u0131z.<\/span><\/p>\n<p><span style=\"font-size: 18px; color: #ffffff;\">Sorular\u0131n\u0131z i\u00e7in hemen ekibimize ula\u015f\u0131n ve \u00fccretsiz fiyat teklifinizi al\u0131n!<\/span>[\/vc_column_text][vc_row_inner equal_height=&#8221;yes&#8221; content_placement=&#8221;top&#8221;][vc_column_inner css=&#8221;.vc_custom_1644308452149{padding-top: 20px !important;padding-bottom: 32px !important;}&#8221;]<style type=\"text\/css\" data-type=\"the7_shortcodes-inline-css\">#default-btn-272cc41624dc4af2b25e0afc7c84f190.ico-right-side > i {\n  margin-right: 0px;\n  margin-left: 8px;\n}\n#default-btn-272cc41624dc4af2b25e0afc7c84f190 > i {\n  margin-right: 8px;\n}\n#default-btn-272cc41624dc4af2b25e0afc7c84f190 * {\n  vertical-align: middle;\n}\n<\/style><a href=\"\/tr\/fiyat-teklifi-al\/\" class=\"default-btn-shortcode dt-btn dt-btn-l link-hover-off button-tto-grey btn-inline-left  vc_custom_1600861908995\" id=\"default-btn-272cc41624dc4af2b25e0afc7c84f190\" style=\"width:225px;\"><span>Fiyat Hesaplay\u0131n<\/span><\/a><style type=\"text\/css\" data-type=\"the7_shortcodes-inline-css\">#default-btn-43b9cd977f143f7a25191cdcc511b2ed.ico-right-side > i {\n  margin-right: 0px;\n  margin-left: 8px;\n}\n#default-btn-43b9cd977f143f7a25191cdcc511b2ed > i {\n  margin-right: 8px;\n}\n#default-btn-43b9cd977f143f7a25191cdcc511b2ed * {\n  vertical-align: middle;\n}\n<\/style><a href=\"\/tr\/teklif-alin\/\" class=\"default-btn-shortcode dt-btn dt-btn-l link-hover-off button-tto-red btn-inline-left  vc_custom_1600259654678\" id=\"default-btn-43b9cd977f143f7a25191cdcc511b2ed\" style=\"width:225px;\"><span>\u00dccretsiz Teklif Al\u0131n<\/span><\/a>[\/vc_column_inner][\/vc_row_inner][\/vc_column][vc_column width=&#8221;1\/2&#8243;][\/vc_column][\/vc_row][vc_row equal_height=&#8221;yes&#8221; content_placement=&#8221;top&#8221; bg_type=&#8221;image&#8221; parallax_style=&#8221;vcpb-default&#8221; bg_image_new=&#8221;id^2302|url^https:\/\/www.turkishtranslationoffice.com\/tr\/wp-content\/uploads\/2020\/08\/arka-plan-siyah-beyaz.png|caption^null|alt^null|title^arka-plan-siyah-beyaz|description^null&#8221; bg_override=&#8221;ex-full&#8221; type=&#8221;vc_default&#8221; margin_top=&#8221;5&#8243; margin_bottom=&#8221;10&#8243; css=&#8221;.vc_custom_1599653420149{padding-top: 30px !important;padding-bottom: 30px !important;}&#8221;][vc_column css=&#8221;.vc_custom_1491746299333{padding-bottom: 0px !important;}&#8221;][vc_row_inner equal_height=&#8221;yes&#8221; content_placement=&#8221;top&#8221;][vc_column_inner width=&#8221;1\/2&#8243;]<style type=\"text\/css\" data-type=\"the7_shortcodes-inline-css\">.shortcode-single-image-wrap.shortcode-single-image-d66f11c7e936e2731d979ed499b989d0.enable-bg-rollover .rollover i,\n.shortcode-single-image-wrap.shortcode-single-image-d66f11c7e936e2731d979ed499b989d0.enable-bg-rollover .rollover-video i {\n  background: ;\n  background: -webkit-linear-gradient();\n  background: linear-gradient();\n}\n.shortcode-single-image-wrap.shortcode-single-image-d66f11c7e936e2731d979ed499b989d0 .rollover-icon {\n  font-size: 32px;\n  color: #ffffff;\n  min-width: 44px;\n  min-height: 44px;\n  line-height: 44px;\n  border-radius: 100px;\n  border-style: solid;\n  border-width: 0px;\n}\n.dt-icon-bg-on.shortcode-single-image-wrap.shortcode-single-image-d66f11c7e936e2731d979ed499b989d0 .rollover-icon {\n  background: rgba(255,255,255,0.3);\n  box-shadow: none;\n}\n<\/style><div class=\"shortcode-single-image-wrap shortcode-single-image-d66f11c7e936e2731d979ed499b989d0 alignnone  enable-bg-rollover dt-icon-bg-off\" style=\"margin-top:0px; margin-bottom:0px; margin-left:0px; margin-right:0px; width:1000px;\"><div class=\"shortcode-single-image\"><div class=\"fancy-media-wrap  layzr-bg\" style=\"border-radius:10px;\"><img loading=\"lazy\" decoding=\"async\" class=\"preload-me lazy-load\" src=\"data:image\/svg+xml,%3Csvg%20xmlns%3D&#39;http%3A%2F%2Fwww.w3.org%2F2000%2Fsvg&#39;%20viewBox%3D&#39;0%200%201000%20700&#39;%2F%3E\" data-src=\"https:\/\/www.turkishtranslationoffice.com\/tr\/wp-content\/uploads\/sites\/1\/2020\/09\/yuksek-kaliteli-insan-cevirisi-hizmetleri-1000x700.jpg\" data-srcset=\"https:\/\/www.turkishtranslationoffice.com\/tr\/wp-content\/uploads\/sites\/1\/2020\/09\/yuksek-kaliteli-insan-cevirisi-hizmetleri-1000x700.jpg 1000w, https:\/\/www.turkishtranslationoffice.com\/tr\/wp-content\/uploads\/sites\/1\/2020\/09\/yuksek-kaliteli-insan-cevirisi-hizmetleri-1525x1068.jpg 1525w\" width=\"1000\" height=\"700\"  data-dt-location=\"https:\/\/www.turkishtranslationoffice.com\/tr\/ingilizce-tercume\/yuksek-kaliteli-insan-cevirisi-hizmetleri\/\" style=\"border-radius:10px;\" alt=\"Alan\u0131nda uzman terc\u00fcman kadrosu\" \/><\/div><\/div><\/div>[\/vc_column_inner][vc_column_inner width=&#8221;1\/2&#8243; css=&#8221;.vc_custom_1596550089277{padding-top: 20px !important;}&#8221;]<div id=\"ultimate-heading-235169e001db13ee0\" class=\"uvc-heading ult-adjust-bottom-margin ultimate-heading-235169e001db13ee0 uvc-1148 \" data-hspacer=\"no_spacer\"  data-halign=\"left\" style=\"text-align:left\"><div class=\"uvc-heading-spacer no_spacer\" style=\"top\"><\/div><div class=\"uvc-main-heading ult-responsive\"  data-ultimate-target='.uvc-heading.ultimate-heading-235169e001db13ee0 h2'  data-responsive-json-new='{\"font-size\":\"desktop:24px;\",\"line-height\":\"desktop:34px;\"}' ><h2 style=\"font-weight:bold;margin-bottom:25px;\">Kaliteli Rus\u00e7a Terc\u00fcme Hizmetleri<\/h2><\/div><\/div>[vc_column_text]<\/p>\n<p style=\"text-align: left;\">M\u00fc\u015fterilerimizin <strong>Rus\u00e7a &#8211; T\u00fcrk\u00e7e, \u0130ngilizce &#8211; Rus\u00e7a<\/strong> ve di\u011fer dil \u00e7iftlerindeki terc\u00fcme ihtiya\u00e7lar\u0131 i\u00e7in profesyonel ve ana dili Rus\u00e7a olan terc\u00fcmanlarla \u00e7al\u0131\u015f\u0131yoruz ve yaz\u0131l\u0131 terc\u00fcme hizmeti sunuyoruz.<\/p>\n<p>Teslim etti\u011fimiz t\u00fcm \u00e7eviriler, ilgili alanda uzman olan profesyonel <strong>Rus\u00e7a terc\u00fcmanlar<\/strong> taraf\u0131ndan yap\u0131l\u0131yor. Belgenizi Rus\u00e7a konu\u015fulan bir \u00fclkede kullanman\u0131z gerekiyorsa g\u00fcvenilir ve deneyimli bir terc\u00fcme b\u00fcrosu olarak ekibimize g\u00fcvenebilirsiniz.[\/vc_column_text][vc_column_text css=&#8221;.vc_custom_1599834138560{margin-bottom: 0px !important;padding-bottom: 15px !important;}&#8221;]<\/p>\n<p style=\"margin-top: -10px;\"><span style=\"color: #d44133;\"><strong>Alan\u0131nda uzman terc\u00fcman kadromuzla farkl\u0131 sekt\u00f6rden m\u00fc\u015fterilerimize Rus\u00e7a terc\u00fcme hizmeti sa\u011fl\u0131yoruz:<\/strong><\/span><\/p>\n<p>[\/vc_column_text]<div class=\"standard-arrow bullet-top\"><ul>\n<li><a href=\"\/tr\/enerji-tercumesi\/\">Petrol, do\u011fal gaz ve n\u00fckleer enerji end\u00fcstrileri i\u00e7in enerji \u00e7evirileri<\/a><\/li>\n<li><a href=\"\/tr\/savunma-sanayi-guvenlik-tercumesi\/\">Savunma ve havac\u0131l\u0131k<\/a><\/li>\n<li><a href=\"\/tr\/yasam-bilimleri-tercumesi\/\">Medikal<\/a><\/li>\n<li><a href=\"\/tr\/bilgi-teknolojileri-elektronik-tercumesi\/\">Bilgi teknolojileri<\/a><\/li>\n<li><a href=\"\/tr\/otomotiv-tercumesi\/\">Otomotiv<\/a><\/li>\n<li><a href=\"\/tr\/hukuk-tercumesi\/\">Hukuk<\/a><\/li>\n<\/ul>\n<\/div>[\/vc_column_inner][\/vc_row_inner][\/vc_column][\/vc_row][vc_row equal_height=&#8221;yes&#8221; content_placement=&#8221;top&#8221; bg_type=&#8221;image&#8221; parallax_style=&#8221;vcpb-hz-jquery&#8221; bg_image_new=&#8221;id^1611|url^https:\/\/www.turkishtranslationoffice.com\/tr\/wp-content\/uploads\/2016\/02\/bg-mem.png|caption^null|alt^null|title^bg-mem|description^null&#8221; bg_override=&#8221;ex-full&#8221; type=&#8221;vc_default&#8221; margin_top=&#8221;5&#8243; margin_bottom=&#8221;10&#8243; css=&#8221;.vc_custom_1599578606546{padding-top: 30px !important;padding-bottom: 30px !important;background-color: #f4f4f4 !important;}&#8221;][vc_column width=&#8221;1\/2&#8243;]<div id=\"ultimate-heading-335369e001db13f3b\" class=\"uvc-heading ult-adjust-bottom-margin ultimate-heading-335369e001db13f3b uvc-7430 \" data-hspacer=\"no_spacer\"  data-halign=\"left\" style=\"text-align:left\"><div class=\"uvc-heading-spacer no_spacer\" style=\"top\"><\/div><div class=\"uvc-main-heading ult-responsive\"  data-ultimate-target='.uvc-heading.ultimate-heading-335369e001db13f3b h2'  data-responsive-json-new='{\"font-size\":\"desktop:24px;\",\"line-height\":\"desktop:34px;\"}' ><h2 style=\"font-weight:bold;margin-bottom:25px;\">Rus\u00e7a Noter Onayl\u0131 ve Yeminli Terc\u00fcme Hizmetleri<\/h2><\/div><\/div>[vc_column_text]Farkl\u0131 uzmanl\u0131k alanlar\u0131 i\u00e7in deneyimli ve profesyonel <strong>terc\u00fcmanlar\u0131m\u0131z<\/strong> ile <strong>yeminli Rus\u00e7a terc\u00fcme<\/strong> hizmetleri veriyoruz. Vize veya \u00e7al\u0131\u015fma izni ba\u015fvurunuzda kullanaca\u011f\u0131n\u0131z ki\u015fisel bir belge veya Rus\u00e7a konu\u015fulan bir \u00fclkede kullan\u0131lacak bir s\u00f6zle\u015fme i\u00e7in Rus\u00e7a noter yeminli terc\u00fcme hizmetlerimizden faydalanabilirsiniz. Belgelerinizi Rus\u00e7a terc\u00fcmanlar\u0131m\u0131zla hatas\u0131z ve eksiksiz bir \u015fekilde terc\u00fcme ederek t\u00fcm noter tasdiki i\u015flemlerini sizin i\u00e7in takip ediyoruz. \u0130\u015flemlerin ard\u0131ndan onayl\u0131 terc\u00fcmeyi belirtti\u011finiz adrese iletiyoruz.[\/vc_column_text][vc_column_text css=&#8221;.vc_custom_1599834842135{margin-bottom: 0px !important;padding-bottom: 15px !important;}&#8221;]<\/p>\n<p style=\"margin-top: -10px;\"><span style=\"color: #d44133;\"><strong>Rus\u00e7a yeminli terc\u00fcme hizmetlerimiz kapsam\u0131nda en \u00e7ok \u00e7eviri talebi ald\u0131\u011f\u0131m\u0131z belge t\u00fcrlerinden baz\u0131lar\u0131:<\/strong><\/span><\/p>\n<p>[\/vc_column_text][vc_row_inner equal_height=&#8221;yes&#8221; content_placement=&#8221;top&#8221;][vc_column_inner]<div class=\"standard-arrow bullet-top\"><ul>\n<li>Pasaportlar, kimlikler, diplomalar, s\u00fcr\u00fcc\u00fc belgeleri<\/li>\n<li>S\u00f6zle\u015fmeler<\/li>\n<li>Mahkeme evraklar\u0131 ve dilek\u00e7eler<\/li>\n<li>Vekaletname<\/li>\n<li>\u0130kamet belgeleri ve evlilik c\u00fczdanlar\u0131<\/li>\n<li>G\u00f6\u00e7menlik hizmetlerine ili\u015fkin di\u011fer belgeler<\/li>\n<\/ul>\n<\/div>[\/vc_column_inner][\/vc_row_inner][\/vc_column][vc_column width=&#8221;1\/2&#8243;]<style type=\"text\/css\" data-type=\"the7_shortcodes-inline-css\">.shortcode-single-image-wrap.shortcode-single-image-08edec176fa4164d7c1a2944a5bd5742.enable-bg-rollover .rollover i,\n.shortcode-single-image-wrap.shortcode-single-image-08edec176fa4164d7c1a2944a5bd5742.enable-bg-rollover .rollover-video i {\n  background: ;\n  background: -webkit-linear-gradient();\n  background: linear-gradient();\n}\n.shortcode-single-image-wrap.shortcode-single-image-08edec176fa4164d7c1a2944a5bd5742 .rollover-icon {\n  font-size: 32px;\n  color: #ffffff;\n  min-width: 44px;\n  min-height: 44px;\n  line-height: 44px;\n  border-radius: 100px;\n  border-style: solid;\n  border-width: 0px;\n}\n.dt-icon-bg-on.shortcode-single-image-wrap.shortcode-single-image-08edec176fa4164d7c1a2944a5bd5742 .rollover-icon {\n  background: rgba(255,255,255,0.3);\n  box-shadow: none;\n}\n<\/style><div class=\"shortcode-single-image-wrap shortcode-single-image-08edec176fa4164d7c1a2944a5bd5742 alignnone  enable-bg-rollover dt-icon-bg-off\" style=\"margin-top:0px; margin-bottom:0px; margin-left:0px; margin-right:0px; width:1000px;\"><div class=\"shortcode-single-image\"><div class=\"fancy-media-wrap  layzr-bg\" style=\"border-radius:10px;\"><img loading=\"lazy\" decoding=\"async\" class=\"preload-me lazy-load\" src=\"data:image\/svg+xml,%3Csvg%20xmlns%3D&#39;http%3A%2F%2Fwww.w3.org%2F2000%2Fsvg&#39;%20viewBox%3D&#39;0%200%201000%20700&#39;%2F%3E\" data-src=\"https:\/\/www.turkishtranslationoffice.com\/tr\/wp-content\/uploads\/sites\/1\/2020\/09\/noter-onayli-tercume-1000x700.jpg\" data-srcset=\"https:\/\/www.turkishtranslationoffice.com\/tr\/wp-content\/uploads\/sites\/1\/2020\/09\/noter-onayli-tercume-1000x700.jpg 1000w, https:\/\/www.turkishtranslationoffice.com\/tr\/wp-content\/uploads\/sites\/1\/2020\/09\/noter-onayli-tercume-1461x1023.jpg 1461w\" width=\"1000\" height=\"700\"  data-dt-location=\"https:\/\/www.turkishtranslationoffice.com\/tr\/farsca-tercume\/noter-onayli-tercume-3\/\" style=\"border-radius:10px;\" alt=\"Noter Onayl\u0131 Terc\u00fcme Hizmetleri\" \/><\/div><\/div><\/div>[\/vc_column][\/vc_row][vc_row equal_height=&#8221;yes&#8221; content_placement=&#8221;top&#8221; bg_type=&#8221;image&#8221; parallax_style=&#8221;vcpb-default&#8221; bg_image_new=&#8221;id^2302|url^https:\/\/www.turkishtranslationoffice.com\/tr\/wp-content\/uploads\/2020\/08\/arka-plan-siyah-beyaz.png|caption^null|alt^null|title^arka-plan-siyah-beyaz|description^null&#8221; bg_override=&#8221;ex-full&#8221; type=&#8221;vc_default&#8221; margin_top=&#8221;5&#8243; margin_bottom=&#8221;10&#8243; css=&#8221;.vc_custom_1599580450673{padding-top: 30px !important;padding-bottom: 50px !important;background-color: #b6dce7 !important;}&#8221;][vc_column css=&#8221;.vc_custom_1491746299333{padding-bottom: 0px !important;}&#8221;][vc_row_inner equal_height=&#8221;yes&#8221; content_placement=&#8221;top&#8221;][vc_column_inner width=&#8221;1\/2&#8243;]<style type=\"text\/css\" data-type=\"the7_shortcodes-inline-css\">.shortcode-single-image-wrap.shortcode-single-image-9b17dbc7e62cb4506e15c76dfa762d96.enable-bg-rollover .rollover i,\n.shortcode-single-image-wrap.shortcode-single-image-9b17dbc7e62cb4506e15c76dfa762d96.enable-bg-rollover .rollover-video i {\n  background: ;\n  background: -webkit-linear-gradient();\n  background: linear-gradient();\n}\n.shortcode-single-image-wrap.shortcode-single-image-9b17dbc7e62cb4506e15c76dfa762d96 .rollover-icon {\n  font-size: 32px;\n  color: #ffffff;\n  min-width: 44px;\n  min-height: 44px;\n  line-height: 44px;\n  border-radius: 100px;\n  border-style: solid;\n  border-width: 0px;\n}\n.dt-icon-bg-on.shortcode-single-image-wrap.shortcode-single-image-9b17dbc7e62cb4506e15c76dfa762d96 .rollover-icon {\n  background: rgba(255,255,255,0.3);\n  box-shadow: none;\n}\n<\/style><div class=\"shortcode-single-image-wrap shortcode-single-image-9b17dbc7e62cb4506e15c76dfa762d96 alignnone  enable-bg-rollover dt-icon-bg-off\" style=\"margin-top:0px; margin-bottom:0px; margin-left:0px; margin-right:0px; width:1000px;\"><div class=\"shortcode-single-image\"><div class=\"fancy-media-wrap  layzr-bg\" style=\"border-radius:10px;\"><img loading=\"lazy\" decoding=\"async\" class=\"preload-me lazy-load\" src=\"data:image\/svg+xml,%3Csvg%20xmlns%3D&#39;http%3A%2F%2Fwww.w3.org%2F2000%2Fsvg&#39;%20viewBox%3D&#39;0%200%201000%20700&#39;%2F%3E\" data-src=\"https:\/\/www.turkishtranslationoffice.com\/tr\/wp-content\/uploads\/sites\/1\/2020\/09\/sozlu-ceviri-hizmetleri-1000x700.jpg\" data-srcset=\"https:\/\/www.turkishtranslationoffice.com\/tr\/wp-content\/uploads\/sites\/1\/2020\/09\/sozlu-ceviri-hizmetleri-1000x700.jpg 1000w, https:\/\/www.turkishtranslationoffice.com\/tr\/wp-content\/uploads\/sites\/1\/2020\/09\/sozlu-ceviri-hizmetleri-1525x1068.jpg 1525w\" width=\"1000\" height=\"700\"  data-dt-location=\"https:\/\/www.turkishtranslationoffice.com\/tr\/arapca-tercume\/sozlu-ceviri-hizmetleri\/\" style=\"border-radius:10px;\" alt=\"s\u00f6zl\u00fc \u00e7evirmenler\" \/><\/div><\/div><\/div>[\/vc_column_inner][vc_column_inner width=&#8221;1\/2&#8243; css=&#8221;.vc_custom_1596550089277{padding-top: 20px !important;}&#8221;]<div id=\"ultimate-heading-762969e001db14669\" class=\"uvc-heading ult-adjust-bottom-margin ultimate-heading-762969e001db14669 uvc-2500 \" data-hspacer=\"no_spacer\"  data-halign=\"left\" style=\"text-align:left\"><div class=\"uvc-heading-spacer no_spacer\" style=\"top\"><\/div><div class=\"uvc-main-heading ult-responsive\"  data-ultimate-target='.uvc-heading.ultimate-heading-762969e001db14669 h2'  data-responsive-json-new='{\"font-size\":\"desktop:24px;\",\"line-height\":\"desktop:34px;\"}' ><h2 style=\"font-weight:bold;margin-bottom:25px;\">Rus\u00e7a S\u00f6zl\u00fc Terc\u00fcme Hizmetleri<\/h2><\/div><\/div>[vc_column_text]Konu\u015fmas\u0131n\u0131 Rus\u00e7a yapacak bir konu\u015fmac\u0131n\u0131n kat\u0131laca\u011f\u0131 veya <strong>Rus\u00e7a dilinde s\u00f6zl\u00fc \u00e7eviriye <\/strong>ihtiya\u00e7 duyan kat\u0131l\u0131mc\u0131lar\u0131n yer alaca\u011f\u0131 bir etkinlik d\u00fczenliyorsan\u0131z ve profesyonel Rus\u00e7a s\u00f6zl\u00fc terc\u00fcmanlar ar\u0131yorsan\u0131z uluslararas\u0131 etkinliklere, seminerlere, \u00e7ok dilli \u015firket i\u00e7i toplant\u0131lar\u0131n\u0131za y\u00f6nelik terc\u00fcme ihtiya\u00e7lar\u0131n\u0131z i\u00e7in bize g\u00fcvenebilirsiniz. Ana dili Rus\u00e7a olan ve d\u00fczenledi\u011finiz etkinli\u011fin uzmanl\u0131k alan\u0131nda deneyimli <strong>konferans terc\u00fcmanlar\u0131 <\/strong>ile \u00e7al\u0131\u015f\u0131yoruz.<\/p>\n<p><strong>Rus\u00e7a &#8211; T\u00fcrk\u00e7e, Rus\u00e7a &#8211; \u0130ngilizce<\/strong> ve daha pek \u00e7ok dil \u00e7iftindeki <a href=\"\/tr\/simultane-tercume\/\">simultane<\/a> ve <a href=\"\/tr\/ardil-tercume\/\">ard\u0131l terc\u00fcme<\/a> ihtiya\u00e7lar\u0131n\u0131z i\u00e7in bizimle ileti\u015fime ge\u00e7ebilirsiniz.[\/vc_column_text][\/vc_column_inner][\/vc_row_inner][\/vc_column][\/vc_row][vc_row equal_height=&#8221;yes&#8221; content_placement=&#8221;top&#8221; bg_type=&#8221;image&#8221; parallax_style=&#8221;vcpb-hz-jquery&#8221; bg_image_new=&#8221;id^1611|url^https:\/\/www.turkishtranslationoffice.com\/tr\/wp-content\/uploads\/2016\/02\/bg-mem.png|caption^null|alt^null|title^bg-mem|description^null&#8221; bg_override=&#8221;ex-full&#8221; type=&#8221;vc_default&#8221; margin_top=&#8221;5&#8243; margin_bottom=&#8221;10&#8243; css=&#8221;.vc_custom_1599564686245{padding-top: 30px !important;padding-bottom: 50px !important;background-color: #f4f4f4 !important;}&#8221;][vc_column css=&#8221;.vc_custom_1491746299333{padding-bottom: 0px !important;}&#8221;][vc_row_inner equal_height=&#8221;yes&#8221; content_placement=&#8221;top&#8221;][vc_column_inner width=&#8221;1\/2&#8243; css=&#8221;.vc_custom_1596550089277{padding-top: 20px !important;}&#8221;]<div id=\"ultimate-heading-56569e001db14685\" class=\"uvc-heading ult-adjust-bottom-margin ultimate-heading-56569e001db14685 uvc-4197 \" data-hspacer=\"no_spacer\"  data-halign=\"left\" style=\"text-align:left\"><div class=\"uvc-heading-spacer no_spacer\" style=\"top\"><\/div><div class=\"uvc-main-heading ult-responsive\"  data-ultimate-target='.uvc-heading.ultimate-heading-56569e001db14685 h2'  data-responsive-json-new='{\"font-size\":\"desktop:24px;\",\"line-height\":\"desktop:34px;\"}' ><h2 style=\"font-weight:bold;margin-bottom:25px;\">Rus\u00e7a Yerelle\u015ftirme Hizmetleri<\/h2><\/div><\/div>[vc_column_text]Yeni pazarlara a\u00e7\u0131lmay\u0131 planl\u0131yorsan\u0131z ve hizmetlerinizi veya \u00fcr\u00fcnlerinizi Rus\u00e7a konu\u015fulan bir pazarda sunmak istiyorsan\u0131z yerel t\u00fcketicilere ula\u015fman\u0131n ve dolay\u0131s\u0131yla sat\u0131\u015flar\u0131n\u0131z\u0131 artt\u0131rman\u0131n en iyi yolu sat\u0131n alma davran\u0131\u015flar\u0131n\u0131 ve tercihlerini de g\u00f6z \u00f6n\u00fcnde bulundurarak m\u00fc\u015fterilerinize ana dillerinde hitap etmektir. Yerelle\u015ftirme tam da bu noktada yerel t\u00fcketicilerin beklentilerini kar\u015f\u0131layan bir \u00fcr\u00fcn geli\u015ftirilmesinde ekibinize yard\u0131mc\u0131 olur.<\/p>\n<p>Uluslararas\u0131 alanda faaliyet g\u00f6steren bir\u00e7ok b\u00fcy\u00fck \u015firketin yerelle\u015ftirme hizmeti sa\u011flay\u0131c\u0131s\u0131 olarak yaz\u0131l\u0131m aray\u00fczleri, mobil uygulamalar\u0131, web siteleri, pazarlama metinleri ve belgeleri i\u00e7in <strong>Rus\u00e7a yerelle\u015ftirme hizmetleri<\/strong> sunuyoruz ve i\u00e7eriklerini amac\u0131na uygun \u015fekilde terc\u00fcme ediyoruz.[\/vc_column_text][\/vc_column_inner][vc_column_inner width=&#8221;1\/2&#8243;]<style type=\"text\/css\" data-type=\"the7_shortcodes-inline-css\">.shortcode-single-image-wrap.shortcode-single-image-8fcb7939b502c444d05dee04801f6fc6.enable-bg-rollover .rollover i,\n.shortcode-single-image-wrap.shortcode-single-image-8fcb7939b502c444d05dee04801f6fc6.enable-bg-rollover .rollover-video i {\n  background: ;\n  background: -webkit-linear-gradient();\n  background: linear-gradient();\n}\n.shortcode-single-image-wrap.shortcode-single-image-8fcb7939b502c444d05dee04801f6fc6 .rollover-icon {\n  font-size: 32px;\n  color: #ffffff;\n  min-width: 44px;\n  min-height: 44px;\n  line-height: 44px;\n  border-radius: 100px;\n  border-style: solid;\n  border-width: 0px;\n}\n.dt-icon-bg-on.shortcode-single-image-wrap.shortcode-single-image-8fcb7939b502c444d05dee04801f6fc6 .rollover-icon {\n  background: rgba(255,255,255,0.3);\n  box-shadow: none;\n}\n<\/style><div class=\"shortcode-single-image-wrap shortcode-single-image-8fcb7939b502c444d05dee04801f6fc6 alignnone  enable-bg-rollover dt-icon-bg-off\" style=\"margin-top:0px; margin-bottom:0px; margin-left:0px; margin-right:0px; width:1000px;\"><div class=\"shortcode-single-image\"><div class=\"fancy-media-wrap  layzr-bg\" style=\"border-radius:10px;\"><img loading=\"lazy\" decoding=\"async\" class=\"preload-me lazy-load\" src=\"data:image\/svg+xml,%3Csvg%20xmlns%3D&#39;http%3A%2F%2Fwww.w3.org%2F2000%2Fsvg&#39;%20viewBox%3D&#39;0%200%201000%20700&#39;%2F%3E\" data-src=\"https:\/\/www.turkishtranslationoffice.com\/tr\/wp-content\/uploads\/sites\/1\/2020\/09\/lokalizasyon-hizmetleri-1000x700.jpg\" data-srcset=\"https:\/\/www.turkishtranslationoffice.com\/tr\/wp-content\/uploads\/sites\/1\/2020\/09\/lokalizasyon-hizmetleri-1000x700.jpg 1000w, https:\/\/www.turkishtranslationoffice.com\/tr\/wp-content\/uploads\/sites\/1\/2020\/09\/lokalizasyon-hizmetleri-1600x1120.jpg 1600w\" width=\"1000\" height=\"700\"  data-dt-location=\"https:\/\/www.turkishtranslationoffice.com\/tr\/arapca-tercume\/lokalizasyon-hizmetleri\/\" style=\"border-radius:10px;\" alt=\"Yerelle\u015ftirme Hizmetleri\" \/><\/div><\/div><\/div>[\/vc_column_inner][\/vc_row_inner][\/vc_column][\/vc_row]<\/p>\n","protected":false},"excerpt":{"rendered":"<p>[vc_row equal_height=&#8221;yes&#8221; content_placement=&#8221;top&#8221; bg_type=&#8221;image&#8221; parallax_style=&#8221;vcpb-default&#8221; bg_image_new=&#8221;id^4506|url^https:\/\/www.turkishtranslationoffice.com\/tr\/wp-content\/uploads\/2020\/09\/diller.jpg|caption^null|alt^null|title^diller|description^null&#8221; bg_image_repeat=&#8221;no-repeat&#8221; bg_override=&#8221;ex-full&#8221; type=&#8221;vc_default&#8221; margin_top=&#8221;5&#8243; margin_bottom=&#8221;10&#8243; css=&#8221;.vc_custom_1629987366467{padding-top: 2% !important;padding-bottom: 2% !important;}&#8221;][vc_column width=&#8221;1\/2&#8243;][vc_column_text]Ana dil olarak d\u00fcnyada en \u00e7ok konu\u015fulan sekizinci dil olan Rus\u00e7a; Rusya Federasyonu, Beyaz Rusya, Kazakistan ve K\u0131rg\u0131zistan&#8217;\u0131n resmi dilidir. \u0130nternette en \u00e7ok kullan\u0131lan dillerden biridir ve uluslararas\u0131 ili\u015fkilerde, i\u015f d\u00fcnyas\u0131ndaki ve siyasetteki ileti\u015fimde \u00f6nemli bir paya sahiptir. Belgelerinizin,&hellip;<\/p>\n","protected":false},"author":1,"featured_media":0,"parent":0,"menu_order":10,"comment_status":"closed","ping_status":"closed","template":"","meta":{"footnotes":""},"aioseo_notices":[],"_links":{"self":[{"href":"https:\/\/www.turkishtranslationoffice.com\/tr\/wp-json\/wp\/v2\/pages\/4549"}],"collection":[{"href":"https:\/\/www.turkishtranslationoffice.com\/tr\/wp-json\/wp\/v2\/pages"}],"about":[{"href":"https:\/\/www.turkishtranslationoffice.com\/tr\/wp-json\/wp\/v2\/types\/page"}],"author":[{"embeddable":true,"href":"https:\/\/www.turkishtranslationoffice.com\/tr\/wp-json\/wp\/v2\/users\/1"}],"replies":[{"embeddable":true,"href":"https:\/\/www.turkishtranslationoffice.com\/tr\/wp-json\/wp\/v2\/comments?post=4549"}],"version-history":[{"count":3,"href":"https:\/\/www.turkishtranslationoffice.com\/tr\/wp-json\/wp\/v2\/pages\/4549\/revisions"}],"predecessor-version":[{"id":5699,"href":"https:\/\/www.turkishtranslationoffice.com\/tr\/wp-json\/wp\/v2\/pages\/4549\/revisions\/5699"}],"wp:attachment":[{"href":"https:\/\/www.turkishtranslationoffice.com\/tr\/wp-json\/wp\/v2\/media?parent=4549"}],"curies":[{"name":"wp","href":"https:\/\/api.w.org\/{rel}","templated":true}]}}