{"id":4562,"date":"2020-09-09T15:11:46","date_gmt":"2020-09-09T12:11:46","guid":{"rendered":"https:\/\/www.turkishtranslationoffice.com\/tr\/almanca-tercume-copy\/"},"modified":"2022-02-08T11:09:09","modified_gmt":"2022-02-08T08:09:09","slug":"ispanyolca-tercume","status":"publish","type":"page","link":"https:\/\/www.turkishtranslationoffice.com\/tr\/ispanyolca-tercume\/","title":{"rendered":"\u0130spanyolca Terc\u00fcme"},"content":{"rendered":"<p>[vc_row equal_height=&#8221;yes&#8221; content_placement=&#8221;top&#8221; bg_type=&#8221;image&#8221; parallax_style=&#8221;vcpb-default&#8221; bg_image_new=&#8221;id^4506|url^https:\/\/www.turkishtranslationoffice.com\/tr\/wp-content\/uploads\/2020\/09\/diller.jpg|caption^null|alt^null|title^diller|description^null&#8221; bg_image_repeat=&#8221;no-repeat&#8221; bg_override=&#8221;ex-full&#8221; type=&#8221;vc_default&#8221; margin_top=&#8221;5&#8243; margin_bottom=&#8221;10&#8243; css=&#8221;.vc_custom_1629987215368{padding-top: 2% !important;padding-bottom: 2% !important;}&#8221;][vc_column width=&#8221;1\/2&#8243;]<div id=\"ultimate-heading-755969fdfbe9e9370\" class=\"uvc-heading ult-adjust-bottom-margin ultimate-heading-755969fdfbe9e9370 uvc-4761 \" data-hspacer=\"no_spacer\"  data-halign=\"left\" style=\"text-align:left\"><div class=\"uvc-heading-spacer no_spacer\" style=\"top\"><\/div><div class=\"uvc-main-heading ult-responsive\"  data-ultimate-target='.uvc-heading.ultimate-heading-755969fdfbe9e9370 h1'  data-responsive-json-new='{\"font-size\":\"desktop:28px;\",\"line-height\":\"desktop:34px;\"}' ><h1 style=\"font-weight:bold;color:#ffffff;margin-bottom:25px;\">\u0130spanyolca Yaz\u0131l\u0131 ve S\u00f6zl\u00fc Terc\u00fcme Hizmetleri<\/h1><\/div><\/div>[vc_column_text]<span style=\"font-size: 18px; color: #ffffff;\">B\u00fcy\u00fck \u00e7o\u011funlu\u011fu \u0130spanya ve Amerika k\u0131tas\u0131ndan olmak \u00fczere 483 milyondan fazla ki\u015fi taraf\u0131ndan konu\u015fulan \u0130spanyolca, d\u00fcnyan\u0131n en \u00e7ok konu\u015fulan ikinci ana dilidir.<\/span><\/p>\n<p><span style=\"font-size: 18px; color: #ffffff;\">D\u00fcnya n\u00fcfusunun b\u00fcy\u00fck bir b\u00f6l\u00fcm\u00fc taraf\u0131ndan konu\u015fulan \u0130spanyolca, en \u00e7ok terc\u00fcme edilen dillerden de biridir. Bu ihtiyaca y\u00f6nelik olarak deneyimli ve uzman \u0130spanyolca terc\u00fcmanlarla \u00e7al\u0131\u015f\u0131yoruz ve <strong>\u0130spanyolca &#8211; \u0130ngilizce, \u0130spanyolca &#8211; T\u00fcrk\u00e7e, \u0130spanyolca &#8211; Almanca<\/strong> ve daha bir\u00e7ok dil \u00e7ifti i\u00e7in yaz\u0131l\u0131 ve s\u00f6zl\u00fc terc\u00fcme hizmetleri sunuyoruz.<\/span><\/p>\n<p><span style=\"font-size: 18px; color: #ffffff;\">Hizmetlerimiz hakk\u0131nda daha fazla bilgi edinmek veya \u00fccretsiz teklif almak i\u00e7in bizimle ileti\u015fime ge\u00e7in!<\/span>[\/vc_column_text][vc_row_inner equal_height=&#8221;yes&#8221; content_placement=&#8221;top&#8221;][vc_column_inner css=&#8221;.vc_custom_1644307741815{padding-top: 20px !important;padding-bottom: 32px !important;}&#8221;]<style type=\"text\/css\" data-type=\"the7_shortcodes-inline-css\">#default-btn-9c9102e3faa618cc880b3303b46bf6f4.ico-right-side > i {\n  margin-right: 0px;\n  margin-left: 8px;\n}\n#default-btn-9c9102e3faa618cc880b3303b46bf6f4 > i {\n  margin-right: 8px;\n}\n#default-btn-9c9102e3faa618cc880b3303b46bf6f4 * {\n  vertical-align: middle;\n}\n<\/style><a href=\"\/tr\/fiyat-teklifi-al\/\" class=\"default-btn-shortcode dt-btn dt-btn-l link-hover-off button-tto-grey btn-inline-left  vc_custom_1600861882118\" id=\"default-btn-9c9102e3faa618cc880b3303b46bf6f4\" style=\"width:225px;\"><span>Fiyat Hesaplay\u0131n<\/span><\/a><style type=\"text\/css\" data-type=\"the7_shortcodes-inline-css\">#default-btn-4f6a3141abc67e3241de211e0e5f51cd.ico-right-side > i {\n  margin-right: 0px;\n  margin-left: 8px;\n}\n#default-btn-4f6a3141abc67e3241de211e0e5f51cd > i {\n  margin-right: 8px;\n}\n#default-btn-4f6a3141abc67e3241de211e0e5f51cd * {\n  vertical-align: middle;\n}\n<\/style><a href=\"\/tr\/teklif-alin\/\" class=\"default-btn-shortcode dt-btn dt-btn-l link-hover-off button-tto-red btn-inline-left  vc_custom_1600259568811\" id=\"default-btn-4f6a3141abc67e3241de211e0e5f51cd\" style=\"width:225px;\"><span>\u00dccretsiz Teklif Al\u0131n<\/span><\/a>[\/vc_column_inner][\/vc_row_inner][\/vc_column][vc_column width=&#8221;1\/2&#8243;][\/vc_column][\/vc_row][vc_row equal_height=&#8221;yes&#8221; content_placement=&#8221;top&#8221; bg_type=&#8221;image&#8221; parallax_style=&#8221;vcpb-default&#8221; bg_image_new=&#8221;id^2302|url^https:\/\/www.turkishtranslationoffice.com\/tr\/wp-content\/uploads\/2020\/08\/arka-plan-siyah-beyaz.png|caption^null|alt^null|title^arka-plan-siyah-beyaz|description^null&#8221; bg_override=&#8221;ex-full&#8221; type=&#8221;vc_default&#8221; margin_top=&#8221;5&#8243; margin_bottom=&#8221;10&#8243; css=&#8221;.vc_custom_1599579541146{padding-top: 30px !important;padding-bottom: 50px !important;background-color: #ea524d !important;}&#8221;][vc_column css=&#8221;.vc_custom_1491746299333{padding-bottom: 0px !important;}&#8221;][vc_row_inner equal_height=&#8221;yes&#8221; content_placement=&#8221;top&#8221;][vc_column_inner width=&#8221;1\/2&#8243;]<style type=\"text\/css\" data-type=\"the7_shortcodes-inline-css\">.shortcode-single-image-wrap.shortcode-single-image-420d737ab7639901d3eaf7770af6cf03.enable-bg-rollover .rollover i,\n.shortcode-single-image-wrap.shortcode-single-image-420d737ab7639901d3eaf7770af6cf03.enable-bg-rollover .rollover-video i {\n  background: ;\n  background: -webkit-linear-gradient();\n  background: linear-gradient();\n}\n.shortcode-single-image-wrap.shortcode-single-image-420d737ab7639901d3eaf7770af6cf03 .rollover-icon {\n  font-size: 32px;\n  color: #ffffff;\n  min-width: 44px;\n  min-height: 44px;\n  line-height: 44px;\n  border-radius: 100px;\n  border-style: solid;\n  border-width: 0px;\n}\n.dt-icon-bg-on.shortcode-single-image-wrap.shortcode-single-image-420d737ab7639901d3eaf7770af6cf03 .rollover-icon {\n  background: rgba(255,255,255,0.3);\n  box-shadow: none;\n}\n<\/style><div class=\"shortcode-single-image-wrap shortcode-single-image-420d737ab7639901d3eaf7770af6cf03 alignnone  enable-bg-rollover dt-icon-bg-off\" style=\"margin-top:0px; margin-bottom:0px; margin-left:0px; margin-right:0px; width:1000px;\"><div class=\"shortcode-single-image\"><div class=\"fancy-media-wrap  layzr-bg\" style=\"border-radius:10px;\"><img loading=\"lazy\" decoding=\"async\" class=\"preload-me lazy-load\" src=\"data:image\/svg+xml,%3Csvg%20xmlns%3D&#39;http%3A%2F%2Fwww.w3.org%2F2000%2Fsvg&#39;%20viewBox%3D&#39;0%200%201000%20700&#39;%2F%3E\" data-src=\"https:\/\/www.turkishtranslationoffice.com\/tr\/wp-content\/uploads\/sites\/1\/2020\/09\/belge-ceviri-hizmetleri-1000x700.jpg\" data-srcset=\"https:\/\/www.turkishtranslationoffice.com\/tr\/wp-content\/uploads\/sites\/1\/2020\/09\/belge-ceviri-hizmetleri-1000x700.jpg 1000w, https:\/\/www.turkishtranslationoffice.com\/tr\/wp-content\/uploads\/sites\/1\/2020\/09\/belge-ceviri-hizmetleri-1525x1068.jpg 1525w\" width=\"1000\" height=\"700\"  data-dt-location=\"https:\/\/www.turkishtranslationoffice.com\/tr\/almanca-tercume\/belge-ceviri-hizmetleri\/\" style=\"border-radius:10px;\" alt=\"Belge Terc\u00fcmesi Hizmetleri\" \/><\/div><\/div><\/div>[\/vc_column_inner][vc_column_inner width=&#8221;1\/2&#8243; css=&#8221;.vc_custom_1596550089277{padding-top: 20px !important;}&#8221;]<div id=\"ultimate-heading-76269fdfbe9ea005\" class=\"uvc-heading ult-adjust-bottom-margin ultimate-heading-76269fdfbe9ea005 uvc-3177 \" data-hspacer=\"no_spacer\"  data-halign=\"left\" style=\"text-align:left\"><div class=\"uvc-heading-spacer no_spacer\" style=\"top\"><\/div><div class=\"uvc-main-heading ult-responsive\"  data-ultimate-target='.uvc-heading.ultimate-heading-76269fdfbe9ea005 h2'  data-responsive-json-new='{\"font-size\":\"desktop:24px;\",\"line-height\":\"desktop:34px;\"}' ><h2 style=\"font-weight:bold;color:#ffffff;margin-bottom:25px;\">\u0130spanyolca Belge \u00c7evirisi ve Noter Yeminli Terc\u00fcme<\/h2><\/div><\/div>[vc_column_text]<\/p>\n<p style=\"text-align: left;\"><span style=\"color: #ffffff;\">Ki\u015fisel belgelerinizin, pazarlama materyallerinizin, ticari belgelerinizin, s\u00f6zle\u015fmelerinizin terc\u00fcmesi i\u00e7in g\u00fcvenilir bir \u0130spanyolca terc\u00fcme b\u00fcrosu ar\u0131yorsan\u0131z ISO standartlar\u0131na uygun hizmet sunan \u015firketimize g\u00fcvenebilirsiniz.<\/span><\/p>\n<p style=\"text-align: left;\"><span style=\"color: #ffffff;\">M\u00fc\u015fterilerimize <strong>noter onayl\u0131 terc\u00fcme,<\/strong> <strong>yeminli terc\u00fcme<\/strong> ve <strong>apostil tasdiki<\/strong> hizmetlerimizle yard\u0131mc\u0131 olmak i\u00e7in <strong>yeminli terc\u00fcmanlarla<\/strong> \u00e7al\u0131\u015f\u0131yoruz.<\/span><\/p>\n<p style=\"text-align: left;\"><span style=\"color: #ffffff;\">Resmi ba\u015fvurular\u0131n\u0131zda kullanaca\u011f\u0131n\u0131z n\u00fcfus c\u00fczdan\u0131, pasaport, diploma, do\u011fum belgesi ve evlilik c\u00fczdan\u0131 veya benzeri belgelerin <strong>noter onayl\u0131 terc\u00fcmesi<\/strong> i\u00e7in hemen ekibimizle ileti\u015fime ge\u00e7in.<\/span><\/p>\n<p>[\/vc_column_text][\/vc_column_inner][\/vc_row_inner][\/vc_column][\/vc_row][vc_row equal_height=&#8221;yes&#8221; content_placement=&#8221;top&#8221; bg_type=&#8221;image&#8221; parallax_style=&#8221;vcpb-hz-jquery&#8221; bg_image_new=&#8221;id^1611|url^https:\/\/www.turkishtranslationoffice.com\/tr\/wp-content\/uploads\/2016\/02\/bg-mem.png|caption^null|alt^null|title^bg-mem|description^null&#8221; bg_override=&#8221;ex-full&#8221; type=&#8221;vc_default&#8221; margin_top=&#8221;5&#8243; margin_bottom=&#8221;10&#8243; css=&#8221;.vc_custom_1599578606546{padding-top: 30px !important;padding-bottom: 30px !important;background-color: #f4f4f4 !important;}&#8221;][vc_column width=&#8221;1\/2&#8243;]<div id=\"ultimate-heading-879269fdfbe9ea037\" class=\"uvc-heading ult-adjust-bottom-margin ultimate-heading-879269fdfbe9ea037 uvc-7173 \" data-hspacer=\"no_spacer\"  data-halign=\"left\" style=\"text-align:left\"><div class=\"uvc-heading-spacer no_spacer\" style=\"top\"><\/div><div class=\"uvc-main-heading ult-responsive\"  data-ultimate-target='.uvc-heading.ultimate-heading-879269fdfbe9ea037 h2'  data-responsive-json-new='{\"font-size\":\"desktop:24px;\",\"line-height\":\"desktop:34px;\"}' ><h2 style=\"font-weight:bold;margin-bottom:25px;\">\u0130spanyolca S\u00f6zl\u00fc Terc\u00fcme Hizmetleri<\/h2><\/div><\/div>[vc_column_text]D\u00fczenledi\u011finiz \u00e7ok dilli bir etkinlikte kat\u0131l\u0131mc\u0131lara sorunsuz bir ileti\u015fim ortam\u0131 sa\u011flamak, o etkinli\u011fin ba\u015far\u0131s\u0131 i\u00e7in olduk\u00e7a \u00f6nemlidir. Uluslararas\u0131 bir konferans d\u00fczenliyorsan\u0131z veya bir doktor randevusu ya da \u015firket i\u00e7i bir i\u015f toplant\u0131s\u0131 i\u00e7in <strong>\u0130spanyolca s\u00f6zl\u00fc terc\u00fcme<\/strong> hizmeti alman\u0131z gerekiyorsa ekibimize g\u00fcvenebilirsiniz.<\/p>\n<p>Sadece profesyonel \u0130spanyolca terc\u00fcmanlarla \u00e7al\u0131\u015farak, m\u00fc\u015fterilerimize \u00e7evrim i\u00e7i toplant\u0131lar\u0131nda ve web seminerlerinde <strong>online<\/strong> <strong>simultane ve ard\u0131l terc\u00fcme <\/strong>hizmetleri de sunuyoruz.<\/p>\n<p>S\u00f6zl\u00fc terc\u00fcme i\u00e7in teknik ekipman ihtiyac\u0131 olan m\u00fc\u015fterilerimize etkinlikleri i\u00e7in kiralayabilecekleri \u015fekilde gerekli t\u00fcm terc\u00fcme ekipman\u0131n\u0131 tedarik ediyoruz.[\/vc_column_text][\/vc_column][vc_column width=&#8221;1\/2&#8243;]<style type=\"text\/css\" data-type=\"the7_shortcodes-inline-css\">.shortcode-single-image-wrap.shortcode-single-image-9b17dbc7e62cb4506e15c76dfa762d96.enable-bg-rollover .rollover i,\n.shortcode-single-image-wrap.shortcode-single-image-9b17dbc7e62cb4506e15c76dfa762d96.enable-bg-rollover .rollover-video i {\n  background: ;\n  background: -webkit-linear-gradient();\n  background: linear-gradient();\n}\n.shortcode-single-image-wrap.shortcode-single-image-9b17dbc7e62cb4506e15c76dfa762d96 .rollover-icon {\n  font-size: 32px;\n  color: #ffffff;\n  min-width: 44px;\n  min-height: 44px;\n  line-height: 44px;\n  border-radius: 100px;\n  border-style: solid;\n  border-width: 0px;\n}\n.dt-icon-bg-on.shortcode-single-image-wrap.shortcode-single-image-9b17dbc7e62cb4506e15c76dfa762d96 .rollover-icon {\n  background: rgba(255,255,255,0.3);\n  box-shadow: none;\n}\n<\/style><div class=\"shortcode-single-image-wrap shortcode-single-image-9b17dbc7e62cb4506e15c76dfa762d96 alignnone  enable-bg-rollover dt-icon-bg-off\" style=\"margin-top:0px; margin-bottom:0px; margin-left:0px; margin-right:0px; width:1000px;\"><div class=\"shortcode-single-image\"><div class=\"fancy-media-wrap  layzr-bg\" style=\"border-radius:10px;\"><img loading=\"lazy\" decoding=\"async\" class=\"preload-me lazy-load\" src=\"data:image\/svg+xml,%3Csvg%20xmlns%3D&#39;http%3A%2F%2Fwww.w3.org%2F2000%2Fsvg&#39;%20viewBox%3D&#39;0%200%201000%20700&#39;%2F%3E\" data-src=\"https:\/\/www.turkishtranslationoffice.com\/tr\/wp-content\/uploads\/sites\/1\/2020\/09\/sozlu-ceviri-hizmetleri-1000x700.jpg\" data-srcset=\"https:\/\/www.turkishtranslationoffice.com\/tr\/wp-content\/uploads\/sites\/1\/2020\/09\/sozlu-ceviri-hizmetleri-1000x700.jpg 1000w, https:\/\/www.turkishtranslationoffice.com\/tr\/wp-content\/uploads\/sites\/1\/2020\/09\/sozlu-ceviri-hizmetleri-1525x1068.jpg 1525w\" width=\"1000\" height=\"700\"  data-dt-location=\"https:\/\/www.turkishtranslationoffice.com\/tr\/arapca-tercume\/sozlu-ceviri-hizmetleri\/\" style=\"border-radius:10px;\" alt=\"s\u00f6zl\u00fc \u00e7evirmenler\" \/><\/div><\/div><\/div>[\/vc_column][\/vc_row][vc_row equal_height=&#8221;yes&#8221; content_placement=&#8221;top&#8221; bg_type=&#8221;image&#8221; parallax_style=&#8221;vcpb-hz-jquery&#8221; bg_image_new=&#8221;id^2302|url^https:\/\/www.turkishtranslationoffice.com\/tr\/wp-content\/uploads\/2020\/08\/arka-plan-siyah-beyaz.png|caption^null|alt^null|title^arka-plan-siyah-beyaz|description^null&#8221; bg_override=&#8221;ex-full&#8221; type=&#8221;vc_default&#8221; margin_top=&#8221;5&#8243; margin_bottom=&#8221;10&#8243; css=&#8221;.vc_custom_1599654043869{padding-top: 30px !important;padding-bottom: 50px !important;background-color: #b6dce7 !important;}&#8221;][vc_column css=&#8221;.vc_custom_1491746299333{padding-bottom: 0px !important;}&#8221;][vc_row_inner equal_height=&#8221;yes&#8221; content_placement=&#8221;top&#8221;][vc_column_inner width=&#8221;1\/2&#8243;]<style type=\"text\/css\" data-type=\"the7_shortcodes-inline-css\">.shortcode-single-image-wrap.shortcode-single-image-8fcb7939b502c444d05dee04801f6fc6.enable-bg-rollover .rollover i,\n.shortcode-single-image-wrap.shortcode-single-image-8fcb7939b502c444d05dee04801f6fc6.enable-bg-rollover .rollover-video i {\n  background: ;\n  background: -webkit-linear-gradient();\n  background: linear-gradient();\n}\n.shortcode-single-image-wrap.shortcode-single-image-8fcb7939b502c444d05dee04801f6fc6 .rollover-icon {\n  font-size: 32px;\n  color: #ffffff;\n  min-width: 44px;\n  min-height: 44px;\n  line-height: 44px;\n  border-radius: 100px;\n  border-style: solid;\n  border-width: 0px;\n}\n.dt-icon-bg-on.shortcode-single-image-wrap.shortcode-single-image-8fcb7939b502c444d05dee04801f6fc6 .rollover-icon {\n  background: rgba(255,255,255,0.3);\n  box-shadow: none;\n}\n<\/style><div class=\"shortcode-single-image-wrap shortcode-single-image-8fcb7939b502c444d05dee04801f6fc6 alignnone  enable-bg-rollover dt-icon-bg-off\" style=\"margin-top:0px; margin-bottom:0px; margin-left:0px; margin-right:0px; width:1000px;\"><div class=\"shortcode-single-image\"><div class=\"fancy-media-wrap  layzr-bg\" style=\"border-radius:10px;\"><img loading=\"lazy\" decoding=\"async\" class=\"preload-me lazy-load\" src=\"data:image\/svg+xml,%3Csvg%20xmlns%3D&#39;http%3A%2F%2Fwww.w3.org%2F2000%2Fsvg&#39;%20viewBox%3D&#39;0%200%201000%20700&#39;%2F%3E\" data-src=\"https:\/\/www.turkishtranslationoffice.com\/tr\/wp-content\/uploads\/sites\/1\/2020\/09\/lokalizasyon-hizmetleri-1000x700.jpg\" data-srcset=\"https:\/\/www.turkishtranslationoffice.com\/tr\/wp-content\/uploads\/sites\/1\/2020\/09\/lokalizasyon-hizmetleri-1000x700.jpg 1000w, https:\/\/www.turkishtranslationoffice.com\/tr\/wp-content\/uploads\/sites\/1\/2020\/09\/lokalizasyon-hizmetleri-1600x1120.jpg 1600w\" width=\"1000\" height=\"700\"  data-dt-location=\"https:\/\/www.turkishtranslationoffice.com\/tr\/arapca-tercume\/lokalizasyon-hizmetleri\/\" style=\"border-radius:10px;\" alt=\"Yerelle\u015ftirme Hizmetleri\" \/><\/div><\/div><\/div>[\/vc_column_inner][vc_column_inner width=&#8221;1\/2&#8243; css=&#8221;.vc_custom_1596550089277{padding-top: 20px !important;}&#8221;]<div id=\"ultimate-heading-521669fdfbe9ea8de\" class=\"uvc-heading ult-adjust-bottom-margin ultimate-heading-521669fdfbe9ea8de uvc-4640 \" data-hspacer=\"no_spacer\"  data-halign=\"left\" style=\"text-align:left\"><div class=\"uvc-heading-spacer no_spacer\" style=\"top\"><\/div><div class=\"uvc-main-heading ult-responsive\"  data-ultimate-target='.uvc-heading.ultimate-heading-521669fdfbe9ea8de h2'  data-responsive-json-new='{\"font-size\":\"desktop:24px;\",\"line-height\":\"desktop:34px;\"}' ><h2 style=\"font-weight:bold;margin-bottom:25px;\">\u0130spanyolca Yerelle\u015ftirme Hizmetleri<\/h2><\/div><\/div>[vc_column_text]\u00dcr\u00fcn veya hizmetlerinizi hedefledi\u011finiz yerel pazar\u0131n ana dilinde sunmak, ba\u015far\u0131l\u0131 bir pazarlama plan\u0131 olu\u015fturman\u0131n temel unsurlar\u0131ndan biridir.<\/p>\n<p>\u0130spanyolca konu\u015fulan bir \u00fclkede pazar pay\u0131 kazanmak istiyorsan\u0131z ve yerelle\u015ftirme i\u015flemi bu stratejinin ana bile\u015fenlerinden biriyse <strong>\u0130spanyolca yerelle\u015ftirme hizmetlerimizden<\/strong> yararlanabilirsiniz.<\/p>\n<p>Ana dili \u0130spanyolca olan <strong>yerelle\u015ftirme uzmanlar\u0131yla<\/strong> \u00e7al\u0131\u015farak m\u00fc\u015fterilerimizin hedefledi\u011fi yerel pazarda konu\u015fulan \u0130spanyolcaya uygun hizmet almas\u0131n\u0131 sa\u011fl\u0131yoruz. \u00dcr\u00fcnlerinizi \u0130spanya, Meksika, Arjantin, Avrupa ve Amerika&#8217;daki yerel kullan\u0131c\u0131lar\u0131n beklentilerine g\u00f6re terc\u00fcme edecek g\u00fcvenilir bir ortak ar\u0131yorsan\u0131z size biz yard\u0131mc\u0131 olabiliriz.<\/p>\n<p>Yaz\u0131l\u0131m, mobil uygulama, web sitesi ve pazarlama i\u00e7eriklerine y\u00f6nelik kaliteli yerelle\u015ftirme ve terc\u00fcme hizmetleri i\u00e7in bizimle ileti\u015fime ge\u00e7in.[\/vc_column_text][\/vc_column_inner][\/vc_row_inner][\/vc_column][\/vc_row]<\/p>\n","protected":false},"excerpt":{"rendered":"<p>[vc_row equal_height=&#8221;yes&#8221; content_placement=&#8221;top&#8221; bg_type=&#8221;image&#8221; parallax_style=&#8221;vcpb-default&#8221; bg_image_new=&#8221;id^4506|url^https:\/\/www.turkishtranslationoffice.com\/tr\/wp-content\/uploads\/2020\/09\/diller.jpg|caption^null|alt^null|title^diller|description^null&#8221; bg_image_repeat=&#8221;no-repeat&#8221; bg_override=&#8221;ex-full&#8221; type=&#8221;vc_default&#8221; margin_top=&#8221;5&#8243; margin_bottom=&#8221;10&#8243; css=&#8221;.vc_custom_1629987215368{padding-top: 2% !important;padding-bottom: 2% !important;}&#8221;][vc_column width=&#8221;1\/2&#8243;][vc_column_text]B\u00fcy\u00fck \u00e7o\u011funlu\u011fu \u0130spanya ve Amerika k\u0131tas\u0131ndan olmak \u00fczere 483 milyondan fazla ki\u015fi taraf\u0131ndan konu\u015fulan \u0130spanyolca, d\u00fcnyan\u0131n en \u00e7ok konu\u015fulan ikinci ana dilidir. D\u00fcnya n\u00fcfusunun b\u00fcy\u00fck bir b\u00f6l\u00fcm\u00fc taraf\u0131ndan konu\u015fulan \u0130spanyolca, en \u00e7ok terc\u00fcme edilen dillerden de biridir. Bu ihtiyaca&hellip;<\/p>\n","protected":false},"author":1,"featured_media":0,"parent":0,"menu_order":10,"comment_status":"closed","ping_status":"closed","template":"","meta":{"footnotes":""},"aioseo_notices":[],"_links":{"self":[{"href":"https:\/\/www.turkishtranslationoffice.com\/tr\/wp-json\/wp\/v2\/pages\/4562"}],"collection":[{"href":"https:\/\/www.turkishtranslationoffice.com\/tr\/wp-json\/wp\/v2\/pages"}],"about":[{"href":"https:\/\/www.turkishtranslationoffice.com\/tr\/wp-json\/wp\/v2\/types\/page"}],"author":[{"embeddable":true,"href":"https:\/\/www.turkishtranslationoffice.com\/tr\/wp-json\/wp\/v2\/users\/1"}],"replies":[{"embeddable":true,"href":"https:\/\/www.turkishtranslationoffice.com\/tr\/wp-json\/wp\/v2\/comments?post=4562"}],"version-history":[{"count":2,"href":"https:\/\/www.turkishtranslationoffice.com\/tr\/wp-json\/wp\/v2\/pages\/4562\/revisions"}],"predecessor-version":[{"id":5668,"href":"https:\/\/www.turkishtranslationoffice.com\/tr\/wp-json\/wp\/v2\/pages\/4562\/revisions\/5668"}],"wp:attachment":[{"href":"https:\/\/www.turkishtranslationoffice.com\/tr\/wp-json\/wp\/v2\/media?parent=4562"}],"curies":[{"name":"wp","href":"https:\/\/api.w.org\/{rel}","templated":true}]}}